{"id":1033,"date":"2024-06-05T17:36:29","date_gmt":"2024-06-05T09:36:29","guid":{"rendered":"https:\/\/ecmicrophones.com\/?post_type=product&#038;p=1033"},"modified":"2026-03-19T15:25:08","modified_gmt":"2026-03-19T07:25:08","slug":"acoustic-guitar-microphone-capsule-10mm","status":"publish","type":"product","link":"https:\/\/ecmicrophones.com\/fr\/acoustic-guitar-microphone-capsule-10mm\/","title":{"rendered":"Capsule de microphone pour guitare acoustique 10 mm"},"content":{"rendered":"<h2 class=\"text-start\">Sp\u00e9cifications techniques<\/h2>\n<p class=\"text-start\">L'ECM-B1045UL-53 est une capsule de microphone unidirectionnelle compacte de 10 \u00d7 4,5 mm, con\u00e7ue pour la capture audio pr\u00e9cise des micros de guitare et d'autres instruments de musique. Elle est dot\u00e9e d'un diaphragme de haute qualit\u00e9 fabriqu\u00e9 en Cor\u00e9e, optimis\u00e9 pour la fid\u00e9lit\u00e9 tonale et la durabilit\u00e9, ce qui garantit des performances constantes.<\/p>\n<p class=\"text-start\">La r\u00e9ponse en fr\u00e9quence est adapt\u00e9e aux instruments de musique, avec une \u00e9l\u00e9vation sensible des basses fr\u00e9quences pour des sonorit\u00e9s riches et pleines, suivie d'une \u00e9l\u00e9vation progressive des m\u00e9diums pour plus de clart\u00e9. Les hautes fr\u00e9quences sont contr\u00f4l\u00e9es pour \u00e9viter toute duret\u00e9, offrant un profil sonore doux et naturel.<\/p>\n<h3 class=\"pt-5 text-start\">Circuit d&#039;essai standard<\/h3>\n<p><img loading=\"lazy\" decoding=\"async\" class=\"alignnone wp-image-3068 size-full\" src=\"https:\/\/ecmicrophones.com\/wp-content\/uploads\/2024\/06\/standard-test-circuit_ecm-b1045ul-53.png\" alt=\"Circuit d&#039;essai standard\" width=\"527\" height=\"226\" srcset=\"https:\/\/ecmicrophones.com\/wp-content\/uploads\/2024\/06\/standard-test-circuit_ecm-b1045ul-53.png 527w, https:\/\/ecmicrophones.com\/wp-content\/uploads\/2024\/06\/standard-test-circuit_ecm-b1045ul-53-300x129.png 300w, https:\/\/ecmicrophones.com\/wp-content\/uploads\/2024\/06\/standard-test-circuit_ecm-b1045ul-53-18x8.png 18w\" sizes=\"auto, (max-width: 527px) 100vw, 527px\" \/><\/p>\n<p>Circuit d'essai : RL = 680\u03a9, VS = 1,5V, C = 1\u03bcF.<\/p>\n<h3 class=\"pt-5 text-start\">R\u00e9ponse en fr\u00e9quence typique<\/h3>\n<p><img loading=\"lazy\" decoding=\"async\" class=\"alignnone wp-image-3069 size-full\" src=\"https:\/\/ecmicrophones.com\/wp-content\/uploads\/2024\/06\/typical-frequency-response_ecm-b1045ul-53.png\" alt=\"R\u00e9ponse en fr\u00e9quence typique\" width=\"599\" height=\"218\" srcset=\"https:\/\/ecmicrophones.com\/wp-content\/uploads\/2024\/06\/typical-frequency-response_ecm-b1045ul-53.png 599w, https:\/\/ecmicrophones.com\/wp-content\/uploads\/2024\/06\/typical-frequency-response_ecm-b1045ul-53-300x109.png 300w, https:\/\/ecmicrophones.com\/wp-content\/uploads\/2024\/06\/typical-frequency-response_ecm-b1045ul-53-18x7.png 18w\" sizes=\"auto, (max-width: 599px) 100vw, 599px\" \/><\/p>\n<p>La r\u00e9ponse en fr\u00e9quence augmente r\u00e9guli\u00e8rement de 100 Hz \u00e0 1 kHz, reste stable jusqu'\u00e0 5 kHz, puis diminue progressivement.<\/p>\n<h3 class=\"pt-5 text-start\">Dimensions (UNIT : mm)<\/h3>\n<p><img loading=\"lazy\" decoding=\"async\" class=\"alignnone wp-image-3070 size-full\" src=\"https:\/\/ecmicrophones.com\/wp-content\/uploads\/2024\/06\/appearance-dimension_ecm-b1045ul-53-1.png\" alt=\"Dimensions (UNIT : mm)\" width=\"504\" height=\"368\" srcset=\"https:\/\/ecmicrophones.com\/wp-content\/uploads\/2024\/06\/appearance-dimension_ecm-b1045ul-53-1.png 504w, https:\/\/ecmicrophones.com\/wp-content\/uploads\/2024\/06\/appearance-dimension_ecm-b1045ul-53-1-300x219.png 300w, https:\/\/ecmicrophones.com\/wp-content\/uploads\/2024\/06\/appearance-dimension_ecm-b1045ul-53-1-16x12.png 16w\" sizes=\"auto, (max-width: 504px) 100vw, 504px\" \/><\/p>\n<p>La capsule mesure 10 mm de diam\u00e8tre et 4,5 mm de hauteur. Elle est munie d'une grille anti-poussi\u00e8re \u00e0 l'avant et d'un port acoustique \u00e0 l'arri\u00e8re.<\/p>","protected":false},"excerpt":{"rendered":"<p>Une capsule microphonique unidirectionnelle compacte de 10 \u00d7 4,5 mm offrant une fid\u00e9lit\u00e9 sonore exceptionnelle pour les micros de guitare et les instruments de musique. Pour les mod\u00e8les avec un fil \u00e0 souder de 50 mm, voir le <a href=\"https:\/\/ecmicrophones.com\/fr\/10mm-unidirectional-electret-microphone-element-with-leads-for-guitar-pickup\/\">ECM-B1045UL-53-L50<\/a>.<\/p>","protected":false},"featured_media":2466,"comment_status":"open","ping_status":"closed","template":"","meta":[],"product_brand":[721],"product_cat":[16,21],"product_tag":[281,111,288],"class_list":{"0":"post-1033","1":"product","2":"type-product","3":"status-publish","4":"has-post-thumbnail","6":"product_brand-ecmic","7":"product_cat-electret-microphones","8":"product_cat-unidirectional-microphones","9":"product_tag-10mm","10":"product_tag-instrument","11":"product_tag-solder-pads","13":"first","14":"instock","15":"shipping-taxable","16":"purchasable","17":"product-type-simple"},"_links":{"self":[{"href":"https:\/\/ecmicrophones.com\/fr\/wp-json\/wp\/v2\/product\/1033","targetHints":{"allow":["GET"]}}],"collection":[{"href":"https:\/\/ecmicrophones.com\/fr\/wp-json\/wp\/v2\/product"}],"about":[{"href":"https:\/\/ecmicrophones.com\/fr\/wp-json\/wp\/v2\/types\/product"}],"replies":[{"embeddable":true,"href":"https:\/\/ecmicrophones.com\/fr\/wp-json\/wp\/v2\/comments?post=1033"}],"wp:featuredmedia":[{"embeddable":true,"href":"https:\/\/ecmicrophones.com\/fr\/wp-json\/wp\/v2\/media\/2466"}],"wp:attachment":[{"href":"https:\/\/ecmicrophones.com\/fr\/wp-json\/wp\/v2\/media?parent=1033"}],"wp:term":[{"taxonomy":"product_brand","embeddable":true,"href":"https:\/\/ecmicrophones.com\/fr\/wp-json\/wp\/v2\/product_brand?post=1033"},{"taxonomy":"product_cat","embeddable":true,"href":"https:\/\/ecmicrophones.com\/fr\/wp-json\/wp\/v2\/product_cat?post=1033"},{"taxonomy":"product_tag","embeddable":true,"href":"https:\/\/ecmicrophones.com\/fr\/wp-json\/wp\/v2\/product_tag?post=1033"}],"curies":[{"name":"wp","href":"https:\/\/api.w.org\/{rel}","templated":true}]}}