{"id":107,"date":"2024-03-27T11:12:39","date_gmt":"2024-03-27T11:12:39","guid":{"rendered":"https:\/\/ecmicrophones.com\/?post_type=product&#038;p=107"},"modified":"2026-03-19T15:40:38","modified_gmt":"2026-03-19T07:40:38","slug":"14mm-unidirectional-electret-condenser-microphone-element-for-high-fidelity","status":"publish","type":"product","link":"https:\/\/ecmicrophones.com\/fr\/14mm-unidirectional-electret-condenser-microphone-element-for-high-fidelity\/","title":{"rendered":"\u00c9l\u00e9ment de microphone \u00e0 condensateur \u00e9lectrique unidirectionnel de 14 mm pour une haute fid\u00e9lit\u00e9"},"content":{"rendered":"<h2 class=\"text-start\">Sp\u00e9cifications techniques<\/h2>\n<p class=\"text-start\">Notre t\u00eate de microphone unidirectionnelle 1465, sp\u00e9cialement con\u00e7ue pour les applications vocales, est soumise \u00e0 des tests rigoureux, notamment un processus de vieillissement de 12 heures \u00e0 80 \u00b0C, des tests de chute d&#039;un m\u00e8tre et des essais de brouillard salin et d&#039;humidit\u00e9. Cela garantit une qualit\u00e9 et une fiabilit\u00e9 constantes, m\u00eame dans les conditions les plus exigeantes.<\/p>\n<h3 class=\"pt-5 text-start\">Circuit d&#039;essai standard<\/h3>\n<p><img loading=\"lazy\" decoding=\"async\" class=\"alignnone size-full wp-image-265\" src=\"https:\/\/ecmicrophones.com\/wp-content\/uploads\/2024\/03\/standard-test-circuit_ecm-b1465ul42-231165.png\" alt=\"ECM-B1465UL42 Circuit de test : 6,8k\u03a9 de polarisation, 4,5V d&#039;alimentation, 1\u03bcF de sortie.\" width=\"510\" height=\"230\" srcset=\"https:\/\/ecmicrophones.com\/wp-content\/uploads\/2024\/03\/standard-test-circuit_ecm-b1465ul42-231165.png 510w, https:\/\/ecmicrophones.com\/wp-content\/uploads\/2024\/03\/standard-test-circuit_ecm-b1465ul42-231165-300x135.png 300w, https:\/\/ecmicrophones.com\/wp-content\/uploads\/2024\/03\/standard-test-circuit_ecm-b1465ul42-231165-18x8.png 18w\" sizes=\"auto, (max-width: 510px) 100vw, 510px\" \/><\/p>\n<p>R\u00e9sistance de polarisation de 6,8k\u03a9, alimentation en courant continu de 4,5V, condensateur de sortie de 1\u03bcF. Microphone unidirectionnel avec configuration source-sortie.<\/p>\n<h3 class=\"pt-5 text-start\">R\u00e9ponse en fr\u00e9quence typique<\/h3>\n<p><img loading=\"lazy\" decoding=\"async\" class=\"alignnone wp-image-266\" src=\"https:\/\/ecmicrophones.com\/wp-content\/uploads\/2024\/03\/typical-frequency-response_ecm-b1465ul42-231165-1024x496.png\" alt=\"ECM-B1465UL42 R\u00e9ponse en fr\u00e9quence : Augmentation progressive de 50 Hz \u00e0 8 kHz avec att\u00e9nuation des hautes fr\u00e9quences\" width=\"542\" height=\"263\" srcset=\"https:\/\/ecmicrophones.com\/wp-content\/uploads\/2024\/03\/typical-frequency-response_ecm-b1465ul42-231165-1024x496.png 1024w, https:\/\/ecmicrophones.com\/wp-content\/uploads\/2024\/03\/typical-frequency-response_ecm-b1465ul42-231165-300x145.png 300w, https:\/\/ecmicrophones.com\/wp-content\/uploads\/2024\/03\/typical-frequency-response_ecm-b1465ul42-231165-768x372.png 768w, https:\/\/ecmicrophones.com\/wp-content\/uploads\/2024\/03\/typical-frequency-response_ecm-b1465ul42-231165-1536x744.png 1536w, https:\/\/ecmicrophones.com\/wp-content\/uploads\/2024\/03\/typical-frequency-response_ecm-b1465ul42-231165-2048x993.png 2048w, https:\/\/ecmicrophones.com\/wp-content\/uploads\/2024\/03\/typical-frequency-response_ecm-b1465ul42-231165-18x9.png 18w, https:\/\/ecmicrophones.com\/wp-content\/uploads\/2024\/03\/typical-frequency-response_ecm-b1465ul42-231165-600x291.png 600w\" sizes=\"auto, (max-width: 542px) 100vw, 542px\" \/><\/p>\n<p>Augmentation progressive des basses et moyennes fr\u00e9quences (50Hz-8kHz) avec une diminution douce des hautes fr\u00e9quences.<\/p>\n<h3 class=\"pt-5 text-start\">Dimensions (Unit\u00e9 : mm)<\/h3>\n<p><img loading=\"lazy\" decoding=\"async\" class=\"alignnone size-full wp-image-264\" src=\"https:\/\/ecmicrophones.com\/wp-content\/uploads\/2024\/03\/appearance-dimension_ecm-b1465ul42-231165.png\" alt=\"ECM-B1465UL42 Dimensions : \u03a614\u00d76.5mm capsule unidirectionnelle avec deux ports\" width=\"515\" height=\"390\" srcset=\"https:\/\/ecmicrophones.com\/wp-content\/uploads\/2024\/03\/appearance-dimension_ecm-b1465ul42-231165.png 515w, https:\/\/ecmicrophones.com\/wp-content\/uploads\/2024\/03\/appearance-dimension_ecm-b1465ul42-231165-300x227.png 300w, https:\/\/ecmicrophones.com\/wp-content\/uploads\/2024\/03\/appearance-dimension_ecm-b1465ul42-231165-16x12.png 16w\" sizes=\"auto, (max-width: 515px) 100vw, 515px\" \/><\/p>\n<p>Capsule unidirectionnelle professionnelle \u03a614\u00d76,5 mm avec grille anti-poussi\u00e8re \u00e0 l'avant et entr\u00e9e sonore \u00e0 l'arri\u00e8re.<\/p>","protected":false},"excerpt":{"rendered":"<p>L&#039;ECM-B1465UL42-231165 est une capsule de microphone 14 \u00d7 6,5 mm con\u00e7ue pour les besoins audio professionnels. Avec une sensibilit\u00e9 de -42 dB \u00b1 2 et un rapport signal\/bruit de 73 dB, elle offre un son clair et d\u00e9taill\u00e9 sur toutes les fr\u00e9quences. Son motif unidirectionnel isole efficacement les sources sonores. Id\u00e9al pour les studios, les \u00e9v\u00e9nements en direct et la diffusion, il garantit une qualit\u00e9 audio de premier ordre dans les environnements professionnels.<\/p>","protected":false},"featured_media":2536,"comment_status":"open","ping_status":"closed","template":"","meta":[],"product_brand":[721],"product_cat":[16,21],"product_tag":[280,292,116],"class_list":{"0":"post-107","1":"product","2":"type-product","3":"status-publish","4":"has-post-thumbnail","6":"product_brand-ecmic","7":"product_cat-electret-microphones","8":"product_cat-unidirectional-microphones","9":"product_tag-14mm","10":"product_tag-3-solder-pads","11":"product_tag-vocal","13":"first","14":"instock","15":"shipping-taxable","16":"purchasable","17":"product-type-simple"},"_links":{"self":[{"href":"https:\/\/ecmicrophones.com\/fr\/wp-json\/wp\/v2\/product\/107","targetHints":{"allow":["GET"]}}],"collection":[{"href":"https:\/\/ecmicrophones.com\/fr\/wp-json\/wp\/v2\/product"}],"about":[{"href":"https:\/\/ecmicrophones.com\/fr\/wp-json\/wp\/v2\/types\/product"}],"replies":[{"embeddable":true,"href":"https:\/\/ecmicrophones.com\/fr\/wp-json\/wp\/v2\/comments?post=107"}],"wp:featuredmedia":[{"embeddable":true,"href":"https:\/\/ecmicrophones.com\/fr\/wp-json\/wp\/v2\/media\/2536"}],"wp:attachment":[{"href":"https:\/\/ecmicrophones.com\/fr\/wp-json\/wp\/v2\/media?parent=107"}],"wp:term":[{"taxonomy":"product_brand","embeddable":true,"href":"https:\/\/ecmicrophones.com\/fr\/wp-json\/wp\/v2\/product_brand?post=107"},{"taxonomy":"product_cat","embeddable":true,"href":"https:\/\/ecmicrophones.com\/fr\/wp-json\/wp\/v2\/product_cat?post=107"},{"taxonomy":"product_tag","embeddable":true,"href":"https:\/\/ecmicrophones.com\/fr\/wp-json\/wp\/v2\/product_tag?post=107"}],"curies":[{"name":"wp","href":"https:\/\/api.w.org\/{rel}","templated":true}]}}