{"id":1158,"date":"2024-06-19T08:54:22","date_gmt":"2024-06-19T00:54:22","guid":{"rendered":"https:\/\/ecmicrophones.com\/?post_type=product&#038;p=1158"},"modified":"2026-03-19T15:24:40","modified_gmt":"2026-03-19T07:24:40","slug":"conference-microphone-array-capsule-14mm","status":"publish","type":"product","link":"https:\/\/ecmicrophones.com\/fr\/conference-microphone-array-capsule-14mm\/","title":{"rendered":"Capsule de r\u00e9seau de microphones de conf\u00e9rence 14 mm"},"content":{"rendered":"<h2 class=\"text-start\">Sp\u00e9cifications techniques<\/h2>\n<p class=\"text-start\">Notre t\u00eate de microphone unidirectionnelle 1465 offre une sensibilit\u00e9 de -34\u00b12dB et un rapport signal\/bruit de 80dB. Cette t\u00eate de micro se caract\u00e9rise par sa haute sensibilit\u00e9, son rapport signal\/bruit \u00e9lev\u00e9 et sa r\u00e9duction efficace du bruit, garantissant une capture audio claire et pr\u00e9cise.<\/p>\n<h3 class=\"pt-5 text-start\">Circuit d&#039;essai standard<\/h3>\n<p><img loading=\"lazy\" decoding=\"async\" class=\"alignnone size-full wp-image-1164\" src=\"https:\/\/ecmicrophones.com\/wp-content\/uploads\/2024\/06\/standard-test-circuit_ecm-b1465ul34-24395.jpg\" alt=\"Circuit de test ECM-B1465UL34 : polarisation 680\u03a9, alimentation 1,5V, sortie 1\u03bcF\" width=\"537\" height=\"253\" srcset=\"https:\/\/ecmicrophones.com\/wp-content\/uploads\/2024\/06\/standard-test-circuit_ecm-b1465ul34-24395.jpg 537w, https:\/\/ecmicrophones.com\/wp-content\/uploads\/2024\/06\/standard-test-circuit_ecm-b1465ul34-24395-300x141.jpg 300w, https:\/\/ecmicrophones.com\/wp-content\/uploads\/2024\/06\/standard-test-circuit_ecm-b1465ul34-24395-18x8.jpg 18w\" sizes=\"auto, (max-width: 537px) 100vw, 537px\" \/><\/p>\n<p>R\u00e9sistance de polarisation de 680\u03a9, alimentation en courant continu de 1,5V, condensateur de sortie de 1\u03bcF. Configuration de fonctionnement \u00e0 basse tension.<\/p>\n<h3 class=\"pt-5 text-start\">R\u00e9ponse en fr\u00e9quence typique<\/h3>\n<p><img loading=\"lazy\" decoding=\"async\" class=\"alignnone size-full wp-image-1162\" src=\"https:\/\/ecmicrophones.com\/wp-content\/uploads\/2024\/06\/typical-frequency-response_ecm-b1465ul34-24395.jpg\" alt=\"ECM-B1465UL34 R\u00e9ponse en fr\u00e9quence : 50Hz-5kHz, mont\u00e9e en puissance, baisse des fr\u00e9quences moyennes, puis cr\u00eate \u00e0 10kHz avant l&#039;att\u00e9nuation finale.\" width=\"602\" height=\"385\" srcset=\"https:\/\/ecmicrophones.com\/wp-content\/uploads\/2024\/06\/typical-frequency-response_ecm-b1465ul34-24395.jpg 602w, https:\/\/ecmicrophones.com\/wp-content\/uploads\/2024\/06\/typical-frequency-response_ecm-b1465ul34-24395-300x192.jpg 300w, https:\/\/ecmicrophones.com\/wp-content\/uploads\/2024\/06\/typical-frequency-response_ecm-b1465ul34-24395-18x12.jpg 18w, https:\/\/ecmicrophones.com\/wp-content\/uploads\/2024\/06\/typical-frequency-response_ecm-b1465ul34-24395-600x384.jpg 600w\" sizes=\"auto, (max-width: 602px) 100vw, 602px\" \/><\/p>\n<p>Mont\u00e9e des graves de 50 Hz \u00e0 5 kHz avec att\u00e9nuation des m\u00e9diums, suivie d'un pic de pr\u00e9sence \u00e0 10 kHz et d'une att\u00e9nuation progressive des aigus.<\/p>\n<h3 class=\"pt-5 text-start\">Dimensions (Unit\u00e9 : mm)<\/h3>\n<p><img loading=\"lazy\" decoding=\"async\" class=\"alignnone size-full wp-image-1163\" src=\"https:\/\/ecmicrophones.com\/wp-content\/uploads\/2024\/06\/appearance-dimension_ecm-b1465ul34-24395.jpg\" alt=\"ECM-B1465UL34 Dimensions : \u03a614\u00d76.5mm avec filet anti-poussi\u00e8re \u00e0 l&#039;avant (dos scell\u00e9)\" width=\"553\" height=\"418\" srcset=\"https:\/\/ecmicrophones.com\/wp-content\/uploads\/2024\/06\/appearance-dimension_ecm-b1465ul34-24395.jpg 553w, https:\/\/ecmicrophones.com\/wp-content\/uploads\/2024\/06\/appearance-dimension_ecm-b1465ul34-24395-300x227.jpg 300w, https:\/\/ecmicrophones.com\/wp-content\/uploads\/2024\/06\/appearance-dimension_ecm-b1465ul34-24395-16x12.jpg 16w\" sizes=\"auto, (max-width: 553px) 100vw, 553px\" \/><\/p>\n<p>\u03a614\u00d76.5mm bo\u00eetier robuste avec filet anti-poussi\u00e8re \u00e0 l'avant et port acoustique \u00e0 l'arri\u00e8re.<\/p>","protected":false},"excerpt":{"rendered":"<p>L&#039;ECM-B1465UL34-24395 est une capsule de microphone unidirectionnelle de 14 \u00d7 6,5 mm con\u00e7ue pour des applications telles que les microphones de diffusion et les microphones de conf\u00e9rence. Avec une sensibilit\u00e9 de -34 dB \u00b1 2 et un rapport signal\/bruit de 80 dB, il offre une excellente qualit\u00e9 sonore et une grande clart\u00e9, ce qui le rend adapt\u00e9 aux environnements audio professionnels.<\/p>","protected":false},"featured_media":2508,"comment_status":"open","ping_status":"closed","template":"","meta":[],"product_brand":[721],"product_cat":[16,21],"product_tag":[280,235,410,288],"class_list":{"0":"post-1158","1":"product","2":"type-product","3":"status-publish","4":"has-post-thumbnail","6":"product_brand-ecmic","7":"product_cat-electret-microphones","8":"product_cat-unidirectional-microphones","9":"product_tag-14mm","10":"product_tag-conference","11":"product_tag-high-snr","12":"product_tag-solder-pads","14":"first","15":"instock","16":"shipping-taxable","17":"purchasable","18":"product-type-simple"},"_links":{"self":[{"href":"https:\/\/ecmicrophones.com\/fr\/wp-json\/wp\/v2\/product\/1158","targetHints":{"allow":["GET"]}}],"collection":[{"href":"https:\/\/ecmicrophones.com\/fr\/wp-json\/wp\/v2\/product"}],"about":[{"href":"https:\/\/ecmicrophones.com\/fr\/wp-json\/wp\/v2\/types\/product"}],"replies":[{"embeddable":true,"href":"https:\/\/ecmicrophones.com\/fr\/wp-json\/wp\/v2\/comments?post=1158"}],"wp:featuredmedia":[{"embeddable":true,"href":"https:\/\/ecmicrophones.com\/fr\/wp-json\/wp\/v2\/media\/2508"}],"wp:attachment":[{"href":"https:\/\/ecmicrophones.com\/fr\/wp-json\/wp\/v2\/media?parent=1158"}],"wp:term":[{"taxonomy":"product_brand","embeddable":true,"href":"https:\/\/ecmicrophones.com\/fr\/wp-json\/wp\/v2\/product_brand?post=1158"},{"taxonomy":"product_cat","embeddable":true,"href":"https:\/\/ecmicrophones.com\/fr\/wp-json\/wp\/v2\/product_cat?post=1158"},{"taxonomy":"product_tag","embeddable":true,"href":"https:\/\/ecmicrophones.com\/fr\/wp-json\/wp\/v2\/product_tag?post=1158"}],"curies":[{"name":"wp","href":"https:\/\/api.w.org\/{rel}","templated":true}]}}