{"id":1160,"date":"2024-06-19T08:57:35","date_gmt":"2024-06-19T00:57:35","guid":{"rendered":"https:\/\/ecmicrophones.com\/?post_type=product&#038;p=1160"},"modified":"2026-03-19T15:24:31","modified_gmt":"2026-03-19T07:24:31","slug":"unidirectional-microphone-capsule-electret-14mm","status":"publish","type":"product","link":"https:\/\/ecmicrophones.com\/fr\/unidirectional-microphone-capsule-electret-14mm\/","title":{"rendered":"Capsule de microphone \u00e0 \u00e9lectret unidirectionnel de 14 mm"},"content":{"rendered":"<h2 class=\"text-start\">Sp\u00e9cifications techniques<\/h2>\n<p class=\"text-start\">Notre t\u00eate de microphone unidirectionnelle 1465 pr\u00e9sente une sensibilit\u00e9 de -40\u00b12dB, un rapport signal\/bruit de 75dB et un taux de distorsion \u22641% \u00e0 120dB. Elle offre un rapport signal\/bruit \u00e9lev\u00e9, une excellente fid\u00e9lit\u00e9, une r\u00e9duction du bruit, un diaphragme plaqu\u00e9 or et un faible bruit pour des performances audio sup\u00e9rieures.<\/p>\n<h3 class=\"pt-5 text-start\">Circuit d&#039;essai standard<\/h3>\n<p><img loading=\"lazy\" decoding=\"async\" class=\"alignnone size-full wp-image-1167\" src=\"https:\/\/ecmicrophones.com\/wp-content\/uploads\/2024\/06\/standard-test-circuit_ecm-b1465uml40-231045.jpg\" alt=\"ECM-B1465UML40 Circuit de test : 15k\u03a9 de polarisation, 2V d&#039;alimentation, 1\u03bcF de sortie.\" width=\"534\" height=\"259\" srcset=\"https:\/\/ecmicrophones.com\/wp-content\/uploads\/2024\/06\/standard-test-circuit_ecm-b1465uml40-231045.jpg 534w, https:\/\/ecmicrophones.com\/wp-content\/uploads\/2024\/06\/standard-test-circuit_ecm-b1465uml40-231045-300x146.jpg 300w, https:\/\/ecmicrophones.com\/wp-content\/uploads\/2024\/06\/standard-test-circuit_ecm-b1465uml40-231045-18x9.jpg 18w\" sizes=\"auto, (max-width: 534px) 100vw, 534px\" \/><\/p>\n<p>R\u00e9sistance de polarisation : 15k\u03a9, tension d'alimentation en courant continu : 2V, condensateur de couplage de sortie : 1\u03bcF. Configuration de test standard pour la mesure de la r\u00e9ponse en fr\u00e9quence.<\/p>\n<h3 class=\"pt-5 text-start\">R\u00e9ponse en fr\u00e9quence typique<\/h3>\n<p><img loading=\"lazy\" decoding=\"async\" class=\"alignnone size-full wp-image-1165\" src=\"https:\/\/ecmicrophones.com\/wp-content\/uploads\/2024\/06\/typical-frequency-response_ecm-b1465uml40-231045.jpg\" alt=\"ECM-B1465UML40 R\u00e9ponse en fr\u00e9quence : 50Hz-20kHz avec variations caract\u00e9ristiques\" width=\"600\" height=\"394\" srcset=\"https:\/\/ecmicrophones.com\/wp-content\/uploads\/2024\/06\/typical-frequency-response_ecm-b1465uml40-231045.jpg 600w, https:\/\/ecmicrophones.com\/wp-content\/uploads\/2024\/06\/typical-frequency-response_ecm-b1465uml40-231045-300x197.jpg 300w, https:\/\/ecmicrophones.com\/wp-content\/uploads\/2024\/06\/typical-frequency-response_ecm-b1465uml40-231045-18x12.jpg 18w\" sizes=\"auto, (max-width: 600px) 100vw, 600px\" \/><\/p>\n<p>La r\u00e9ponse en fr\u00e9quence couvre la plage de 50 Hz \u00e0 20 kHz avec une courbe g\u00e9n\u00e9ralement lisse, caract\u00e9ris\u00e9e par une mont\u00e9e mod\u00e9r\u00e9e des basses fr\u00e9quences, une l\u00e9g\u00e8re baisse des moyennes fr\u00e9quences, une l\u00e9g\u00e8re augmentation des hautes fr\u00e9quences et une att\u00e9nuation progressive de l'extr\u00e9mit\u00e9 sup\u00e9rieure.<\/p>\n<h3 class=\"pt-5 text-start\">Dimensions (Unit\u00e9 : mm)<\/h3>\n<p><img loading=\"lazy\" decoding=\"async\" class=\"alignnone size-full wp-image-1166\" src=\"https:\/\/ecmicrophones.com\/wp-content\/uploads\/2024\/06\/appearance-dimension_ecm-b1465uml40-231045.jpg\" alt=\"ECM-B1465UML40 Dimensions : \u03a614\u00d76.5mm capsule avec filet anti-poussi\u00e8re \u00e0 l&#039;avant et port sonore \u00e0 l&#039;arri\u00e8re\" width=\"604\" height=\"427\" srcset=\"https:\/\/ecmicrophones.com\/wp-content\/uploads\/2024\/06\/appearance-dimension_ecm-b1465uml40-231045.jpg 604w, https:\/\/ecmicrophones.com\/wp-content\/uploads\/2024\/06\/appearance-dimension_ecm-b1465uml40-231045-300x212.jpg 300w, https:\/\/ecmicrophones.com\/wp-content\/uploads\/2024\/06\/appearance-dimension_ecm-b1465uml40-231045-18x12.jpg 18w, https:\/\/ecmicrophones.com\/wp-content\/uploads\/2024\/06\/appearance-dimension_ecm-b1465uml40-231045-600x424.jpg 600w\" sizes=\"auto, (max-width: 604px) 100vw, 604px\" \/><\/p>\n<p>Capsule compacte mesurant \u03a614\u00d76,5 mm. Dot\u00e9e d'un filet anti-poussi\u00e8re \u00e0 l'avant pour la protection et d'un port sonore \u00e0 l'arri\u00e8re pour am\u00e9liorer la qualit\u00e9 de la prise de son.<\/p>","protected":false},"excerpt":{"rendered":"<p>L&#039;ECM-B1465UML40-231045 est une capsule de microphone unidirectionnelle de 14 \u00d7 6,5 mm id\u00e9ale pour les studios d&#039;enregistrement professionnels, les microphones de diffusion en direct et les microphones de diffusion. Avec une sensibilit\u00e9 de -40 dB \u00b1 2 et un rapport signal\/bruit de 75 dB, il garantit une capture et une clart\u00e9 sonores de haute qualit\u00e9, ce qui le rend parfait pour les applications audio haut de gamme.<\/p>","protected":false},"featured_media":2515,"comment_status":"open","ping_status":"closed","template":"","meta":[],"product_brand":[721],"product_cat":[16,21],"product_tag":[280,288,116],"class_list":{"0":"post-1160","1":"product","2":"type-product","3":"status-publish","4":"has-post-thumbnail","6":"product_brand-ecmic","7":"product_cat-electret-microphones","8":"product_cat-unidirectional-microphones","9":"product_tag-14mm","10":"product_tag-solder-pads","11":"product_tag-vocal","13":"first","14":"instock","15":"shipping-taxable","16":"purchasable","17":"product-type-simple"},"_links":{"self":[{"href":"https:\/\/ecmicrophones.com\/fr\/wp-json\/wp\/v2\/product\/1160","targetHints":{"allow":["GET"]}}],"collection":[{"href":"https:\/\/ecmicrophones.com\/fr\/wp-json\/wp\/v2\/product"}],"about":[{"href":"https:\/\/ecmicrophones.com\/fr\/wp-json\/wp\/v2\/types\/product"}],"replies":[{"embeddable":true,"href":"https:\/\/ecmicrophones.com\/fr\/wp-json\/wp\/v2\/comments?post=1160"}],"wp:featuredmedia":[{"embeddable":true,"href":"https:\/\/ecmicrophones.com\/fr\/wp-json\/wp\/v2\/media\/2515"}],"wp:attachment":[{"href":"https:\/\/ecmicrophones.com\/fr\/wp-json\/wp\/v2\/media?parent=1160"}],"wp:term":[{"taxonomy":"product_brand","embeddable":true,"href":"https:\/\/ecmicrophones.com\/fr\/wp-json\/wp\/v2\/product_brand?post=1160"},{"taxonomy":"product_cat","embeddable":true,"href":"https:\/\/ecmicrophones.com\/fr\/wp-json\/wp\/v2\/product_cat?post=1160"},{"taxonomy":"product_tag","embeddable":true,"href":"https:\/\/ecmicrophones.com\/fr\/wp-json\/wp\/v2\/product_tag?post=1160"}],"curies":[{"name":"wp","href":"https:\/\/api.w.org\/{rel}","templated":true}]}}