{"id":1171,"date":"2024-06-20T08:52:20","date_gmt":"2024-06-20T00:52:20","guid":{"rendered":"https:\/\/ecmicrophones.com\/?post_type=product&#038;p=1171"},"modified":"2026-04-07T14:31:42","modified_gmt":"2026-04-07T06:31:42","slug":"unidirectional-dynamic-microphone-capsule-14-5mm","status":"publish","type":"product","link":"https:\/\/ecmicrophones.com\/fr\/unidirectional-dynamic-microphone-capsule-14-5mm\/","title":{"rendered":"Capsule de microphone dynamique unidirectionnelle de 14,5 mm"},"content":{"rendered":"<h2 class=\"text-start\">Sp\u00e9cifications techniques<\/h2>\n<p class=\"text-start\">L'ECM-DM1458T200 est dot\u00e9 d'un mod\u00e8le de prise de son unidirectionnel associ\u00e9 \u00e0 une courbe de r\u00e9ponse en fr\u00e9quence personnalis\u00e9e optimis\u00e9e pour la clart\u00e9 de la parole entre 100 Hz et 9 kHz. Cette combinaison am\u00e9liore l'intelligibilit\u00e9 de la voix tout en r\u00e9duisant efficacement les bruits de fond, ce qui le rend id\u00e9al pour les microphones de casque d'aviation, les syst\u00e8mes d'intercom et les dispositifs de communication robustes.<\/p>\n<p class=\"text-start\">Avec des options d'imp\u00e9dance s\u00e9lectionnables de 150\u03a9 \u00e0 600\u03a9, cette capsule compacte de 14,5 \u00d7 7,5 mm s'int\u00e8gre facilement dans divers syst\u00e8mes audio n\u00e9cessitant des performances fiables et constantes dans des environnements difficiles.<\/p>\n<h3 class=\"pt-5 text-start\">Vue \u00e9clat\u00e9e et liste des pi\u00e8ces<\/h3>\n<p><img loading=\"lazy\" decoding=\"async\" class=\"alignnone wp-image-3887 size-full\" src=\"https:\/\/ecmicrophones.com\/wp-content\/uploads\/2024\/06\/dynamic-part_ecm-dm1458t200.png\" alt=\"Vue \u00e9clat\u00e9e de l&#039;ECM-DM1458T200 : 8 composants cl\u00e9s dont le diaphragme, la bobine mobile et l&#039;aimant\" width=\"560\" height=\"310\" srcset=\"https:\/\/ecmicrophones.com\/wp-content\/uploads\/2024\/06\/dynamic-part_ecm-dm1458t200.png 560w, https:\/\/ecmicrophones.com\/wp-content\/uploads\/2024\/06\/dynamic-part_ecm-dm1458t200-300x166.png 300w, https:\/\/ecmicrophones.com\/wp-content\/uploads\/2024\/06\/dynamic-part_ecm-dm1458t200-18x10.png 18w\" sizes=\"auto, (max-width: 560px) 100vw, 560px\" \/><\/p>\n<p>La d\u00e9composition structurelle montre l'\u00e9ponge, le couvercle, le diaphragme, la bobine, l'acier magn\u00e9tique, les pots en fer, le support et l'assemblage du circuit imprim\u00e9.<\/p>\n<h3 class=\"pt-5 text-start\">Courbe de r\u00e9ponse en fr\u00e9quence<\/h3>\n<p><img loading=\"lazy\" decoding=\"async\" class=\"alignnone size-full wp-image-1175\" src=\"https:\/\/ecmicrophones.com\/wp-content\/uploads\/2024\/06\/response-curve_ecm-dm1458t200.jpg\" alt=\"ECM-DM1458T200 R\u00e9ponse en fr\u00e9quence : principalement ax\u00e9e sur la plage de 100 Hz \u00e0 9 kHz\" width=\"680\" height=\"421\" srcset=\"https:\/\/ecmicrophones.com\/wp-content\/uploads\/2024\/06\/response-curve_ecm-dm1458t200.jpg 680w, https:\/\/ecmicrophones.com\/wp-content\/uploads\/2024\/06\/response-curve_ecm-dm1458t200-300x186.jpg 300w, https:\/\/ecmicrophones.com\/wp-content\/uploads\/2024\/06\/response-curve_ecm-dm1458t200-18x12.jpg 18w, https:\/\/ecmicrophones.com\/wp-content\/uploads\/2024\/06\/response-curve_ecm-dm1458t200-600x371.jpg 600w\" sizes=\"auto, (max-width: 680px) 100vw, 680px\" \/><\/p>\n<p>La r\u00e9ponse en fr\u00e9quence est principalement ax\u00e9e sur la plage de 100 Hz \u00e0 9 kHz.<\/p>\n<h3 class=\"pt-5 text-start\">Dimensions (UNIT : mm)<\/h3>\n<p><img loading=\"lazy\" decoding=\"async\" class=\"alignnone size-full wp-image-1173\" src=\"https:\/\/ecmicrophones.com\/wp-content\/uploads\/2024\/06\/appearance-size_ecm-dm1458t200.jpg\" alt=\"ECM-DM1458T200 Dimensions : \u03a614.5\u00d77.5mm enceinte dynamique compacte\" width=\"355\" height=\"363\" srcset=\"https:\/\/ecmicrophones.com\/wp-content\/uploads\/2024\/06\/appearance-size_ecm-dm1458t200.jpg 355w, https:\/\/ecmicrophones.com\/wp-content\/uploads\/2024\/06\/appearance-size_ecm-dm1458t200-293x300.jpg 293w, https:\/\/ecmicrophones.com\/wp-content\/uploads\/2024\/06\/appearance-size_ecm-dm1458t200-12x12.jpg 12w\" sizes=\"auto, (max-width: 355px) 100vw, 355px\" \/><\/p>\n<p>Bo\u00eetier compact \u03a614.5\u00d77.5mm.<\/p>","protected":false},"excerpt":{"rendered":"<p>Capsule de microphone dynamique unidirectionnelle compacte de 14,5 mm con\u00e7ue pour les casques d'aviation, les interphones, les microphones de haut-parleur de radio bidirectionnelle et les microphones d'interphone dynamiques \u00e0 col de cygne, offrant une prise de voix claire dans les environnements bruyants.<\/p>","protected":false},"featured_media":2406,"comment_status":"open","ping_status":"closed","template":"","meta":[],"product_brand":[721],"product_cat":[17],"product_tag":[727,109],"class_list":{"0":"post-1171","1":"product","2":"type-product","3":"status-publish","4":"has-post-thumbnail","6":"product_brand-ecmic","7":"product_cat-dynamic-microphones","8":"product_tag-14mm-dynamic","9":"product_tag-intercom","11":"first","12":"instock","13":"shipping-taxable","14":"purchasable","15":"product-type-simple"},"_links":{"self":[{"href":"https:\/\/ecmicrophones.com\/fr\/wp-json\/wp\/v2\/product\/1171","targetHints":{"allow":["GET"]}}],"collection":[{"href":"https:\/\/ecmicrophones.com\/fr\/wp-json\/wp\/v2\/product"}],"about":[{"href":"https:\/\/ecmicrophones.com\/fr\/wp-json\/wp\/v2\/types\/product"}],"replies":[{"embeddable":true,"href":"https:\/\/ecmicrophones.com\/fr\/wp-json\/wp\/v2\/comments?post=1171"}],"wp:featuredmedia":[{"embeddable":true,"href":"https:\/\/ecmicrophones.com\/fr\/wp-json\/wp\/v2\/media\/2406"}],"wp:attachment":[{"href":"https:\/\/ecmicrophones.com\/fr\/wp-json\/wp\/v2\/media?parent=1171"}],"wp:term":[{"taxonomy":"product_brand","embeddable":true,"href":"https:\/\/ecmicrophones.com\/fr\/wp-json\/wp\/v2\/product_brand?post=1171"},{"taxonomy":"product_cat","embeddable":true,"href":"https:\/\/ecmicrophones.com\/fr\/wp-json\/wp\/v2\/product_cat?post=1171"},{"taxonomy":"product_tag","embeddable":true,"href":"https:\/\/ecmicrophones.com\/fr\/wp-json\/wp\/v2\/product_tag?post=1171"}],"curies":[{"name":"wp","href":"https:\/\/api.w.org\/{rel}","templated":true}]}}