{"id":121,"date":"2024-03-27T11:21:43","date_gmt":"2024-03-27T11:21:43","guid":{"rendered":"https:\/\/ecmicrophones.com\/?post_type=product&#038;p=121"},"modified":"2026-03-19T15:40:59","modified_gmt":"2026-03-19T07:40:59","slug":"sound-card-microphone-capsule-30-4mm","status":"publish","type":"product","link":"https:\/\/ecmicrophones.com\/fr\/sound-card-microphone-capsule-30-4mm\/","title":{"rendered":"Capsule microphonique dynamique 30,4 mm pour interfaces audio"},"content":{"rendered":"<h2 class=\"text-start\">Sp\u00e9cifications techniques<\/h2>\n<p class=\"text-start\">Con\u00e7ue pour une capture vocale claire et une distorsion minimale, l'ECM-DM588K600 est une capsule de microphone dynamique 30,4 mm haute performance optimis\u00e9e pour les interfaces audio et les \u00e9quipements de diffusion en continu. Sa large plage de fr\u00e9quences de 50 Hz \u00e0 15 kHz assure une pr\u00e9sence d\u00e9taill\u00e9e des basses fr\u00e9quences et une clart\u00e9 vocale homog\u00e8ne, ce qui le rend id\u00e9al pour le podcasting, la diffusion en direct et l'enregistrement en studio.<\/p>\n<p class=\"text-start\">Le motif polaire unidirectionnel se concentre sur la captation de la voix tout en r\u00e9duisant les bruits de fond, et l'imp\u00e9dance de 600\u03a9 assure une forte compatibilit\u00e9 avec le mat\u00e9riel audio professionnel.<\/p>\n<p class=\"text-start\">Qu'elle soit int\u00e9gr\u00e9e \u00e0 des micros \u00e0 main, \u00e0 des streamers de bureau ou \u00e0 des syst\u00e8mes connect\u00e9s \u00e0 une interface, cette capsule offre un son coh\u00e9rent et plein aux cr\u00e9ateurs et aux communicateurs.<\/p>\n<h3 class=\"pt-5 text-start\">Vue \u00e9clat\u00e9e et liste des pi\u00e8ces<\/h3>\n<p><img loading=\"lazy\" decoding=\"async\" class=\"alignnone wp-image-3896 size-full\" src=\"https:\/\/ecmicrophones.com\/wp-content\/uploads\/2024\/03\/dynamic-part_ecm-dm588k600.png\" alt=\"Vue \u00e9clat\u00e9e de la t\u00eate de microphone dynamique ECM-DM588K600\" width=\"570\" height=\"250\" srcset=\"https:\/\/ecmicrophones.com\/wp-content\/uploads\/2024\/03\/dynamic-part_ecm-dm588k600.png 570w, https:\/\/ecmicrophones.com\/wp-content\/uploads\/2024\/03\/dynamic-part_ecm-dm588k600-300x132.png 300w, https:\/\/ecmicrophones.com\/wp-content\/uploads\/2024\/03\/dynamic-part_ecm-dm588k600-18x8.png 18w\" sizes=\"auto, (max-width: 570px) 100vw, 570px\" \/><\/p>\n<p>Comprend : \u00e9ponge, couvercle, diaphragme, bobine, acier magn\u00e9tique, pots en fer, support et circuit imprim\u00e9 avec rev\u00eatement en \u00e9tain.<\/p>\n<h3 class=\"pt-5 text-start\">Courbe de r\u00e9ponse en fr\u00e9quence<\/h3>\n<p><img loading=\"lazy\" decoding=\"async\" class=\"alignnone size-full wp-image-272\" src=\"https:\/\/ecmicrophones.com\/wp-content\/uploads\/2024\/03\/response-curve_ecm-dm588k600.png\" alt=\"ECM-DM588K600 R\u00e9ponse en fr\u00e9quence\" width=\"651\" height=\"513\" srcset=\"https:\/\/ecmicrophones.com\/wp-content\/uploads\/2024\/03\/response-curve_ecm-dm588k600.png 651w, https:\/\/ecmicrophones.com\/wp-content\/uploads\/2024\/03\/response-curve_ecm-dm588k600-300x236.png 300w, https:\/\/ecmicrophones.com\/wp-content\/uploads\/2024\/03\/response-curve_ecm-dm588k600-15x12.png 15w, https:\/\/ecmicrophones.com\/wp-content\/uploads\/2024\/03\/response-curve_ecm-dm588k600-600x473.png 600w\" sizes=\"auto, (max-width: 651px) 100vw, 651px\" \/><\/p>\n<p>La r\u00e9ponse en fr\u00e9quence s'\u00e9tend de 50 Hz \u00e0 15 kHz, offrant des graves chauds, des m\u00e9diums clairs et une l\u00e9g\u00e8re att\u00e9nuation des aigus, id\u00e9ale pour une reproduction vocale riche et compl\u00e8te dans les applications vocales et de diffusion en continu.<\/p>\n<h3 class=\"pt-5 text-start\">Dimensions (UNIT : mm)<\/h3>\n<p><img loading=\"lazy\" decoding=\"async\" class=\"alignnone size-full wp-image-273\" src=\"https:\/\/ecmicrophones.com\/wp-content\/uploads\/2024\/03\/appearance-size_ecm-dm588k600.png\" alt=\"Dimensions de l&#039;ECM-DM588K600 : 30,4 mm de diam\u00e8tre, 49,6 mm de hauteur\" width=\"466\" height=\"439\" srcset=\"https:\/\/ecmicrophones.com\/wp-content\/uploads\/2024\/03\/appearance-size_ecm-dm588k600.png 466w, https:\/\/ecmicrophones.com\/wp-content\/uploads\/2024\/03\/appearance-size_ecm-dm588k600-300x283.png 300w, https:\/\/ecmicrophones.com\/wp-content\/uploads\/2024\/03\/appearance-size_ecm-dm588k600-13x12.png 13w\" sizes=\"auto, (max-width: 466px) 100vw, 466px\" \/><\/p>\n<p>Capsule de grand diam\u00e8tre mesurant \u03a630,4 \u00d7 49,6 mm, couramment utilis\u00e9e dans les cartes son de diffusion en direct et les microphones vocaux de bureau.<\/p>","protected":false},"excerpt":{"rendered":"<p>Avec une r\u00e9ponse en fr\u00e9quence \u00e9tendue de 50 Hz \u00e0 15 kHz et une imp\u00e9dance de 600\u03a9, cette capsule de microphone dynamique unidirectionnelle de 30,4 \u00d7 49,6 mm est optimis\u00e9e pour les micros de bureau, les \u00e9quipements de diffusion en continu et les interfaces audio, offrant des performances vocales claires et robustes pour une utilisation en studio et en radiodiffusion.<\/p>","protected":false},"featured_media":3204,"comment_status":"open","ping_status":"closed","template":"","meta":[],"product_brand":[721],"product_cat":[17],"product_tag":[312,116],"class_list":{"0":"post-121","1":"product","2":"type-product","3":"status-publish","4":"has-post-thumbnail","6":"product_brand-ecmic","7":"product_cat-dynamic-microphones","8":"product_tag-30mm","9":"product_tag-vocal","11":"first","12":"instock","13":"shipping-taxable","14":"purchasable","15":"product-type-simple"},"_links":{"self":[{"href":"https:\/\/ecmicrophones.com\/fr\/wp-json\/wp\/v2\/product\/121","targetHints":{"allow":["GET"]}}],"collection":[{"href":"https:\/\/ecmicrophones.com\/fr\/wp-json\/wp\/v2\/product"}],"about":[{"href":"https:\/\/ecmicrophones.com\/fr\/wp-json\/wp\/v2\/types\/product"}],"replies":[{"embeddable":true,"href":"https:\/\/ecmicrophones.com\/fr\/wp-json\/wp\/v2\/comments?post=121"}],"wp:featuredmedia":[{"embeddable":true,"href":"https:\/\/ecmicrophones.com\/fr\/wp-json\/wp\/v2\/media\/3204"}],"wp:attachment":[{"href":"https:\/\/ecmicrophones.com\/fr\/wp-json\/wp\/v2\/media?parent=121"}],"wp:term":[{"taxonomy":"product_brand","embeddable":true,"href":"https:\/\/ecmicrophones.com\/fr\/wp-json\/wp\/v2\/product_brand?post=121"},{"taxonomy":"product_cat","embeddable":true,"href":"https:\/\/ecmicrophones.com\/fr\/wp-json\/wp\/v2\/product_cat?post=121"},{"taxonomy":"product_tag","embeddable":true,"href":"https:\/\/ecmicrophones.com\/fr\/wp-json\/wp\/v2\/product_tag?post=121"}],"curies":[{"name":"wp","href":"https:\/\/api.w.org\/{rel}","templated":true}]}}