{"id":1241,"date":"2024-07-10T16:51:31","date_gmt":"2024-07-10T08:51:31","guid":{"rendered":"https:\/\/ecmicrophones.com\/?post_type=product&#038;p=1241"},"modified":"2026-03-19T15:23:33","modified_gmt":"2026-03-19T07:23:33","slug":"9-7mm-electret-condenser-microphone-element-for-headset-microphones","status":"publish","type":"product","link":"https:\/\/ecmicrophones.com\/fr\/9-7mm-electret-condenser-microphone-element-for-headset-microphones\/","title":{"rendered":"\u00c9l\u00e9ment de microphone \u00e0 condensateur \u00e9lectrique de 9,7 mm pour microphones \u00e0 casque"},"content":{"rendered":"<h2 class=\"text-start\">Sp\u00e9cifications techniques<\/h2>\n<p class=\"text-start\">Notre t\u00eate de microphone unidirectionnelle 9750, produite avec un JFET Panasonic, offre un rapport signal\/bruit \u00e9lev\u00e9, un faible bruit et une excellente reproduction sonore.<\/p>\n<h3 class=\"pt-5 text-start\">Circuit d&#039;essai standard<\/h3>\n<p><img loading=\"lazy\" decoding=\"async\" class=\"alignnone size-full wp-image-1243\" src=\"https:\/\/ecmicrophones.com\/wp-content\/uploads\/2024\/07\/standard-test-circuit_ecm-b9750mu48-3169.png\" alt=\"Circuit d&#039;essai standard\" width=\"534\" height=\"239\" srcset=\"https:\/\/ecmicrophones.com\/wp-content\/uploads\/2024\/07\/standard-test-circuit_ecm-b9750mu48-3169.png 534w, https:\/\/ecmicrophones.com\/wp-content\/uploads\/2024\/07\/standard-test-circuit_ecm-b9750mu48-3169-300x134.png 300w, https:\/\/ecmicrophones.com\/wp-content\/uploads\/2024\/07\/standard-test-circuit_ecm-b9750mu48-3169-18x8.png 18w\" sizes=\"auto, (max-width: 534px) 100vw, 534px\" \/><\/p>\n<p>\nConditions d'essai : RL = 680\u03a9, Vs = 1,5V, C = 1\u03bcF.\n<\/p>\n<h3 class=\"pt-5 text-start\">R\u00e9ponse en fr\u00e9quence typique<\/h3>\n<p><img loading=\"lazy\" decoding=\"async\" class=\"alignnone size-full wp-image-1244\" src=\"https:\/\/ecmicrophones.com\/wp-content\/uploads\/2024\/07\/typical-frequency-response_ecm-b9750mu48-3169.png\" alt=\"R\u00e9ponse en fr\u00e9quence typique\" width=\"537\" height=\"342\" srcset=\"https:\/\/ecmicrophones.com\/wp-content\/uploads\/2024\/07\/typical-frequency-response_ecm-b9750mu48-3169.png 537w, https:\/\/ecmicrophones.com\/wp-content\/uploads\/2024\/07\/typical-frequency-response_ecm-b9750mu48-3169-300x191.png 300w, https:\/\/ecmicrophones.com\/wp-content\/uploads\/2024\/07\/typical-frequency-response_ecm-b9750mu48-3169-18x12.png 18w\" sizes=\"auto, (max-width: 537px) 100vw, 537px\" \/><\/p>\n<p>\nR\u00e9ponse en fr\u00e9quence : 50Hz-20kHz, avec une mont\u00e9e douce et des fr\u00e9quences moyennes stables pour une voix claire et naturelle. L\u00e9g\u00e8re att\u00e9nuation apr\u00e8s 10 kHz pour une \u00e9coute confortable.\n<\/p>\n<h3 class=\"pt-5 text-start\">Dimensions (UNIT : mm)<\/h3>\n<p><img loading=\"lazy\" decoding=\"async\" class=\"alignnone size-full wp-image-1245\" src=\"https:\/\/ecmicrophones.com\/wp-content\/uploads\/2024\/07\/appearance-dimension_ecm-b9750mu48-3169.png\" alt=\"Dimension d&#039;apparence\" width=\"515\" height=\"349\" srcset=\"https:\/\/ecmicrophones.com\/wp-content\/uploads\/2024\/07\/appearance-dimension_ecm-b9750mu48-3169.png 515w, https:\/\/ecmicrophones.com\/wp-content\/uploads\/2024\/07\/appearance-dimension_ecm-b9750mu48-3169-300x203.png 300w, https:\/\/ecmicrophones.com\/wp-content\/uploads\/2024\/07\/appearance-dimension_ecm-b9750mu48-3169-18x12.png 18w\" sizes=\"auto, (max-width: 515px) 100vw, 515px\" \/><\/p>\n<p>\nDimensions de la capsule du microphone : \u00d89,7 \u00d7 5 mm. Dot\u00e9 d'un filet anti-poussi\u00e8re \u00e0 l'avant et d'un orifice d'entr\u00e9e du son \u00e0 l'arri\u00e8re.<\/p>","protected":false},"excerpt":{"rendered":"<p>L&#039;ECM-B9750MU48-3169 est une capsule de microphone unidirectionnelle de 9,7 \u00d7 5 mm, avec une sensibilit\u00e9 de -48 dB\u00b12 et un rapport signal\/bruit de 69 dB. Elle est con\u00e7ue pour \u00eatre utilis\u00e9e dans les microphones de casque.<\/p>","protected":false},"featured_media":2501,"comment_status":"open","ping_status":"closed","template":"","meta":[],"product_brand":[721],"product_cat":[16,21],"product_tag":[282,235,288],"class_list":{"0":"post-1241","1":"product","2":"type-product","3":"status-publish","4":"has-post-thumbnail","6":"product_brand-ecmic","7":"product_cat-electret-microphones","8":"product_cat-unidirectional-microphones","9":"product_tag-9-7mm","10":"product_tag-conference","11":"product_tag-solder-pads","13":"first","14":"instock","15":"shipping-taxable","16":"purchasable","17":"product-type-simple"},"_links":{"self":[{"href":"https:\/\/ecmicrophones.com\/fr\/wp-json\/wp\/v2\/product\/1241","targetHints":{"allow":["GET"]}}],"collection":[{"href":"https:\/\/ecmicrophones.com\/fr\/wp-json\/wp\/v2\/product"}],"about":[{"href":"https:\/\/ecmicrophones.com\/fr\/wp-json\/wp\/v2\/types\/product"}],"replies":[{"embeddable":true,"href":"https:\/\/ecmicrophones.com\/fr\/wp-json\/wp\/v2\/comments?post=1241"}],"wp:featuredmedia":[{"embeddable":true,"href":"https:\/\/ecmicrophones.com\/fr\/wp-json\/wp\/v2\/media\/2501"}],"wp:attachment":[{"href":"https:\/\/ecmicrophones.com\/fr\/wp-json\/wp\/v2\/media?parent=1241"}],"wp:term":[{"taxonomy":"product_brand","embeddable":true,"href":"https:\/\/ecmicrophones.com\/fr\/wp-json\/wp\/v2\/product_brand?post=1241"},{"taxonomy":"product_cat","embeddable":true,"href":"https:\/\/ecmicrophones.com\/fr\/wp-json\/wp\/v2\/product_cat?post=1241"},{"taxonomy":"product_tag","embeddable":true,"href":"https:\/\/ecmicrophones.com\/fr\/wp-json\/wp\/v2\/product_tag?post=1241"}],"curies":[{"name":"wp","href":"https:\/\/api.w.org\/{rel}","templated":true}]}}