{"id":1246,"date":"2024-07-08T18:12:35","date_gmt":"2024-07-08T10:12:35","guid":{"rendered":"https:\/\/ecmicrophones.com\/?post_type=product&#038;p=1246"},"modified":"2026-03-19T15:23:49","modified_gmt":"2026-03-19T07:23:49","slug":"9-7mm-unidirectional-electret-condenser-microphone-element","status":"publish","type":"product","link":"https:\/\/ecmicrophones.com\/fr\/9-7mm-unidirectional-electret-condenser-microphone-element\/","title":{"rendered":"\u00c9l\u00e9ment de microphone \u00e0 condensateur \u00e0 \u00e9lectret unidirectionnel de 9,7 mm"},"content":{"rendered":"<h2 class=\"text-start\">Sp\u00e9cifications techniques<\/h2>\n<p class=\"text-start\">L'ECM-B9750UL38-SD1033 est une capsule de microphone unidirectionnel haute performance con\u00e7ue pour la capture de sons directionnels pr\u00e9cis. Mesurant 9,7 \u00d7 5 mm, elle est dot\u00e9e de deux condensateurs et d'un c\u0153ur de micro RF cor\u00e9en, ce qui lui conf\u00e8re une forte r\u00e9sistance aux interf\u00e9rences RF et un fonctionnement stable.<\/p>\n<p class=\"text-start\">Avec une r\u00e9ponse en fr\u00e9quence de 50Hz~16KHz, cette capsule offre une reproduction audio claire et naturelle, ce qui la rend adapt\u00e9e aux microphones directionnels, aux syst\u00e8mes de conf\u00e9rence et aux appareils audio haute-fid\u00e9lit\u00e9. Sa conception compacte permet de l'int\u00e9grer facilement dans diverses applications.<\/p>\n<p class=\"text-start\">Pour les dispositifs n\u00e9cessitant des sondes pr\u00e9-attach\u00e9es, il convient de prendre en compte les \u00e9l\u00e9ments suivants <a href=\"https:\/\/ecmicrophones.com\/fr\/9-7mm-unidirectional-microphone-element-for-long-distance-pickup\/\">Version avec plomb de 60 mm<\/a>.<\/p>\n<h3 class=\"pt-5 text-start\">Circuit d&#039;essai standard<\/h3>\n<p><img loading=\"lazy\" decoding=\"async\" class=\"alignnone size-full wp-image-1247\" src=\"https:\/\/ecmicrophones.com\/wp-content\/uploads\/2024\/07\/standard-test-circuit_ecm-b9750ul38-sd1033.png\" alt=\"Circuit d&#039;essai standard\" width=\"647\" height=\"228\" srcset=\"https:\/\/ecmicrophones.com\/wp-content\/uploads\/2024\/07\/standard-test-circuit_ecm-b9750ul38-sd1033.png 647w, https:\/\/ecmicrophones.com\/wp-content\/uploads\/2024\/07\/standard-test-circuit_ecm-b9750ul38-sd1033-300x106.png 300w, https:\/\/ecmicrophones.com\/wp-content\/uploads\/2024\/07\/standard-test-circuit_ecm-b9750ul38-sd1033-18x6.png 18w, https:\/\/ecmicrophones.com\/wp-content\/uploads\/2024\/07\/standard-test-circuit_ecm-b9750ul38-sd1033-600x211.png 600w\" sizes=\"auto, (max-width: 647px) 100vw, 647px\" \/><\/p>\n<p>Conditions d'essai : R\u00e9sistance de charge (RL) = 680\u03a9, Tension d'alimentation (VS) = 1,5V, Condensateur de couplage (C) = 1\u03bcF.<\/p>\n<h3 class=\"pt-5 text-start\">R\u00e9ponse en fr\u00e9quence typique<\/h3>\n<p><img loading=\"lazy\" decoding=\"async\" class=\"alignnone size-full wp-image-1248\" src=\"https:\/\/ecmicrophones.com\/wp-content\/uploads\/2024\/07\/typical-frequency-response_ecm-b9750ul38-sd1033.png\" alt=\"R\u00e9ponse en fr\u00e9quence typique\" width=\"640\" height=\"263\" srcset=\"https:\/\/ecmicrophones.com\/wp-content\/uploads\/2024\/07\/typical-frequency-response_ecm-b9750ul38-sd1033.png 640w, https:\/\/ecmicrophones.com\/wp-content\/uploads\/2024\/07\/typical-frequency-response_ecm-b9750ul38-sd1033-300x123.png 300w, https:\/\/ecmicrophones.com\/wp-content\/uploads\/2024\/07\/typical-frequency-response_ecm-b9750ul38-sd1033-18x7.png 18w, https:\/\/ecmicrophones.com\/wp-content\/uploads\/2024\/07\/typical-frequency-response_ecm-b9750ul38-sd1033-600x247.png 600w\" sizes=\"auto, (max-width: 640px) 100vw, 640px\" \/><\/p>\n<p>La r\u00e9ponse en fr\u00e9quence s'\u00e9tend de 100 Hz \u00e0 16 kHz. La courbe augmente rapidement dans la plage des basses fr\u00e9quences, passe \u00e0 une mont\u00e9e plus graduelle autour de 2 kHz et commence \u00e0 s'att\u00e9nuer apr\u00e8s environ 12 kHz.<\/p>\n<h3 class=\"pt-5 text-start\">Dimensions (UNIT : mm)<\/h3>\n<p><img loading=\"lazy\" decoding=\"async\" class=\"alignnone size-full wp-image-1249\" src=\"https:\/\/ecmicrophones.com\/wp-content\/uploads\/2024\/07\/appearance-dimension_ecm-b9750ul38-sd1033.png\" alt=\"Dimension d&#039;apparence\" width=\"668\" height=\"245\" srcset=\"https:\/\/ecmicrophones.com\/wp-content\/uploads\/2024\/07\/appearance-dimension_ecm-b9750ul38-sd1033.png 668w, https:\/\/ecmicrophones.com\/wp-content\/uploads\/2024\/07\/appearance-dimension_ecm-b9750ul38-sd1033-300x110.png 300w, https:\/\/ecmicrophones.com\/wp-content\/uploads\/2024\/07\/appearance-dimension_ecm-b9750ul38-sd1033-18x7.png 18w, https:\/\/ecmicrophones.com\/wp-content\/uploads\/2024\/07\/appearance-dimension_ecm-b9750ul38-sd1033-600x220.png 600w\" sizes=\"auto, (max-width: 668px) 100vw, 668px\" \/><\/p>\n<p>Diam\u00e8tre : 9,7 mm ; hauteur : 5,0 mm. La face avant est recouverte d'un filet anti-poussi\u00e8re et la face arri\u00e8re comporte un orifice d'entr\u00e9e du son.<\/p>","protected":false},"excerpt":{"rendered":"<p>Capsule de microphone unidirectionnel de 9,7 mm avec blindage RF, id\u00e9ale pour la capture de sons directionnels dans les appareils audio professionnels.<\/p>","protected":false},"featured_media":2504,"comment_status":"open","ping_status":"closed","template":"","meta":[],"product_brand":[721],"product_cat":[16,21],"product_tag":[282,235,288],"class_list":{"0":"post-1246","1":"product","2":"type-product","3":"status-publish","4":"has-post-thumbnail","6":"product_brand-ecmic","7":"product_cat-electret-microphones","8":"product_cat-unidirectional-microphones","9":"product_tag-9-7mm","10":"product_tag-conference","11":"product_tag-solder-pads","13":"first","14":"instock","15":"shipping-taxable","16":"purchasable","17":"product-type-simple"},"_links":{"self":[{"href":"https:\/\/ecmicrophones.com\/fr\/wp-json\/wp\/v2\/product\/1246","targetHints":{"allow":["GET"]}}],"collection":[{"href":"https:\/\/ecmicrophones.com\/fr\/wp-json\/wp\/v2\/product"}],"about":[{"href":"https:\/\/ecmicrophones.com\/fr\/wp-json\/wp\/v2\/types\/product"}],"replies":[{"embeddable":true,"href":"https:\/\/ecmicrophones.com\/fr\/wp-json\/wp\/v2\/comments?post=1246"}],"wp:featuredmedia":[{"embeddable":true,"href":"https:\/\/ecmicrophones.com\/fr\/wp-json\/wp\/v2\/media\/2504"}],"wp:attachment":[{"href":"https:\/\/ecmicrophones.com\/fr\/wp-json\/wp\/v2\/media?parent=1246"}],"wp:term":[{"taxonomy":"product_brand","embeddable":true,"href":"https:\/\/ecmicrophones.com\/fr\/wp-json\/wp\/v2\/product_brand?post=1246"},{"taxonomy":"product_cat","embeddable":true,"href":"https:\/\/ecmicrophones.com\/fr\/wp-json\/wp\/v2\/product_cat?post=1246"},{"taxonomy":"product_tag","embeddable":true,"href":"https:\/\/ecmicrophones.com\/fr\/wp-json\/wp\/v2\/product_tag?post=1246"}],"curies":[{"name":"wp","href":"https:\/\/api.w.org\/{rel}","templated":true}]}}