{"id":1260,"date":"2024-07-10T17:36:47","date_gmt":"2024-07-10T09:36:47","guid":{"rendered":"https:\/\/ecmicrophones.com\/?post_type=product&#038;p=1260"},"modified":"2026-03-19T15:46:15","modified_gmt":"2026-03-19T07:46:15","slug":"9-7mm-electret-condenser-microphone-element-for-lavalier-mics","status":"publish","type":"product","link":"https:\/\/ecmicrophones.com\/fr\/9-7mm-electret-condenser-microphone-element-for-lavalier-mics\/","title":{"rendered":"\u00c9l\u00e9ment de microphone \u00e0 condensateur \u00e9lectret 9,7 mm pour micros Lavalier"},"content":{"rendered":"<h2 class=\"text-start\">Sp\u00e9cifications techniques<\/h2>\n<p class=\"text-start\">Notre t\u00eate de microphone \u00e0 revers 9750, un micro unidirectionnel de 9 mm, pr\u00e9sente une sensibilit\u00e9 \u00e9lev\u00e9e, une excellente qualit\u00e9 sonore et une r\u00e9duction efficace du bruit, une annulation et une r\u00e9sistance aux interf\u00e9rences.<\/p>\n<h3 class=\"pt-5 text-start\">Circuit d&#039;essai standard<\/h3>\n<p> <img loading=\"lazy\" decoding=\"async\" src=\"https:\/\/ecmicrophones.com\/wp-content\/uploads\/2024\/07\/standard-test-circuit_ecm-b9750ul-sbn-44.png\" alt=\"Circuit d&#039;essai standard\" width=\"466\" height=\"181\" class=\"alignnone size-full wp-image-1788\" srcset=\"https:\/\/ecmicrophones.com\/wp-content\/uploads\/2024\/07\/standard-test-circuit_ecm-b9750ul-sbn-44.png 466w, https:\/\/ecmicrophones.com\/wp-content\/uploads\/2024\/07\/standard-test-circuit_ecm-b9750ul-sbn-44-300x117.png 300w, https:\/\/ecmicrophones.com\/wp-content\/uploads\/2024\/07\/standard-test-circuit_ecm-b9750ul-sbn-44-18x7.png 18w\" sizes=\"auto, (max-width: 466px) 100vw, 466px\" \/> <\/p>\n<p>Conditions d'essai : R\u00e9sistance de charge (RL) = 680\u03a9, Tension d'alimentation (VS) = 1,5V, Condensateur de couplage (C) = 1\u03bcF.<\/p>\n<h3 class=\"pt-5 text-start\">R\u00e9ponse en fr\u00e9quence typique<\/h3>\n<p> <img loading=\"lazy\" decoding=\"async\" src=\"https:\/\/ecmicrophones.com\/wp-content\/uploads\/2024\/07\/typical-frequency-response_ecm-b9750ul-sbn-44.png\" alt=\"R\u00e9ponse en fr\u00e9quence typique\" width=\"596\" height=\"184\" class=\"alignnone size-full wp-image-1789\" srcset=\"https:\/\/ecmicrophones.com\/wp-content\/uploads\/2024\/07\/typical-frequency-response_ecm-b9750ul-sbn-44.png 596w, https:\/\/ecmicrophones.com\/wp-content\/uploads\/2024\/07\/typical-frequency-response_ecm-b9750ul-sbn-44-300x93.png 300w, https:\/\/ecmicrophones.com\/wp-content\/uploads\/2024\/07\/typical-frequency-response_ecm-b9750ul-sbn-44-18x6.png 18w\" sizes=\"auto, (max-width: 596px) 100vw, 596px\" \/> <\/p>\n<p>Couvrant une plage de 100 Hz \u00e0 16 kHz, la courbe permet d'am\u00e9liorer la clart\u00e9 vocale tout en contr\u00f4lant les bruits de fond. Les basses fr\u00e9quences croissantes aident \u00e0 renforcer la parole capt\u00e9e \u00e0 partir d'un positionnement au niveau de la poitrine.<\/p>\n<h3 class=\"pt-5 text-start\">Dimensions (UNIT : mm)<\/h3>\n<p> <img loading=\"lazy\" decoding=\"async\" src=\"https:\/\/ecmicrophones.com\/wp-content\/uploads\/2024\/07\/appearance-dimension_ecm-b9750ul-sbn-44.png\" alt=\"Dimension d&#039;apparence\" width=\"290\" height=\"281\" class=\"alignnone size-full wp-image-1787\" srcset=\"https:\/\/ecmicrophones.com\/wp-content\/uploads\/2024\/07\/appearance-dimension_ecm-b9750ul-sbn-44.png 290w, https:\/\/ecmicrophones.com\/wp-content\/uploads\/2024\/07\/appearance-dimension_ecm-b9750ul-sbn-44-12x12.png 12w\" sizes=\"auto, (max-width: 290px) 100vw, 290px\" \/> <\/p>\n<p>Diam\u00e8tre : 9,7 mm ; hauteur : 5,0 mm. Filet anti-poussi\u00e8re \u00e0 l'avant ; port audio \u00e0 l'arri\u00e8re.<\/p>","protected":false},"excerpt":{"rendered":"<p>L&#039;ECM-B9750UL-SBN-44 est une capsule de microphone unidirectionnelle de 9,7 \u00d7 5 mm, avec une sensibilit\u00e9 de -44 dB\u00b13 et un rapport signal\/bruit de 58 dB. Elle est principalement utilis\u00e9e dans les micros-casques et les microphones-cravates, garantissant des performances fiables pour les applications audio professionnelles.<\/p>","protected":false},"featured_media":2506,"comment_status":"open","ping_status":"closed","template":"","meta":[],"product_brand":[721],"product_cat":[21,16],"product_tag":[282,235,288],"class_list":{"0":"post-1260","1":"product","2":"type-product","3":"status-publish","4":"has-post-thumbnail","6":"product_brand-ecmic","7":"product_cat-unidirectional-microphones","8":"product_cat-electret-microphones","9":"product_tag-9-7mm","10":"product_tag-conference","11":"product_tag-solder-pads","13":"first","14":"instock","15":"shipping-taxable","16":"purchasable","17":"product-type-simple"},"_links":{"self":[{"href":"https:\/\/ecmicrophones.com\/fr\/wp-json\/wp\/v2\/product\/1260","targetHints":{"allow":["GET"]}}],"collection":[{"href":"https:\/\/ecmicrophones.com\/fr\/wp-json\/wp\/v2\/product"}],"about":[{"href":"https:\/\/ecmicrophones.com\/fr\/wp-json\/wp\/v2\/types\/product"}],"replies":[{"embeddable":true,"href":"https:\/\/ecmicrophones.com\/fr\/wp-json\/wp\/v2\/comments?post=1260"}],"wp:featuredmedia":[{"embeddable":true,"href":"https:\/\/ecmicrophones.com\/fr\/wp-json\/wp\/v2\/media\/2506"}],"wp:attachment":[{"href":"https:\/\/ecmicrophones.com\/fr\/wp-json\/wp\/v2\/media?parent=1260"}],"wp:term":[{"taxonomy":"product_brand","embeddable":true,"href":"https:\/\/ecmicrophones.com\/fr\/wp-json\/wp\/v2\/product_brand?post=1260"},{"taxonomy":"product_cat","embeddable":true,"href":"https:\/\/ecmicrophones.com\/fr\/wp-json\/wp\/v2\/product_cat?post=1260"},{"taxonomy":"product_tag","embeddable":true,"href":"https:\/\/ecmicrophones.com\/fr\/wp-json\/wp\/v2\/product_tag?post=1260"}],"curies":[{"name":"wp","href":"https:\/\/api.w.org\/{rel}","templated":true}]}}