{"id":130,"date":"2024-03-27T11:26:14","date_gmt":"2024-03-27T11:26:14","guid":{"rendered":"https:\/\/ecmicrophones.com\/?post_type=product&#038;p=130"},"modified":"2026-03-19T15:41:09","modified_gmt":"2026-03-19T07:41:09","slug":"omnidirectional-electret-microphone-capsule-6mm","status":"publish","type":"product","link":"https:\/\/ecmicrophones.com\/fr\/omnidirectional-electret-microphone-capsule-6mm\/","title":{"rendered":"Capsule de microphone \u00e0 \u00e9lectret omnidirectionnel de 6 mm avec broches"},"content":{"rendered":"<h2 class=\"text-start\">Sp\u00e9cifications techniques<\/h2>\n<p class=\"text-start\">Notre t\u00eate de microphone enfichable 6050 est un transducteur \u00e0 \u00e9lectret omnidirectionnel dot\u00e9 de doubles condensateurs int\u00e9gr\u00e9s pour un blindage efficace contre les interf\u00e9rences RF. Il est produit \u00e0 partir de JFET import\u00e9 et de mat\u00e9riaux respectueux de l&#039;environnement, garantissant des performances et une durabilit\u00e9 \u00e9lev\u00e9es.<\/p>\n<h3 class=\"pt-5 text-start\">Circuit d&#039;essai standard<\/h3>\n<p> <img loading=\"lazy\" decoding=\"async\" class=\"alignnone size-full wp-image-275\" src=\"https:\/\/ecmicrophones.com\/wp-content\/uploads\/2024\/03\/standard-test-circuit_ecm-b6050ap40-069.png\" alt=\"Circuit d&#039;essai standard\" width=\"543\" height=\"237\" srcset=\"https:\/\/ecmicrophones.com\/wp-content\/uploads\/2024\/03\/standard-test-circuit_ecm-b6050ap40-069.png 543w, https:\/\/ecmicrophones.com\/wp-content\/uploads\/2024\/03\/standard-test-circuit_ecm-b6050ap40-069-300x131.png 300w, https:\/\/ecmicrophones.com\/wp-content\/uploads\/2024\/03\/standard-test-circuit_ecm-b6050ap40-069-18x8.png 18w\" sizes=\"auto, (max-width: 543px) 100vw, 543px\" \/> <\/p>\n<p>Conditions de test : RL = 2,2k\u03a9, Vs = 2V, C = 1\u03bcF<\/p>\n<h3 class=\"pt-5 text-start\">R\u00e9ponse en fr\u00e9quence typique<\/h3>\n<p> <img loading=\"lazy\" decoding=\"async\" class=\"alignnone size-full wp-image-276\" src=\"https:\/\/ecmicrophones.com\/wp-content\/uploads\/2024\/03\/typical-frequency-response_ecm-b6050ap40-069.png\" alt=\"R\u00e9ponse en fr\u00e9quence typique\" width=\"397\" height=\"284\" srcset=\"https:\/\/ecmicrophones.com\/wp-content\/uploads\/2024\/03\/typical-frequency-response_ecm-b6050ap40-069.png 397w, https:\/\/ecmicrophones.com\/wp-content\/uploads\/2024\/03\/typical-frequency-response_ecm-b6050ap40-069-300x215.png 300w, https:\/\/ecmicrophones.com\/wp-content\/uploads\/2024\/03\/typical-frequency-response_ecm-b6050ap40-069-18x12.png 18w\" sizes=\"auto, (max-width: 397px) 100vw, 397px\" \/> <\/p>\n<p>La r\u00e9ponse en fr\u00e9quence s'\u00e9tend de 50 Hz \u00e0 20 kHz. Elle reste plate de 50 Hz \u00e0 3 kHz, puis augmente entre 3 kHz et 6 kHz pour am\u00e9liorer la pr\u00e9sence vocale. Apr\u00e8s 6 kHz, la r\u00e9ponse commence \u00e0 s'att\u00e9nuer r\u00e9guli\u00e8rement vers les hautes fr\u00e9quences.<\/p>\n<h3 class=\"pt-5 text-start\">Dimensions (UNIT : mm)<\/h3>\n<p> <img loading=\"lazy\" decoding=\"async\" class=\"alignnone size-full wp-image-277\" src=\"https:\/\/ecmicrophones.com\/wp-content\/uploads\/2024\/03\/appearance-dimension_ecm-b6050ap40-069.png\" alt=\"Dimension d&#039;apparence\" width=\"238\" height=\"395\" srcset=\"https:\/\/ecmicrophones.com\/wp-content\/uploads\/2024\/03\/appearance-dimension_ecm-b6050ap40-069.png 238w, https:\/\/ecmicrophones.com\/wp-content\/uploads\/2024\/03\/appearance-dimension_ecm-b6050ap40-069-181x300.png 181w, https:\/\/ecmicrophones.com\/wp-content\/uploads\/2024\/03\/appearance-dimension_ecm-b6050ap40-069-7x12.png 7w\" sizes=\"auto, (max-width: 238px) 100vw, 238px\" \/> <\/p>\n<p>Dimensions de la capsule : 6,0 mm de diam\u00e8tre \u00d7 5,0 mm de hauteur. La face avant est munie d'un filet anti-poussi\u00e8re, tandis que l'arri\u00e8re est scell\u00e9 et ne comporte pas de port acoustique. La capsule est \u00e9quip\u00e9e de broches de 4,5 mm, espac\u00e9es de 1,9 mm.<\/p>","protected":false},"excerpt":{"rendered":"<p>L&#039;ECM-B6050AP40-069 est une capsule de micro \u00e0 \u00e9lectret omnidirectionnel de 6 x 5 mm avec 2 broches, une sensibilit\u00e9 de -40 dB \u00b1 2 et un SNR de 60 dB. Id\u00e9al pour les micros d&#039;instruments, les compteurs de bruit, les talkies-walkies et les enregistrements de micros-cravates.<\/p>","protected":false},"featured_media":2573,"comment_status":"open","ping_status":"closed","template":"","meta":[],"product_brand":[721],"product_cat":[16,20],"product_tag":[283,229,291],"class_list":{"0":"post-130","1":"product","2":"type-product","3":"status-publish","4":"has-post-thumbnail","6":"product_brand-ecmic","7":"product_cat-electret-microphones","8":"product_cat-omnidirectional-microphones","9":"product_tag-6mm","10":"product_tag-equipment","11":"product_tag-pin-type","13":"first","14":"instock","15":"shipping-taxable","16":"purchasable","17":"product-type-simple"},"_links":{"self":[{"href":"https:\/\/ecmicrophones.com\/fr\/wp-json\/wp\/v2\/product\/130","targetHints":{"allow":["GET"]}}],"collection":[{"href":"https:\/\/ecmicrophones.com\/fr\/wp-json\/wp\/v2\/product"}],"about":[{"href":"https:\/\/ecmicrophones.com\/fr\/wp-json\/wp\/v2\/types\/product"}],"replies":[{"embeddable":true,"href":"https:\/\/ecmicrophones.com\/fr\/wp-json\/wp\/v2\/comments?post=130"}],"wp:featuredmedia":[{"embeddable":true,"href":"https:\/\/ecmicrophones.com\/fr\/wp-json\/wp\/v2\/media\/2573"}],"wp:attachment":[{"href":"https:\/\/ecmicrophones.com\/fr\/wp-json\/wp\/v2\/media?parent=130"}],"wp:term":[{"taxonomy":"product_brand","embeddable":true,"href":"https:\/\/ecmicrophones.com\/fr\/wp-json\/wp\/v2\/product_brand?post=130"},{"taxonomy":"product_cat","embeddable":true,"href":"https:\/\/ecmicrophones.com\/fr\/wp-json\/wp\/v2\/product_cat?post=130"},{"taxonomy":"product_tag","embeddable":true,"href":"https:\/\/ecmicrophones.com\/fr\/wp-json\/wp\/v2\/product_tag?post=130"}],"curies":[{"name":"wp","href":"https:\/\/api.w.org\/{rel}","templated":true}]}}