{"id":137,"date":"2024-03-27T11:31:34","date_gmt":"2024-03-27T11:31:34","guid":{"rendered":"https:\/\/ecmicrophones.com\/?post_type=product&#038;p=137"},"modified":"2026-03-19T15:41:21","modified_gmt":"2026-03-19T07:41:21","slug":"10mm-omnidirectional-electret-condenser-microphone-capsule-for-vocal-recording","status":"publish","type":"product","link":"https:\/\/ecmicrophones.com\/fr\/10mm-omnidirectional-electret-condenser-microphone-capsule-for-vocal-recording\/","title":{"rendered":"Capsule de microphone \u00e0 condensateur \u00e9lectrique omnidirectionnel de 10 mm pour l&#039;enregistrement vocal"},"content":{"rendered":"<h2 class=\"text-start\">Sp\u00e9cifications techniques<\/h2>\n<p class=\"text-start\">Avec un taux de distorsion de \u22641% et un rapport signal\/bruit de 76 dB, notre t\u00eate de microphone de studio 1045 offre un faible bruit et une haute fid\u00e9lit\u00e9, ce qui la rend parfaite pour les enregistrements en studio.<\/p>\n<h3 class=\"pt-5 text-start\">Circuit d&#039;essai standard<\/h3>\n<p><img loading=\"lazy\" decoding=\"async\" class=\"alignnone size-full wp-image-279\" src=\"https:\/\/ecmicrophones.com\/wp-content\/uploads\/2024\/03\/standard-test-circuit_ecm-b1045aml36-061.png\" alt=\"Circuit de test ECM-B1045AML36 : 15k\u03a9 de polarisation, 2V d&#039;alimentation, 1\u03bcF de sortie.\" width=\"480\" height=\"211\" srcset=\"https:\/\/ecmicrophones.com\/wp-content\/uploads\/2024\/03\/standard-test-circuit_ecm-b1045aml36-061.png 480w, https:\/\/ecmicrophones.com\/wp-content\/uploads\/2024\/03\/standard-test-circuit_ecm-b1045aml36-061-300x132.png 300w, https:\/\/ecmicrophones.com\/wp-content\/uploads\/2024\/03\/standard-test-circuit_ecm-b1045aml36-061-18x8.png 18w\" sizes=\"auto, (max-width: 480px) 100vw, 480px\" \/><\/p>\n<p>R\u00e9sistance de polarisation de 15k\u03a9, alimentation en courant continu de 2V, condensateur de sortie de 1\u03bcF. Configuration de microphone \u00e0 haute imp\u00e9dance.<\/p>\n<h3 class=\"pt-5 text-start\">R\u00e9ponse en fr\u00e9quence typique<\/h3>\n<p><img loading=\"lazy\" decoding=\"async\" class=\"alignnone size-full wp-image-280\" src=\"https:\/\/ecmicrophones.com\/wp-content\/uploads\/2024\/03\/typical-frequency-response_ecm-b1045aml36-061.png\" alt=\"ECM-B1045AML36 R\u00e9ponse en fr\u00e9quence\" width=\"397\" height=\"284\" srcset=\"https:\/\/ecmicrophones.com\/wp-content\/uploads\/2024\/03\/typical-frequency-response_ecm-b1045aml36-061.png 397w, https:\/\/ecmicrophones.com\/wp-content\/uploads\/2024\/03\/typical-frequency-response_ecm-b1045aml36-061-300x215.png 300w, https:\/\/ecmicrophones.com\/wp-content\/uploads\/2024\/03\/typical-frequency-response_ecm-b1045aml36-061-18x12.png 18w\" sizes=\"auto, (max-width: 397px) 100vw, 397px\" \/><\/p>\n<p>Baisse du m\u00e9dium (4-5 kHz) suivie d'une augmentation de la pr\u00e9sence (5-8 kHz) et d'une diminution du haut de gamme.<\/p>\n<h3 class=\"pt-5 text-start\">Dimensions (Unit\u00e9 : mm)<\/h3>\n<p><img loading=\"lazy\" decoding=\"async\" class=\"alignnone size-full wp-image-281\" src=\"https:\/\/ecmicrophones.com\/wp-content\/uploads\/2024\/03\/appearance-dimension_ecm-b1045aml36-061.png\" alt=\"ECM-B1045AML36 Dimensions : \u03a610\u00d74.5mm conception \u00e9tanche\" width=\"545\" height=\"368\" srcset=\"https:\/\/ecmicrophones.com\/wp-content\/uploads\/2024\/03\/appearance-dimension_ecm-b1045aml36-061.png 545w, https:\/\/ecmicrophones.com\/wp-content\/uploads\/2024\/03\/appearance-dimension_ecm-b1045aml36-061-300x203.png 300w, https:\/\/ecmicrophones.com\/wp-content\/uploads\/2024\/03\/appearance-dimension_ecm-b1045aml36-061-18x12.png 18w\" sizes=\"auto, (max-width: 545px) 100vw, 545px\" \/><\/p>\n<p>Bo\u00eetier compact \u03a610\u00d74,5mm avec filet anti-poussi\u00e8re \u00e0 l'avant (dos non d\u00e9port\u00e9).<\/p>","protected":false},"excerpt":{"rendered":"<p>L&#039;ECM-B1045AML36-061 est une capsule de microphone omnidirectionnelle de 10 \u00d7 4,5 mm con\u00e7ue pour les configurations d&#039;enregistrement en studio et les environnements d&#039;enregistrement vocal, avec une sensibilit\u00e9 de -36 dB \u00b1 2 et un rapport signal\/bruit de 76 dB.<\/p>","protected":false},"featured_media":2517,"comment_status":"open","ping_status":"closed","template":"","meta":[],"product_brand":[721],"product_cat":[16,20],"product_tag":[281,288,116],"class_list":{"0":"post-137","1":"product","2":"type-product","3":"status-publish","4":"has-post-thumbnail","6":"product_brand-ecmic","7":"product_cat-electret-microphones","8":"product_cat-omnidirectional-microphones","9":"product_tag-10mm","10":"product_tag-solder-pads","11":"product_tag-vocal","13":"first","14":"instock","15":"shipping-taxable","16":"purchasable","17":"product-type-simple"},"_links":{"self":[{"href":"https:\/\/ecmicrophones.com\/fr\/wp-json\/wp\/v2\/product\/137","targetHints":{"allow":["GET"]}}],"collection":[{"href":"https:\/\/ecmicrophones.com\/fr\/wp-json\/wp\/v2\/product"}],"about":[{"href":"https:\/\/ecmicrophones.com\/fr\/wp-json\/wp\/v2\/types\/product"}],"replies":[{"embeddable":true,"href":"https:\/\/ecmicrophones.com\/fr\/wp-json\/wp\/v2\/comments?post=137"}],"wp:featuredmedia":[{"embeddable":true,"href":"https:\/\/ecmicrophones.com\/fr\/wp-json\/wp\/v2\/media\/2517"}],"wp:attachment":[{"href":"https:\/\/ecmicrophones.com\/fr\/wp-json\/wp\/v2\/media?parent=137"}],"wp:term":[{"taxonomy":"product_brand","embeddable":true,"href":"https:\/\/ecmicrophones.com\/fr\/wp-json\/wp\/v2\/product_brand?post=137"},{"taxonomy":"product_cat","embeddable":true,"href":"https:\/\/ecmicrophones.com\/fr\/wp-json\/wp\/v2\/product_cat?post=137"},{"taxonomy":"product_tag","embeddable":true,"href":"https:\/\/ecmicrophones.com\/fr\/wp-json\/wp\/v2\/product_tag?post=137"}],"curies":[{"name":"wp","href":"https:\/\/api.w.org\/{rel}","templated":true}]}}