{"id":144,"date":"2024-03-27T11:36:07","date_gmt":"2024-03-27T11:36:07","guid":{"rendered":"https:\/\/ecmicrophones.com\/?post_type=product&#038;p=144"},"modified":"2026-03-19T15:41:30","modified_gmt":"2026-03-19T07:41:30","slug":"high-temperature-resistant-electret-condenser-microphone","status":"publish","type":"product","link":"https:\/\/ecmicrophones.com\/fr\/high-temperature-resistant-electret-condenser-microphone\/","title":{"rendered":"Microphone \u00e0 condensateur \u00e9lectret r\u00e9sistant aux hautes temp\u00e9ratures"},"content":{"rendered":"<h2 class=\"text-start\">Sp\u00e9cifications techniques<\/h2>\n<p class=\"text-start\">La t\u00eate de microphone \u00e0 montage en surface 4013 pr\u00e9sente une r\u00e9sistance aux hautes temp\u00e9ratures et aux interf\u00e9rences, gr\u00e2ce \u00e0 son noyau de microphone SMD (Surface Mount Device).<\/p>\n<h3 class=\"pt-5 text-start\">Circuit d&#039;essai standard<\/h3>\n<p><img loading=\"lazy\" decoding=\"async\" class=\"alignnone size-full wp-image-283\" src=\"https:\/\/ecmicrophones.com\/wp-content\/uploads\/2024\/03\/standard-test-circuit_ecm-b4013al38rc-smd.jpg\" alt=\"Circuit d&#039;essai standard\" width=\"668\" height=\"192\" srcset=\"https:\/\/ecmicrophones.com\/wp-content\/uploads\/2024\/03\/standard-test-circuit_ecm-b4013al38rc-smd.jpg 668w, https:\/\/ecmicrophones.com\/wp-content\/uploads\/2024\/03\/standard-test-circuit_ecm-b4013al38rc-smd-300x86.jpg 300w, https:\/\/ecmicrophones.com\/wp-content\/uploads\/2024\/03\/standard-test-circuit_ecm-b4013al38rc-smd-18x5.jpg 18w, https:\/\/ecmicrophones.com\/wp-content\/uploads\/2024\/03\/standard-test-circuit_ecm-b4013al38rc-smd-600x172.jpg 600w\" sizes=\"auto, (max-width: 668px) 100vw, 668px\" \/><\/p>\n<p>Conditions d'essai : RL=2.2k\u03a9, VS=2V, C1=10pF, R1=330\u03a9.<\/p>\n<h3 class=\"pt-5 text-start\">R\u00e9ponse en fr\u00e9quence typique<\/h3>\n<p><img loading=\"lazy\" decoding=\"async\" class=\"alignnone size-full wp-image-284\" src=\"https:\/\/ecmicrophones.com\/wp-content\/uploads\/2024\/03\/typical-frequency-response_ecm-b4013al38rc-smd.png\" alt=\"R\u00e9ponse en fr\u00e9quence typique\" width=\"621\" height=\"195\" srcset=\"https:\/\/ecmicrophones.com\/wp-content\/uploads\/2024\/03\/typical-frequency-response_ecm-b4013al38rc-smd.png 621w, https:\/\/ecmicrophones.com\/wp-content\/uploads\/2024\/03\/typical-frequency-response_ecm-b4013al38rc-smd-300x94.png 300w, https:\/\/ecmicrophones.com\/wp-content\/uploads\/2024\/03\/typical-frequency-response_ecm-b4013al38rc-smd-18x6.png 18w, https:\/\/ecmicrophones.com\/wp-content\/uploads\/2024\/03\/typical-frequency-response_ecm-b4013al38rc-smd-600x188.png 600w\" sizes=\"auto, (max-width: 621px) 100vw, 621px\" \/><\/p>\n<p>La r\u00e9ponse en fr\u00e9quence est plate de 50 Hz \u00e0 environ 3 kHz, avec une diminution progressive \u00e0 partir de 3 kHz jusqu'\u00e0 16 kHz.<\/p>\n<h3 class=\"pt-5 text-start\">Dimensions (UNIT : mm)<\/h3>\n<p><img loading=\"lazy\" decoding=\"async\" class=\"alignnone size-full wp-image-285\" src=\"https:\/\/ecmicrophones.com\/wp-content\/uploads\/2024\/03\/appearance-dimension_ecm-b4013al38rc-smd.png\" alt=\"Dimension d&#039;apparence\" width=\"757\" height=\"235\" srcset=\"https:\/\/ecmicrophones.com\/wp-content\/uploads\/2024\/03\/appearance-dimension_ecm-b4013al38rc-smd.png 757w, https:\/\/ecmicrophones.com\/wp-content\/uploads\/2024\/03\/appearance-dimension_ecm-b4013al38rc-smd-300x93.png 300w, https:\/\/ecmicrophones.com\/wp-content\/uploads\/2024\/03\/appearance-dimension_ecm-b4013al38rc-smd-18x6.png 18w, https:\/\/ecmicrophones.com\/wp-content\/uploads\/2024\/03\/appearance-dimension_ecm-b4013al38rc-smd-600x186.png 600w\" sizes=\"auto, (max-width: 757px) 100vw, 757px\" \/><\/p>\n<p>Microphone \u00e9lectret SMD compact mesurant 4 mm de diam\u00e8tre et 1,3 mm de hauteur.<\/p>","protected":false},"excerpt":{"rendered":"<p>Le ECM-B4013AL38RC-SMD est un microphone SMD 4 \u00d7 1,3 mm adapt\u00e9 aux casques Bluetooth TWS, aux haut-parleurs, aux jouets et aux produits similaires. Avec une directivit\u00e9 omnidirectionnelle et une sensibilit\u00e9 de -38 dB \u00b1 3, il assure une capture sonore claire.<\/p>","protected":false},"featured_media":2433,"comment_status":"open","ping_status":"closed","template":"","meta":[],"product_brand":[721],"product_cat":[18],"product_tag":[284,229],"class_list":{"0":"post-144","1":"product","2":"type-product","3":"status-publish","4":"has-post-thumbnail","6":"product_brand-ecmic","7":"product_cat-smd-microphones","8":"product_tag-4mm","9":"product_tag-equipment","11":"first","12":"instock","13":"shipping-taxable","14":"purchasable","15":"product-type-simple"},"_links":{"self":[{"href":"https:\/\/ecmicrophones.com\/fr\/wp-json\/wp\/v2\/product\/144","targetHints":{"allow":["GET"]}}],"collection":[{"href":"https:\/\/ecmicrophones.com\/fr\/wp-json\/wp\/v2\/product"}],"about":[{"href":"https:\/\/ecmicrophones.com\/fr\/wp-json\/wp\/v2\/types\/product"}],"replies":[{"embeddable":true,"href":"https:\/\/ecmicrophones.com\/fr\/wp-json\/wp\/v2\/comments?post=144"}],"wp:featuredmedia":[{"embeddable":true,"href":"https:\/\/ecmicrophones.com\/fr\/wp-json\/wp\/v2\/media\/2433"}],"wp:attachment":[{"href":"https:\/\/ecmicrophones.com\/fr\/wp-json\/wp\/v2\/media?parent=144"}],"wp:term":[{"taxonomy":"product_brand","embeddable":true,"href":"https:\/\/ecmicrophones.com\/fr\/wp-json\/wp\/v2\/product_brand?post=144"},{"taxonomy":"product_cat","embeddable":true,"href":"https:\/\/ecmicrophones.com\/fr\/wp-json\/wp\/v2\/product_cat?post=144"},{"taxonomy":"product_tag","embeddable":true,"href":"https:\/\/ecmicrophones.com\/fr\/wp-json\/wp\/v2\/product_tag?post=144"}],"curies":[{"name":"wp","href":"https:\/\/api.w.org\/{rel}","templated":true}]}}