{"id":152,"date":"2024-03-27T11:41:05","date_gmt":"2024-03-27T11:41:05","guid":{"rendered":"https:\/\/ecmicrophones.com\/?post_type=product&#038;p=152"},"modified":"2026-03-19T15:41:40","modified_gmt":"2026-03-19T07:41:40","slug":"5-8mm-omnidirectional-electret-microphone-element-for-instruments","status":"publish","type":"product","link":"https:\/\/ecmicrophones.com\/fr\/5-8mm-omnidirectional-electret-microphone-element-for-instruments\/","title":{"rendered":"\u00c9l\u00e9ment de microphone \u00e0 \u00e9lectret omnidirectionnel de 5,8 mm pour instruments"},"content":{"rendered":"<h2 class=\"text-start\">Sp\u00e9cifications techniques<\/h2>\n<p class=\"text-start\">Sp\u00e9cialement con\u00e7ue pour la prise de son d&#039;instruments, notre t\u00eate de microphone 5820 b\u00e9n\u00e9ficie d&#039;un taux de distorsion de 120 dB THD\u22641% et d&#039;un rapport signal\/bruit de 73 dB, offrant un son Hi-Fi avec un minimum de bruit.<\/p>\n<h3 class=\"pt-5 text-start\">Circuit d&#039;essai standard<\/h3>\n<p><img loading=\"lazy\" decoding=\"async\" class=\"alignnone size-full wp-image-289\" src=\"https:\/\/ecmicrophones.com\/wp-content\/uploads\/2024\/03\/standard-test-circuit_ecm-b5820aml40-522.png\" alt=\"ECM-B5820AML40-522 Circuit de test standard : 15k\u03a9 de polarisation, 2V d&#039;alimentation, 1\u03bcF de sortie.\" width=\"479\" height=\"230\" srcset=\"https:\/\/ecmicrophones.com\/wp-content\/uploads\/2024\/03\/standard-test-circuit_ecm-b5820aml40-522.png 479w, https:\/\/ecmicrophones.com\/wp-content\/uploads\/2024\/03\/standard-test-circuit_ecm-b5820aml40-522-300x144.png 300w, https:\/\/ecmicrophones.com\/wp-content\/uploads\/2024\/03\/standard-test-circuit_ecm-b5820aml40-522-18x9.png 18w\" sizes=\"auto, (max-width: 479px) 100vw, 479px\" \/><\/p>\n<p>Test\u00e9 avec une r\u00e9sistance de polarisation de 15k\u03a9, une alimentation en courant continu de 2V et un condensateur de sortie de 1\u03bcF.<\/p>\n<h3 class=\"pt-5 text-start\">R\u00e9ponse en fr\u00e9quence typique<\/h3>\n<p><img loading=\"lazy\" decoding=\"async\" class=\"alignnone size-full wp-image-287\" src=\"https:\/\/ecmicrophones.com\/wp-content\/uploads\/2024\/03\/typical-frequency-response_ecm-b5820aml40-522.png\" alt=\"ECM-B5820AML40-522 Courbe de r\u00e9ponse en fr\u00e9quence\" width=\"397\" height=\"284\" srcset=\"https:\/\/ecmicrophones.com\/wp-content\/uploads\/2024\/03\/typical-frequency-response_ecm-b5820aml40-522.png 397w, https:\/\/ecmicrophones.com\/wp-content\/uploads\/2024\/03\/typical-frequency-response_ecm-b5820aml40-522-300x215.png 300w, https:\/\/ecmicrophones.com\/wp-content\/uploads\/2024\/03\/typical-frequency-response_ecm-b5820aml40-522-18x12.png 18w\" sizes=\"auto, (max-width: 397px) 100vw, 397px\" \/><\/p>\n<p>La r\u00e9ponse en fr\u00e9quence s'\u00e9tend de 50 Hz \u00e0 20 kHz avec une courbe g\u00e9n\u00e9rale r\u00e9guli\u00e8re et des fluctuations minimes.<\/p>\n<h3 class=\"pt-5 text-start\">Dimensions (UNIT : mm)<\/h3>\n<p><img loading=\"lazy\" decoding=\"async\" class=\"alignnone size-full wp-image-288\" src=\"https:\/\/ecmicrophones.com\/wp-content\/uploads\/2024\/03\/appearance-dimension_ecm-b5820aml40-522.png\" alt=\"Dimensions de l&#039;ECM-B5820AML40-522 : \u03a65.8\u00d72.0mm\" width=\"492\" height=\"377\" srcset=\"https:\/\/ecmicrophones.com\/wp-content\/uploads\/2024\/03\/appearance-dimension_ecm-b5820aml40-522.png 492w, https:\/\/ecmicrophones.com\/wp-content\/uploads\/2024\/03\/appearance-dimension_ecm-b5820aml40-522-300x230.png 300w, https:\/\/ecmicrophones.com\/wp-content\/uploads\/2024\/03\/appearance-dimension_ecm-b5820aml40-522-16x12.png 16w\" sizes=\"auto, (max-width: 492px) 100vw, 492px\" \/><\/p>\n<p>Capsule compacte de dimensions \u03a65.8 \u00d7 2.0mm avec un dos scell\u00e9 sans ouverture arri\u00e8re.<\/p>","protected":false},"excerpt":{"rendered":"<p>L&#039;ECM-B5820AML40-522 est une capsule de microphone omnidirectionnelle de 5,8 \u00d7 2 mm id\u00e9ale pour les applications d&#039;enregistrement acoustique et de prise de son d&#039;instrument. Elle pr\u00e9sente une sensibilit\u00e9 de -40 dB\u00b12 et un rapport signal\/bruit de 73 dB, garantissant une capture audio de haute qualit\u00e9.<\/p>","protected":false},"featured_media":2553,"comment_status":"open","ping_status":"closed","template":"","meta":[],"product_brand":[721],"product_cat":[16,20],"product_tag":[286,111,288],"class_list":{"0":"post-152","1":"product","2":"type-product","3":"status-publish","4":"has-post-thumbnail","6":"product_brand-ecmic","7":"product_cat-electret-microphones","8":"product_cat-omnidirectional-microphones","9":"product_tag-5-8mm","10":"product_tag-instrument","11":"product_tag-solder-pads","13":"first","14":"instock","15":"shipping-taxable","16":"purchasable","17":"product-type-simple"},"_links":{"self":[{"href":"https:\/\/ecmicrophones.com\/fr\/wp-json\/wp\/v2\/product\/152","targetHints":{"allow":["GET"]}}],"collection":[{"href":"https:\/\/ecmicrophones.com\/fr\/wp-json\/wp\/v2\/product"}],"about":[{"href":"https:\/\/ecmicrophones.com\/fr\/wp-json\/wp\/v2\/types\/product"}],"replies":[{"embeddable":true,"href":"https:\/\/ecmicrophones.com\/fr\/wp-json\/wp\/v2\/comments?post=152"}],"wp:featuredmedia":[{"embeddable":true,"href":"https:\/\/ecmicrophones.com\/fr\/wp-json\/wp\/v2\/media\/2553"}],"wp:attachment":[{"href":"https:\/\/ecmicrophones.com\/fr\/wp-json\/wp\/v2\/media?parent=152"}],"wp:term":[{"taxonomy":"product_brand","embeddable":true,"href":"https:\/\/ecmicrophones.com\/fr\/wp-json\/wp\/v2\/product_brand?post=152"},{"taxonomy":"product_cat","embeddable":true,"href":"https:\/\/ecmicrophones.com\/fr\/wp-json\/wp\/v2\/product_cat?post=152"},{"taxonomy":"product_tag","embeddable":true,"href":"https:\/\/ecmicrophones.com\/fr\/wp-json\/wp\/v2\/product_tag?post=152"}],"curies":[{"name":"wp","href":"https:\/\/api.w.org\/{rel}","templated":true}]}}