{"id":1565,"date":"2024-07-20T17:49:24","date_gmt":"2024-07-20T09:49:24","guid":{"rendered":"https:\/\/ecmicrophones.com\/?post_type=product&#038;p=1565"},"modified":"2026-03-19T15:22:06","modified_gmt":"2026-03-19T07:22:06","slug":"4mm-high-sensitivity-electret-microphone-with-pins-for-long-distance-pickup","status":"publish","type":"product","link":"https:\/\/ecmicrophones.com\/fr\/4mm-high-sensitivity-electret-microphone-with-pins-for-long-distance-pickup\/","title":{"rendered":"Microphone \u00e9lectrique haute sensibilit\u00e9 de 4 mm avec broches pour une prise de vue longue distance"},"content":{"rendered":"<h2 class=\"text-start\">Sp\u00e9cifications techniques<\/h2>\n<p class=\"text-start\">Notre t\u00eate de microphone \u00e0 broches 4015 se caract\u00e9rise par une sensibilit\u00e9 \u00e9lev\u00e9e de 30 dB pour la prise de son \u00e0 longue distance. Le scellement des bords, enti\u00e8rement automatis\u00e9, garantit une excellente \u00e9tanch\u00e9it\u00e9 et un faible bruit de fond.<\/p>\n<h3 class=\"pt-5 text-start\">Circuit d&#039;essai standard<\/h3>\n<p> <img loading=\"lazy\" decoding=\"async\" class=\"alignnone size-full wp-image-1567\" src=\"https:\/\/ecmicrophones.com\/wp-content\/uploads\/2024\/07\/standard-test-circuit_ecm-b4015ap-30.png\" alt=\"Circuit d&#039;essai standard\" width=\"546\" height=\"268\" srcset=\"https:\/\/ecmicrophones.com\/wp-content\/uploads\/2024\/07\/standard-test-circuit_ecm-b4015ap-30.png 546w, https:\/\/ecmicrophones.com\/wp-content\/uploads\/2024\/07\/standard-test-circuit_ecm-b4015ap-30-300x147.png 300w, https:\/\/ecmicrophones.com\/wp-content\/uploads\/2024\/07\/standard-test-circuit_ecm-b4015ap-30-18x9.png 18w\" sizes=\"auto, (max-width: 546px) 100vw, 546px\" \/> <\/p>\n<p><strong>Conditions d'essai :<\/strong> RL = 2,2k\u03a9, Vs = 2V, C = 1\u03bcF<\/p>\n<h3 class=\"pt-5 text-start\">R\u00e9ponse en fr\u00e9quence typique<\/h3>\n<p> <img loading=\"lazy\" decoding=\"async\" class=\"alignnone size-full wp-image-1568\" src=\"https:\/\/ecmicrophones.com\/wp-content\/uploads\/2024\/07\/typical-frequency-response_ecm-b4015ap-30.png\" alt=\"R\u00e9ponse en fr\u00e9quence typique\" width=\"552\" height=\"376\" srcset=\"https:\/\/ecmicrophones.com\/wp-content\/uploads\/2024\/07\/typical-frequency-response_ecm-b4015ap-30.png 552w, https:\/\/ecmicrophones.com\/wp-content\/uploads\/2024\/07\/typical-frequency-response_ecm-b4015ap-30-300x204.png 300w, https:\/\/ecmicrophones.com\/wp-content\/uploads\/2024\/07\/typical-frequency-response_ecm-b4015ap-30-18x12.png 18w\" sizes=\"auto, (max-width: 552px) 100vw, 552px\" \/> <\/p>\n<p><strong>Gamme de fr\u00e9quences :<\/strong> 50Hz-20kHz <br \/>La r\u00e9ponse diminue l\u00e9g\u00e8rement entre 1kHz et 3kHz, augmente \u00e0 partir de 3kHz jusqu'\u00e0 un pic pr\u00e8s de 8kHz, puis diminue aux fr\u00e9quences plus \u00e9lev\u00e9es.<\/p>\n<h3 class=\"pt-5 text-start\">Dimensions (UNIT : mm)<\/h3>\n<p> <img loading=\"lazy\" decoding=\"async\" class=\"alignnone size-full wp-image-1566\" src=\"https:\/\/ecmicrophones.com\/wp-content\/uploads\/2024\/07\/appearance-dimension_ecm-b4015ap-30.png\" alt=\"Dimension d&#039;apparence\" width=\"287\" height=\"408\" srcset=\"https:\/\/ecmicrophones.com\/wp-content\/uploads\/2024\/07\/appearance-dimension_ecm-b4015ap-30.png 287w, https:\/\/ecmicrophones.com\/wp-content\/uploads\/2024\/07\/appearance-dimension_ecm-b4015ap-30-211x300.png 211w, https:\/\/ecmicrophones.com\/wp-content\/uploads\/2024\/07\/appearance-dimension_ecm-b4015ap-30-8x12.png 8w\" sizes=\"auto, (max-width: 287px) 100vw, 287px\" \/> <\/p>\n<p>Dimensions de la capsule : 4 mm (diam\u00e8tre) \u00d7 1,5 mm (hauteur). La face avant est munie d'un filet anti-poussi\u00e8re ; il n'y a pas de port acoustique \u00e0 l'arri\u00e8re. \u00c9quip\u00e9 de broches de 2,8 mm, avec un espacement de 1,4 mm.<\/p>","protected":false},"excerpt":{"rendered":"<p>L&#039;ECM-B4015AP-30 est une capsule de microphone omnidirectionnelle 4 \u00d7 1,5 mm avec une sensibilit\u00e9 de -30 dB\u00b12 et un rapport signal\/bruit de 65 dB. Equip\u00e9 de connecteurs \u00e0 broches, il est con\u00e7u pour les appareils de captation audio longue distance.<\/p>","protected":false},"featured_media":2655,"comment_status":"open","ping_status":"closed","template":"","meta":[],"product_brand":[721],"product_cat":[16,20],"product_tag":[284,229,291],"class_list":{"0":"post-1565","1":"product","2":"type-product","3":"status-publish","4":"has-post-thumbnail","6":"product_brand-ecmic","7":"product_cat-electret-microphones","8":"product_cat-omnidirectional-microphones","9":"product_tag-4mm","10":"product_tag-equipment","11":"product_tag-pin-type","13":"first","14":"instock","15":"shipping-taxable","16":"purchasable","17":"product-type-simple"},"_links":{"self":[{"href":"https:\/\/ecmicrophones.com\/fr\/wp-json\/wp\/v2\/product\/1565","targetHints":{"allow":["GET"]}}],"collection":[{"href":"https:\/\/ecmicrophones.com\/fr\/wp-json\/wp\/v2\/product"}],"about":[{"href":"https:\/\/ecmicrophones.com\/fr\/wp-json\/wp\/v2\/types\/product"}],"replies":[{"embeddable":true,"href":"https:\/\/ecmicrophones.com\/fr\/wp-json\/wp\/v2\/comments?post=1565"}],"wp:featuredmedia":[{"embeddable":true,"href":"https:\/\/ecmicrophones.com\/fr\/wp-json\/wp\/v2\/media\/2655"}],"wp:attachment":[{"href":"https:\/\/ecmicrophones.com\/fr\/wp-json\/wp\/v2\/media?parent=1565"}],"wp:term":[{"taxonomy":"product_brand","embeddable":true,"href":"https:\/\/ecmicrophones.com\/fr\/wp-json\/wp\/v2\/product_brand?post=1565"},{"taxonomy":"product_cat","embeddable":true,"href":"https:\/\/ecmicrophones.com\/fr\/wp-json\/wp\/v2\/product_cat?post=1565"},{"taxonomy":"product_tag","embeddable":true,"href":"https:\/\/ecmicrophones.com\/fr\/wp-json\/wp\/v2\/product_tag?post=1565"}],"curies":[{"name":"wp","href":"https:\/\/api.w.org\/{rel}","templated":true}]}}