{"id":1581,"date":"2024-07-20T15:57:28","date_gmt":"2024-07-20T07:57:28","guid":{"rendered":"https:\/\/ecmicrophones.com\/?post_type=product&#038;p=1581"},"modified":"2026-03-19T15:22:46","modified_gmt":"2026-03-19T07:22:46","slug":"6mm-electret-microphone-capsule-with-pins-for-instrument-pickups","status":"publish","type":"product","link":"https:\/\/ecmicrophones.com\/fr\/6mm-electret-microphone-capsule-with-pins-for-instrument-pickups\/","title":{"rendered":"Capsule de microphone \u00e0 \u00e9lectret de 6 mm avec broches pour micros d&#039;instruments"},"content":{"rendered":"<h2 class=\"text-start\">Sp\u00e9cifications techniques<\/h2>\n<p class=\"text-start\">Notre t\u00eate de microphone \u00e0 6022 broches est un noyau de microphone omnidirectionnel, \u00e0 double condensateur et anti-interf\u00e9rence fabriqu\u00e9 avec des mat\u00e9riaux import\u00e9s et respectueux de l&#039;environnement.<\/p>\n<h3 class=\"pt-5 text-start\">Circuit d&#039;essai standard<\/h3>\n<p> <img loading=\"lazy\" decoding=\"async\" class=\"alignnone size-full wp-image-1583\" src=\"https:\/\/ecmicrophones.com\/wp-content\/uploads\/2024\/07\/standard-test-circuit_ecm-b6022ap2.8-44.jpg\" alt=\"Circuit d&#039;essai standard\" width=\"776\" height=\"339\" srcset=\"https:\/\/ecmicrophones.com\/wp-content\/uploads\/2024\/07\/standard-test-circuit_ecm-b6022ap2.8-44.jpg 776w, https:\/\/ecmicrophones.com\/wp-content\/uploads\/2024\/07\/standard-test-circuit_ecm-b6022ap2.8-44-300x131.jpg 300w, https:\/\/ecmicrophones.com\/wp-content\/uploads\/2024\/07\/standard-test-circuit_ecm-b6022ap2.8-44-768x336.jpg 768w, https:\/\/ecmicrophones.com\/wp-content\/uploads\/2024\/07\/standard-test-circuit_ecm-b6022ap2.8-44-18x8.jpg 18w, https:\/\/ecmicrophones.com\/wp-content\/uploads\/2024\/07\/standard-test-circuit_ecm-b6022ap2.8-44-600x262.jpg 600w\" sizes=\"auto, (max-width: 776px) 100vw, 776px\" \/> <\/p>\n<p>Conditions de test : RL = 2,2k\u03a9, Vs = 2V, C = 1\u03bcF<\/p>\n<h3 class=\"pt-5 text-start\">R\u00e9ponse en fr\u00e9quence typique<\/h3>\n<p> <img loading=\"lazy\" decoding=\"async\" class=\"alignnone size-full wp-image-1584\" src=\"https:\/\/ecmicrophones.com\/wp-content\/uploads\/2024\/07\/typical-frequency-response_ecm-b6022ap2.8-44.jpg\" alt=\"R\u00e9ponse en fr\u00e9quence typique\" width=\"783\" height=\"550\" srcset=\"https:\/\/ecmicrophones.com\/wp-content\/uploads\/2024\/07\/typical-frequency-response_ecm-b6022ap2.8-44.jpg 783w, https:\/\/ecmicrophones.com\/wp-content\/uploads\/2024\/07\/typical-frequency-response_ecm-b6022ap2.8-44-300x211.jpg 300w, https:\/\/ecmicrophones.com\/wp-content\/uploads\/2024\/07\/typical-frequency-response_ecm-b6022ap2.8-44-768x539.jpg 768w, https:\/\/ecmicrophones.com\/wp-content\/uploads\/2024\/07\/typical-frequency-response_ecm-b6022ap2.8-44-18x12.jpg 18w, https:\/\/ecmicrophones.com\/wp-content\/uploads\/2024\/07\/typical-frequency-response_ecm-b6022ap2.8-44-600x421.jpg 600w\" sizes=\"auto, (max-width: 783px) 100vw, 783px\" \/> <\/p>\n<p>La r\u00e9ponse en fr\u00e9quence s'\u00e9tend de 50 Hz \u00e0 20 kHz. La courbe augmente r\u00e9guli\u00e8rement de 50 Hz \u00e0 environ 200 Hz, suivie d'une r\u00e9gion relativement stable avec de l\u00e9g\u00e8res fluctuations. Une augmentation plus prononc\u00e9e commence vers 2 kHz, atteignant un pic vers 8 kHz avant de diminuer progressivement. Autour de 10 kHz, une l\u00e9g\u00e8re augmentation se produit \u00e0 nouveau avant la chute finale.<\/p>\n<h3 class=\"pt-5 text-start\">Dimensions (UNIT : mm)<\/h3>\n<p> <img loading=\"lazy\" decoding=\"async\" class=\"alignnone size-full wp-image-1582\" src=\"https:\/\/ecmicrophones.com\/wp-content\/uploads\/2024\/07\/appearance-dimension_ecm-b6022ap2.8-44.jpg\" alt=\"Dimension d&#039;apparence\" width=\"663\" height=\"485\" srcset=\"https:\/\/ecmicrophones.com\/wp-content\/uploads\/2024\/07\/appearance-dimension_ecm-b6022ap2.8-44.jpg 663w, https:\/\/ecmicrophones.com\/wp-content\/uploads\/2024\/07\/appearance-dimension_ecm-b6022ap2.8-44-300x219.jpg 300w, https:\/\/ecmicrophones.com\/wp-content\/uploads\/2024\/07\/appearance-dimension_ecm-b6022ap2.8-44-16x12.jpg 16w, https:\/\/ecmicrophones.com\/wp-content\/uploads\/2024\/07\/appearance-dimension_ecm-b6022ap2.8-44-600x439.jpg 600w\" sizes=\"auto, (max-width: 663px) 100vw, 663px\" \/> <\/p>\n<p>La capsule mesure 6 mm de diam\u00e8tre et 2,2 mm de hauteur. L'avant est dot\u00e9 d'un filet anti-poussi\u00e8re et l'arri\u00e8re est enti\u00e8rement scell\u00e9, sans port acoustique. Elle est \u00e9quip\u00e9e de broches de 2,8 mm, espac\u00e9es de 1,9 mm.<\/p>","protected":false},"excerpt":{"rendered":"<p>L&#039;ECM-B6022AP2.8-44 est une capsule de microphone omnidirectionnelle 6 \u00d7 2,2 mm avec une sensibilit\u00e9 de -44 dB\u00b12 et un rapport signal\/bruit de 55 dB. Il convient aux micros, cam\u00e9ras de documents, interphones et microphones-cravates, offrant une capture audio fiable et claire pour diverses applications.<\/p>","protected":false},"featured_media":2687,"comment_status":"open","ping_status":"closed","template":"","meta":[],"product_brand":[721],"product_cat":[16,20],"product_tag":[283,111,291],"class_list":{"0":"post-1581","1":"product","2":"type-product","3":"status-publish","4":"has-post-thumbnail","6":"product_brand-ecmic","7":"product_cat-electret-microphones","8":"product_cat-omnidirectional-microphones","9":"product_tag-6mm","10":"product_tag-instrument","11":"product_tag-pin-type","13":"first","14":"instock","15":"shipping-taxable","16":"purchasable","17":"product-type-simple"},"_links":{"self":[{"href":"https:\/\/ecmicrophones.com\/fr\/wp-json\/wp\/v2\/product\/1581","targetHints":{"allow":["GET"]}}],"collection":[{"href":"https:\/\/ecmicrophones.com\/fr\/wp-json\/wp\/v2\/product"}],"about":[{"href":"https:\/\/ecmicrophones.com\/fr\/wp-json\/wp\/v2\/types\/product"}],"replies":[{"embeddable":true,"href":"https:\/\/ecmicrophones.com\/fr\/wp-json\/wp\/v2\/comments?post=1581"}],"wp:featuredmedia":[{"embeddable":true,"href":"https:\/\/ecmicrophones.com\/fr\/wp-json\/wp\/v2\/media\/2687"}],"wp:attachment":[{"href":"https:\/\/ecmicrophones.com\/fr\/wp-json\/wp\/v2\/media?parent=1581"}],"wp:term":[{"taxonomy":"product_brand","embeddable":true,"href":"https:\/\/ecmicrophones.com\/fr\/wp-json\/wp\/v2\/product_brand?post=1581"},{"taxonomy":"product_cat","embeddable":true,"href":"https:\/\/ecmicrophones.com\/fr\/wp-json\/wp\/v2\/product_cat?post=1581"},{"taxonomy":"product_tag","embeddable":true,"href":"https:\/\/ecmicrophones.com\/fr\/wp-json\/wp\/v2\/product_tag?post=1581"}],"curies":[{"name":"wp","href":"https:\/\/api.w.org\/{rel}","templated":true}]}}