{"id":159,"date":"2024-03-27T11:46:06","date_gmt":"2024-03-27T11:46:06","guid":{"rendered":"https:\/\/ecmicrophones.com\/?post_type=product&#038;p=159"},"modified":"2026-03-19T15:42:14","modified_gmt":"2026-03-19T07:42:14","slug":"omnidirectional-electret-microphone-capsule-for-2-4g-wireless-lavalier","status":"publish","type":"product","link":"https:\/\/ecmicrophones.com\/fr\/omnidirectional-electret-microphone-capsule-for-2-4g-wireless-lavalier\/","title":{"rendered":"Capsule de microphone \u00e0 \u00e9lectret omnidirectionnel pour Lavalier sans fil 2,4 G"},"content":{"rendered":"<h2 class=\"text-start\">Sp\u00e9cifications techniques<\/h2>\n<p class=\"text-start\">Notre t\u00eate de microphone omnidirectionnelle 6027 offre un rapport signal\/bruit de 73 dB, un niveau de pression acoustique maximum de 125 dB et un taux de distorsion de \u2264 1%, garantissant un faible bruit, une haute fid\u00e9lit\u00e9 et une qualit\u00e9 sonore Hi-Fi pour une reproduction audio pr\u00e9cise.<\/p>\n<h3 class=\"pt-5 text-start\">Circuit d&#039;essai standard<\/h3>\n<p><img loading=\"lazy\" decoding=\"async\" class=\"alignnone size-full wp-image-291\" src=\"https:\/\/ecmicrophones.com\/wp-content\/uploads\/2024\/03\/standard-test-circuit_ecm-b6027aml37-23373.png\" alt=\"ECM-B6027AML37-23373 Circuit de test standard : 15k\u03a9 de polarisation, 2V d&#039;alimentation, 1\u03bcF de sortie.\" width=\"507\" height=\"230\" srcset=\"https:\/\/ecmicrophones.com\/wp-content\/uploads\/2024\/03\/standard-test-circuit_ecm-b6027aml37-23373.png 507w, https:\/\/ecmicrophones.com\/wp-content\/uploads\/2024\/03\/standard-test-circuit_ecm-b6027aml37-23373-300x136.png 300w, https:\/\/ecmicrophones.com\/wp-content\/uploads\/2024\/03\/standard-test-circuit_ecm-b6027aml37-23373-18x8.png 18w\" sizes=\"auto, (max-width: 507px) 100vw, 507px\" \/><\/p>\n<p>Circuit de test configur\u00e9 avec une r\u00e9sistance de polarisation de 15k\u03a9, une tension d'alimentation continue de 2V et un condensateur de couplage de 1\u03bcF.<\/p>\n<h3 class=\"pt-5 text-start\">R\u00e9ponse en fr\u00e9quence typique<\/h3>\n<p><img loading=\"lazy\" decoding=\"async\" class=\"alignnone size-full wp-image-292\" src=\"https:\/\/ecmicrophones.com\/wp-content\/uploads\/2024\/03\/typical-frequency-response_ecm-b6027aml37-23373.png\" alt=\"ECM-B6027AML37-23373 Courbe de r\u00e9ponse en fr\u00e9quence\" width=\"397\" height=\"284\" srcset=\"https:\/\/ecmicrophones.com\/wp-content\/uploads\/2024\/03\/typical-frequency-response_ecm-b6027aml37-23373.png 397w, https:\/\/ecmicrophones.com\/wp-content\/uploads\/2024\/03\/typical-frequency-response_ecm-b6027aml37-23373-300x215.png 300w, https:\/\/ecmicrophones.com\/wp-content\/uploads\/2024\/03\/typical-frequency-response_ecm-b6027aml37-23373-18x12.png 18w\" sizes=\"auto, (max-width: 397px) 100vw, 397px\" \/><\/p>\n<p>La r\u00e9ponse en fr\u00e9quence est relativement plate et r\u00e9guli\u00e8re de 50 Hz \u00e0 4 kHz, avec une l\u00e9g\u00e8re augmentation suivie d'une diminution progressive \u00e0 partir de 5 kHz.<\/p>\n<h3 class=\"pt-5 text-start\">Dimensions (UNIT : mm)<\/h3>\n<p><img loading=\"lazy\" decoding=\"async\" class=\"alignnone size-full wp-image-290\" src=\"https:\/\/ecmicrophones.com\/wp-content\/uploads\/2024\/03\/appearance-dimension_ecm-b6027aml37-23373.png\" alt=\"Dimensions de l&#039;ECM-B6027AML37-23373 : \u03a66\u00d72.7mm\" width=\"600\" height=\"467\" srcset=\"https:\/\/ecmicrophones.com\/wp-content\/uploads\/2024\/03\/appearance-dimension_ecm-b6027aml37-23373.png 600w, https:\/\/ecmicrophones.com\/wp-content\/uploads\/2024\/03\/appearance-dimension_ecm-b6027aml37-23373-300x234.png 300w, https:\/\/ecmicrophones.com\/wp-content\/uploads\/2024\/03\/appearance-dimension_ecm-b6027aml37-23373-15x12.png 15w\" sizes=\"auto, (max-width: 600px) 100vw, 600px\" \/><\/p>\n<p>Capsule compacte mesurant \u03a66 \u00d7 2,7 mm, dot\u00e9e d'un filet frontal anti-poussi\u00e8re et d'un dos scell\u00e9 sans ouverture.<\/p>","protected":false},"excerpt":{"rendered":"<p>L&#039;ECM-B6027AML37-23373 est une capsule de microphone omnidirectionnelle haut de gamme adapt\u00e9e aux microphones-cravate sans fil 2,4G, aux microphones de vid\u00e9oconf\u00e9rence et \u00e0 d&#039;autres produits haut de gamme. Avec des dimensions de 6 \u00d7 2,7 mm, il pr\u00e9sente une sensibilit\u00e9 de -37dB\u00b12 et un rapport signal\/bruit de 73dB, garantissant une qualit\u00e9 sonore exceptionnelle.<\/p>","protected":false},"featured_media":2483,"comment_status":"open","ping_status":"closed","template":"","meta":[],"product_brand":[721],"product_cat":[16,20],"product_tag":[283,235,288],"class_list":{"0":"post-159","1":"product","2":"type-product","3":"status-publish","4":"has-post-thumbnail","6":"product_brand-ecmic","7":"product_cat-electret-microphones","8":"product_cat-omnidirectional-microphones","9":"product_tag-6mm","10":"product_tag-conference","11":"product_tag-solder-pads","13":"first","14":"instock","15":"shipping-taxable","16":"purchasable","17":"product-type-simple"},"_links":{"self":[{"href":"https:\/\/ecmicrophones.com\/fr\/wp-json\/wp\/v2\/product\/159","targetHints":{"allow":["GET"]}}],"collection":[{"href":"https:\/\/ecmicrophones.com\/fr\/wp-json\/wp\/v2\/product"}],"about":[{"href":"https:\/\/ecmicrophones.com\/fr\/wp-json\/wp\/v2\/types\/product"}],"replies":[{"embeddable":true,"href":"https:\/\/ecmicrophones.com\/fr\/wp-json\/wp\/v2\/comments?post=159"}],"wp:featuredmedia":[{"embeddable":true,"href":"https:\/\/ecmicrophones.com\/fr\/wp-json\/wp\/v2\/media\/2483"}],"wp:attachment":[{"href":"https:\/\/ecmicrophones.com\/fr\/wp-json\/wp\/v2\/media?parent=159"}],"wp:term":[{"taxonomy":"product_brand","embeddable":true,"href":"https:\/\/ecmicrophones.com\/fr\/wp-json\/wp\/v2\/product_brand?post=159"},{"taxonomy":"product_cat","embeddable":true,"href":"https:\/\/ecmicrophones.com\/fr\/wp-json\/wp\/v2\/product_cat?post=159"},{"taxonomy":"product_tag","embeddable":true,"href":"https:\/\/ecmicrophones.com\/fr\/wp-json\/wp\/v2\/product_tag?post=159"}],"curies":[{"name":"wp","href":"https:\/\/api.w.org\/{rel}","templated":true}]}}