{"id":1602,"date":"2024-07-22T15:07:29","date_gmt":"2024-07-22T07:07:29","guid":{"rendered":"https:\/\/ecmicrophones.com\/?post_type=product&#038;p=1602"},"modified":"2026-03-19T15:21:54","modified_gmt":"2026-03-19T07:21:54","slug":"9mm-electret-microphone-capsule-for-respirator-mask","status":"publish","type":"product","link":"https:\/\/ecmicrophones.com\/fr\/9mm-electret-microphone-capsule-for-respirator-mask\/","title":{"rendered":"Capsule de microphone \u00e0 \u00e9lectret de 9 mm pour masque respiratoire"},"content":{"rendered":"<h2 class=\"text-start\">Sp\u00e9cifications techniques<\/h2>\n<p class=\"text-start\">Notre t\u00eate de microphone antibruit 9790 est dot\u00e9e d&#039;un JFET Panasonic et d&#039;un bo\u00eetier perfor\u00e9. Le micro directionnel cardio\u00efde r\u00e9duit efficacement le bruit du vent.<\/p>\n<h3 class=\"pt-5 text-start\">Circuit d&#039;essai standard<\/h3>\n<p><img loading=\"lazy\" decoding=\"async\" class=\"alignnone size-full wp-image-1607\" src=\"https:\/\/ecmicrophones.com\/wp-content\/uploads\/2024\/07\/standard-test-circuit_ecm-em212u-51.png\" alt=\"Circuit de test ECM-EM212U : 2,2k\u03a9 de polarisation, 2V d&#039;alimentation, 1\u03bcF de sortie.\" width=\"561\" height=\"265\" srcset=\"https:\/\/ecmicrophones.com\/wp-content\/uploads\/2024\/07\/standard-test-circuit_ecm-em212u-51.png 561w, https:\/\/ecmicrophones.com\/wp-content\/uploads\/2024\/07\/standard-test-circuit_ecm-em212u-51-300x142.png 300w, https:\/\/ecmicrophones.com\/wp-content\/uploads\/2024\/07\/standard-test-circuit_ecm-em212u-51-18x9.png 18w\" sizes=\"auto, (max-width: 561px) 100vw, 561px\" \/><\/p>\n<p>R\u00e9sistance de polarisation de 2,2k\u03a9, alimentation en courant continu de 2V, condensateur de sortie de 1\u03bcF. Configuration standard pour la mesure de la fr\u00e9quence vocale.<\/p>\n<h3 class=\"pt-5 text-start\">R\u00e9ponse en fr\u00e9quence typique<\/h3>\n<p><img loading=\"lazy\" decoding=\"async\" class=\"alignnone size-full wp-image-1606\" src=\"https:\/\/ecmicrophones.com\/wp-content\/uploads\/2024\/07\/typical-frequency-response_ecm-em212u-51.png\" alt=\"ECM-EM212U R\u00e9ponse en fr\u00e9quence : 100Hz-8kHz avec pic \u00e0 8kHz, puis att\u00e9nuation jusqu&#039;\u00e0 12kHz\" width=\"654\" height=\"298\" srcset=\"https:\/\/ecmicrophones.com\/wp-content\/uploads\/2024\/07\/typical-frequency-response_ecm-em212u-51.png 654w, https:\/\/ecmicrophones.com\/wp-content\/uploads\/2024\/07\/typical-frequency-response_ecm-em212u-51-300x137.png 300w, https:\/\/ecmicrophones.com\/wp-content\/uploads\/2024\/07\/typical-frequency-response_ecm-em212u-51-18x8.png 18w, https:\/\/ecmicrophones.com\/wp-content\/uploads\/2024\/07\/typical-frequency-response_ecm-em212u-51-600x273.png 600w\" sizes=\"auto, (max-width: 654px) 100vw, 654px\" \/><\/p>\n<p>La r\u00e9ponse en fr\u00e9quence augmente progressivement de 100 Hz \u00e0 8 kHz, atteignant un pic \u00e0 8 kHz, suivi d'une d\u00e9croissance progressive jusqu'\u00e0 12 kHz, optimisant ainsi la clart\u00e9 de la voix.<\/p>\n<h3 class=\"pt-5 text-start\">Dimensions (Unit\u00e9 : mm)<\/h3>\n<p><img loading=\"lazy\" decoding=\"async\" class=\"alignnone size-full wp-image-1605\" src=\"https:\/\/ecmicrophones.com\/wp-content\/uploads\/2024\/07\/appearance-dimension_ecm-em212u-51.png\" alt=\"ECM-EM212U Dimensions : \u03a69.7\u00d79.0mm capsule avec trous d&#039;a\u00e9ration lat\u00e9raux et filet anti-poussi\u00e8re frontal\" width=\"491\" height=\"399\" srcset=\"https:\/\/ecmicrophones.com\/wp-content\/uploads\/2024\/07\/appearance-dimension_ecm-em212u-51.png 491w, https:\/\/ecmicrophones.com\/wp-content\/uploads\/2024\/07\/appearance-dimension_ecm-em212u-51-300x244.png 300w, https:\/\/ecmicrophones.com\/wp-content\/uploads\/2024\/07\/appearance-dimension_ecm-em212u-51-15x12.png 15w\" sizes=\"auto, (max-width: 491px) 100vw, 491px\" \/><\/p>\n<p>Capsule microphonique compacte \u03a69,7\u00d79,0 mm dot\u00e9e d'un filet anti-poussi\u00e8re \u00e0 l'avant pour la protection, et de plusieurs petits trous d'a\u00e9ration r\u00e9partis uniform\u00e9ment sur le p\u00e9rim\u00e8tre lat\u00e9ral pour l'\u00e9quilibre et les performances acoustiques. La face arri\u00e8re est scell\u00e9e sans ouverture, ce qui garantit la durabilit\u00e9 et la r\u00e9sistance \u00e0 l'environnement.<\/p>","protected":false},"excerpt":{"rendered":"<p>L&#039;ECM-EM212U-51 est une capsule de microphone unidirectionnelle de 9,7 \u00d7 9 mm avec une sensibilit\u00e9 de -51 dB\u00b12 et un rapport signal\/bruit de 62 dB. Il est con\u00e7u pour \u00eatre utilis\u00e9 dans les masques respiratoires.<\/p>","protected":false},"featured_media":2778,"comment_status":"open","ping_status":"closed","template":"","meta":[],"product_brand":[721],"product_cat":[16,21],"product_tag":[282,229,288],"class_list":{"0":"post-1602","1":"product","2":"type-product","3":"status-publish","4":"has-post-thumbnail","6":"product_brand-ecmic","7":"product_cat-electret-microphones","8":"product_cat-unidirectional-microphones","9":"product_tag-9-7mm","10":"product_tag-equipment","11":"product_tag-solder-pads","13":"first","14":"instock","15":"shipping-taxable","16":"purchasable","17":"product-type-simple"},"_links":{"self":[{"href":"https:\/\/ecmicrophones.com\/fr\/wp-json\/wp\/v2\/product\/1602","targetHints":{"allow":["GET"]}}],"collection":[{"href":"https:\/\/ecmicrophones.com\/fr\/wp-json\/wp\/v2\/product"}],"about":[{"href":"https:\/\/ecmicrophones.com\/fr\/wp-json\/wp\/v2\/types\/product"}],"replies":[{"embeddable":true,"href":"https:\/\/ecmicrophones.com\/fr\/wp-json\/wp\/v2\/comments?post=1602"}],"wp:featuredmedia":[{"embeddable":true,"href":"https:\/\/ecmicrophones.com\/fr\/wp-json\/wp\/v2\/media\/2778"}],"wp:attachment":[{"href":"https:\/\/ecmicrophones.com\/fr\/wp-json\/wp\/v2\/media?parent=1602"}],"wp:term":[{"taxonomy":"product_brand","embeddable":true,"href":"https:\/\/ecmicrophones.com\/fr\/wp-json\/wp\/v2\/product_brand?post=1602"},{"taxonomy":"product_cat","embeddable":true,"href":"https:\/\/ecmicrophones.com\/fr\/wp-json\/wp\/v2\/product_cat?post=1602"},{"taxonomy":"product_tag","embeddable":true,"href":"https:\/\/ecmicrophones.com\/fr\/wp-json\/wp\/v2\/product_tag?post=1602"}],"curies":[{"name":"wp","href":"https:\/\/api.w.org\/{rel}","templated":true}]}}