{"id":1617,"date":"2024-07-22T17:46:19","date_gmt":"2024-07-22T09:46:19","guid":{"rendered":"https:\/\/ecmicrophones.com\/?post_type=product&#038;p=1617"},"modified":"2026-03-19T15:21:35","modified_gmt":"2026-03-19T07:21:35","slug":"16mm-cardioid-electret-microphone-capsule-for-streaming","status":"publish","type":"product","link":"https:\/\/ecmicrophones.com\/fr\/16mm-cardioid-electret-microphone-capsule-for-streaming\/","title":{"rendered":"Capsule de microphone \u00e0 \u00e9lectret cardio\u00efde de 16 mm pour le streaming"},"content":{"rendered":"<h2 class=\"text-start\">Sp\u00e9cifications techniques<\/h2>\n<p class=\"text-start\">Notre t\u00eate de microphone cardio\u00efde 1663, dot\u00e9e d&#039;un mat\u00e9riau annulaire en cuivre plaqu\u00e9 or et d&#039;une sortie source, offre une haute fid\u00e9lit\u00e9, un rapport signal\/bruit \u00e9lev\u00e9 et un faible bruit.<\/p>\n<h3 class=\"pt-5 text-start\">Circuit d&#039;essai standard<\/h3>\n<p> <img loading=\"lazy\" decoding=\"async\" class=\"alignnone size-full wp-image-1620\" src=\"https:\/\/ecmicrophones.com\/wp-content\/uploads\/2024\/07\/standard-test-circuit_ecm-b16063ul-sfn-03-y.png\" alt=\"Circuit d&#039;essai standard\" width=\"458\" height=\"225\" srcset=\"https:\/\/ecmicrophones.com\/wp-content\/uploads\/2024\/07\/standard-test-circuit_ecm-b16063ul-sfn-03-y.png 458w, https:\/\/ecmicrophones.com\/wp-content\/uploads\/2024\/07\/standard-test-circuit_ecm-b16063ul-sfn-03-y-300x147.png 300w, https:\/\/ecmicrophones.com\/wp-content\/uploads\/2024\/07\/standard-test-circuit_ecm-b16063ul-sfn-03-y-18x9.png 18w\" sizes=\"auto, (max-width: 458px) 100vw, 458px\" \/> <\/p>\n<p class=\"mt-2\">Conditions de test : RL = 2,2K\u03a9, Vs = 1,5V, C = 1\u03bcF<\/p>\n<h3 class=\"pt-5 text-start\">R\u00e9ponse en fr\u00e9quence typique<\/h3>\n<p> <img loading=\"lazy\" decoding=\"async\" class=\"alignnone size-full wp-image-1618\" src=\"https:\/\/ecmicrophones.com\/wp-content\/uploads\/2024\/07\/typical-frequency-response_ecm-b16063ul-sfn-03-y.png\" alt=\"R\u00e9ponse en fr\u00e9quence typique\" width=\"673\" height=\"222\" srcset=\"https:\/\/ecmicrophones.com\/wp-content\/uploads\/2024\/07\/typical-frequency-response_ecm-b16063ul-sfn-03-y.png 673w, https:\/\/ecmicrophones.com\/wp-content\/uploads\/2024\/07\/typical-frequency-response_ecm-b16063ul-sfn-03-y-300x99.png 300w, https:\/\/ecmicrophones.com\/wp-content\/uploads\/2024\/07\/typical-frequency-response_ecm-b16063ul-sfn-03-y-18x6.png 18w, https:\/\/ecmicrophones.com\/wp-content\/uploads\/2024\/07\/typical-frequency-response_ecm-b16063ul-sfn-03-y-600x198.png 600w\" sizes=\"auto, (max-width: 673px) 100vw, 673px\" \/> <\/p>\n<p class=\"mt-2\">La fr\u00e9quence augmente r\u00e9guli\u00e8rement de 100 Hz \u00e0 16 kHz avec un gain modeste, devenant l\u00e9g\u00e8rement plus prononc\u00e9e dans la gamme des hautes fr\u00e9quences.<\/p>\n<h3 class=\"pt-5 text-start\">Dimensions (UNIT : mm)<\/h3>\n<p> <img loading=\"lazy\" decoding=\"async\" class=\"alignnone size-full wp-image-1619\" src=\"https:\/\/ecmicrophones.com\/wp-content\/uploads\/2024\/07\/appearance-dimension_ecm-b16063ul-sfn-03-y.png\" alt=\"Dimension d&#039;apparence\" width=\"673\" height=\"260\" srcset=\"https:\/\/ecmicrophones.com\/wp-content\/uploads\/2024\/07\/appearance-dimension_ecm-b16063ul-sfn-03-y.png 673w, https:\/\/ecmicrophones.com\/wp-content\/uploads\/2024\/07\/appearance-dimension_ecm-b16063ul-sfn-03-y-300x116.png 300w, https:\/\/ecmicrophones.com\/wp-content\/uploads\/2024\/07\/appearance-dimension_ecm-b16063ul-sfn-03-y-18x7.png 18w, https:\/\/ecmicrophones.com\/wp-content\/uploads\/2024\/07\/appearance-dimension_ecm-b16063ul-sfn-03-y-600x232.png 600w\" sizes=\"auto, (max-width: 673px) 100vw, 673px\" \/> <\/p>\n<p class=\"mt-2\">La capsule mesure 16 mm de diam\u00e8tre et 6,3 mm de hauteur. Elle est dot\u00e9e d'un filet anti-poussi\u00e8re \u00e0 l'avant et d'un port acoustique \u00e0 l'arri\u00e8re.<\/p>","protected":false},"excerpt":{"rendered":"<p>L&#039;ECM-B16063UL-SFN-03-Y est une capsule de microphone unidirectionnelle avec une sensibilit\u00e9 de -45 dB\u00b13 et un rapport signal\/bruit de 65 dB. Elle est id\u00e9ale pour le streaming en direct.<\/p>","protected":false},"featured_media":2691,"comment_status":"open","ping_status":"closed","template":"","meta":[],"product_brand":[721],"product_cat":[21,16],"product_tag":[279,292,116],"class_list":{"0":"post-1617","1":"product","2":"type-product","3":"status-publish","4":"has-post-thumbnail","6":"product_brand-ecmic","7":"product_cat-unidirectional-microphones","8":"product_cat-electret-microphones","9":"product_tag-16mm","10":"product_tag-3-solder-pads","11":"product_tag-vocal","13":"first","14":"instock","15":"shipping-taxable","16":"purchasable","17":"product-type-simple"},"_links":{"self":[{"href":"https:\/\/ecmicrophones.com\/fr\/wp-json\/wp\/v2\/product\/1617","targetHints":{"allow":["GET"]}}],"collection":[{"href":"https:\/\/ecmicrophones.com\/fr\/wp-json\/wp\/v2\/product"}],"about":[{"href":"https:\/\/ecmicrophones.com\/fr\/wp-json\/wp\/v2\/types\/product"}],"replies":[{"embeddable":true,"href":"https:\/\/ecmicrophones.com\/fr\/wp-json\/wp\/v2\/comments?post=1617"}],"wp:featuredmedia":[{"embeddable":true,"href":"https:\/\/ecmicrophones.com\/fr\/wp-json\/wp\/v2\/media\/2691"}],"wp:attachment":[{"href":"https:\/\/ecmicrophones.com\/fr\/wp-json\/wp\/v2\/media?parent=1617"}],"wp:term":[{"taxonomy":"product_brand","embeddable":true,"href":"https:\/\/ecmicrophones.com\/fr\/wp-json\/wp\/v2\/product_brand?post=1617"},{"taxonomy":"product_cat","embeddable":true,"href":"https:\/\/ecmicrophones.com\/fr\/wp-json\/wp\/v2\/product_cat?post=1617"},{"taxonomy":"product_tag","embeddable":true,"href":"https:\/\/ecmicrophones.com\/fr\/wp-json\/wp\/v2\/product_tag?post=1617"}],"curies":[{"name":"wp","href":"https:\/\/api.w.org\/{rel}","templated":true}]}}