{"id":1621,"date":"2024-07-22T17:48:25","date_gmt":"2024-07-22T09:48:25","guid":{"rendered":"https:\/\/ecmicrophones.com\/?post_type=product&#038;p=1621"},"modified":"2026-03-19T15:21:25","modified_gmt":"2026-03-19T07:21:25","slug":"16mm-electret-microphone-element-for-live-streaming","status":"publish","type":"product","link":"https:\/\/ecmicrophones.com\/fr\/16mm-electret-microphone-element-for-live-streaming\/","title":{"rendered":"\u00c9l\u00e9ment de microphone \u00e0 \u00e9lectret de 16 mm pour la diffusion en direct"},"content":{"rendered":"<h2 class=\"text-start\">Sp\u00e9cifications techniques<\/h2>\n<p class=\"text-start\">Notre t\u00eate de microphone cardio\u00efde 1663 est dot\u00e9e d&#039;un mat\u00e9riau d&#039;anneau en cuivre plaqu\u00e9 or, offrant une haute fid\u00e9lit\u00e9, un rapport signal\/bruit \u00e9lev\u00e9 et un faible bruit.<\/p>\n<h3 class=\"pt-5 text-start\">Circuit d&#039;essai standard<\/h3>\n<p><img loading=\"lazy\" decoding=\"async\" class=\"alignnone size-full wp-image-1626\" src=\"https:\/\/ecmicrophones.com\/wp-content\/uploads\/2024\/07\/standard-test-circuit_ecm-b1663ul46-321.png\" alt=\"Circuit d&#039;essai standard\" width=\"553\" height=\"244\" srcset=\"https:\/\/ecmicrophones.com\/wp-content\/uploads\/2024\/07\/standard-test-circuit_ecm-b1663ul46-321.png 553w, https:\/\/ecmicrophones.com\/wp-content\/uploads\/2024\/07\/standard-test-circuit_ecm-b1663ul46-321-300x132.png 300w, https:\/\/ecmicrophones.com\/wp-content\/uploads\/2024\/07\/standard-test-circuit_ecm-b1663ul46-321-18x8.png 18w\" sizes=\"auto, (max-width: 553px) 100vw, 553px\" \/><\/p>\n<p class=\"mt-2\">RL = 680\u03a9, Vs = 1,5V, C = 1\u03bcF<\/p>\n<h3 class=\"pt-5 text-start\">R\u00e9ponse en fr\u00e9quence typique<\/h3>\n<p><img loading=\"lazy\" decoding=\"async\" class=\"alignnone wp-image-1624 size-large\" src=\"https:\/\/ecmicrophones.com\/wp-content\/uploads\/2024\/07\/typical-frequency-response_ecm-b1663ul46-321-1024x513.png\" alt=\"R\u00e9ponse en fr\u00e9quence typique\" width=\"1024\" height=\"513\" srcset=\"https:\/\/ecmicrophones.com\/wp-content\/uploads\/2024\/07\/typical-frequency-response_ecm-b1663ul46-321-1024x513.png 1024w, https:\/\/ecmicrophones.com\/wp-content\/uploads\/2024\/07\/typical-frequency-response_ecm-b1663ul46-321-300x150.png 300w, https:\/\/ecmicrophones.com\/wp-content\/uploads\/2024\/07\/typical-frequency-response_ecm-b1663ul46-321-768x384.png 768w, https:\/\/ecmicrophones.com\/wp-content\/uploads\/2024\/07\/typical-frequency-response_ecm-b1663ul46-321-1536x769.png 1536w, https:\/\/ecmicrophones.com\/wp-content\/uploads\/2024\/07\/typical-frequency-response_ecm-b1663ul46-321-18x9.png 18w, https:\/\/ecmicrophones.com\/wp-content\/uploads\/2024\/07\/typical-frequency-response_ecm-b1663ul46-321-600x300.png 600w, https:\/\/ecmicrophones.com\/wp-content\/uploads\/2024\/07\/typical-frequency-response_ecm-b1663ul46-321.png 1578w\" sizes=\"auto, (max-width: 1024px) 100vw, 1024px\" \/><\/p>\n<p class=\"mt-2\">La r\u00e9ponse en fr\u00e9quence pr\u00e9sente une l\u00e9g\u00e8re fluctuation en dessous de 1kHz, suivie d'une augmentation prononc\u00e9e de 1kHz \u00e0 10kHz, avec l'augmentation la plus significative entre 4kHz et 10kHz. Une chute brutale s'amorce apr\u00e8s 10 kHz.<\/p>\n<h3 class=\"pt-5 text-start\">Dimensions (UNIT : mm)<\/h3>\n<p><img loading=\"lazy\" decoding=\"async\" class=\"alignnone size-full wp-image-1625\" src=\"https:\/\/ecmicrophones.com\/wp-content\/uploads\/2024\/07\/appearance-dimension_ecm-b1663ul46-321.png\" alt=\"Dimension d&#039;apparence\" width=\"478\" height=\"318\" srcset=\"https:\/\/ecmicrophones.com\/wp-content\/uploads\/2024\/07\/appearance-dimension_ecm-b1663ul46-321.png 478w, https:\/\/ecmicrophones.com\/wp-content\/uploads\/2024\/07\/appearance-dimension_ecm-b1663ul46-321-300x200.png 300w, https:\/\/ecmicrophones.com\/wp-content\/uploads\/2024\/07\/appearance-dimension_ecm-b1663ul46-321-18x12.png 18w\" sizes=\"auto, (max-width: 478px) 100vw, 478px\" \/><\/p>\n<p class=\"mt-2\">Capsule \u03a616 \u00d7 6,3 mm avec port acoustique arri\u00e8re.<\/p>","protected":false},"excerpt":{"rendered":"<p>L&#039;ECM-B1663UL46-321 est une capsule de microphone unidirectionnelle de 16 \u00d7 6,3 mm avec une sensibilit\u00e9 de -46 dB\u00b12 et un rapport signal\/bruit de 68 dB. Il est con\u00e7u pour les applications de streaming en direct, offrant une capture audio claire et fiable.<\/p>","protected":false},"featured_media":2679,"comment_status":"open","ping_status":"closed","template":"","meta":[],"product_brand":[721],"product_cat":[16,21],"product_tag":[279,288,116],"class_list":{"0":"post-1621","1":"product","2":"type-product","3":"status-publish","4":"has-post-thumbnail","6":"product_brand-ecmic","7":"product_cat-electret-microphones","8":"product_cat-unidirectional-microphones","9":"product_tag-16mm","10":"product_tag-solder-pads","11":"product_tag-vocal","13":"first","14":"instock","15":"shipping-taxable","16":"purchasable","17":"product-type-simple"},"_links":{"self":[{"href":"https:\/\/ecmicrophones.com\/fr\/wp-json\/wp\/v2\/product\/1621","targetHints":{"allow":["GET"]}}],"collection":[{"href":"https:\/\/ecmicrophones.com\/fr\/wp-json\/wp\/v2\/product"}],"about":[{"href":"https:\/\/ecmicrophones.com\/fr\/wp-json\/wp\/v2\/types\/product"}],"replies":[{"embeddable":true,"href":"https:\/\/ecmicrophones.com\/fr\/wp-json\/wp\/v2\/comments?post=1621"}],"wp:featuredmedia":[{"embeddable":true,"href":"https:\/\/ecmicrophones.com\/fr\/wp-json\/wp\/v2\/media\/2679"}],"wp:attachment":[{"href":"https:\/\/ecmicrophones.com\/fr\/wp-json\/wp\/v2\/media?parent=1621"}],"wp:term":[{"taxonomy":"product_brand","embeddable":true,"href":"https:\/\/ecmicrophones.com\/fr\/wp-json\/wp\/v2\/product_brand?post=1621"},{"taxonomy":"product_cat","embeddable":true,"href":"https:\/\/ecmicrophones.com\/fr\/wp-json\/wp\/v2\/product_cat?post=1621"},{"taxonomy":"product_tag","embeddable":true,"href":"https:\/\/ecmicrophones.com\/fr\/wp-json\/wp\/v2\/product_tag?post=1621"}],"curies":[{"name":"wp","href":"https:\/\/api.w.org\/{rel}","templated":true}]}}