{"id":1651,"date":"2024-07-23T17:55:09","date_gmt":"2024-07-23T09:55:09","guid":{"rendered":"https:\/\/ecmicrophones.com\/?post_type=product&#038;p=1651"},"modified":"2026-03-19T15:20:16","modified_gmt":"2026-03-19T07:20:16","slug":"14mm-electret-condenser-microphone-element-for-live-broadcast","status":"publish","type":"product","link":"https:\/\/ecmicrophones.com\/fr\/14mm-electret-condenser-microphone-element-for-live-broadcast\/","title":{"rendered":"\u00c9l\u00e9ment de microphone \u00e0 condensateur \u00e9lectrique de 14 mm pour la diffusion en direct"},"content":{"rendered":"<h2 class=\"text-start\">Sp\u00e9cifications techniques<\/h2>\n<p class=\"text-start\">Notre capsule de microphone \u00e0 \u00e9lectret 1465 pr\u00e9sente un rapport signal\/bruit \u00e9lev\u00e9 et un faible bruit, garantissant une haute fid\u00e9lit\u00e9. Fabriqu\u00e9 \u00e0 partir de mat\u00e9riaux respectueux de l&#039;environnement, il offre de fortes capacit\u00e9s anti-interf\u00e9rences, adapt\u00e9es \u00e0 la diffusion en direct et \u00e0 l&#039;enregistrement.<\/p>\n<h3 class=\"pt-5 text-start\">Circuit d&#039;essai standard<\/h3>\n<p><img loading=\"lazy\" decoding=\"async\" class=\"alignnone size-full wp-image-1653\" src=\"https:\/\/ecmicrophones.com\/wp-content\/uploads\/2024\/07\/standard-test-circuit_ecm-b1465ul38rc-110.png\" alt=\"Circuit d&#039;essai standard\" width=\"498\" height=\"224\" srcset=\"https:\/\/ecmicrophones.com\/wp-content\/uploads\/2024\/07\/standard-test-circuit_ecm-b1465ul38rc-110.png 498w, https:\/\/ecmicrophones.com\/wp-content\/uploads\/2024\/07\/standard-test-circuit_ecm-b1465ul38rc-110-300x135.png 300w, https:\/\/ecmicrophones.com\/wp-content\/uploads\/2024\/07\/standard-test-circuit_ecm-b1465ul38rc-110-18x8.png 18w\" sizes=\"auto, (max-width: 498px) 100vw, 498px\" \/><\/p>\n<p>Test\u00e9 dans les conditions suivantes : RL = 680\u03a9, Vs = 1,5V, C = 1\u00b5F.<\/p>\n<h3 class=\"pt-5 text-start\">R\u00e9ponse en fr\u00e9quence typique<\/h3>\n<p><img loading=\"lazy\" decoding=\"async\" class=\"alignnone wp-image-1654 size-large\" src=\"https:\/\/ecmicrophones.com\/wp-content\/uploads\/2024\/07\/typical-frequency-response_ecm-b1465ul38rc-110-1024x513.png\" alt=\"R\u00e9ponse en fr\u00e9quence typique\" width=\"1024\" height=\"513\" srcset=\"https:\/\/ecmicrophones.com\/wp-content\/uploads\/2024\/07\/typical-frequency-response_ecm-b1465ul38rc-110-1024x513.png 1024w, https:\/\/ecmicrophones.com\/wp-content\/uploads\/2024\/07\/typical-frequency-response_ecm-b1465ul38rc-110-300x150.png 300w, https:\/\/ecmicrophones.com\/wp-content\/uploads\/2024\/07\/typical-frequency-response_ecm-b1465ul38rc-110-768x384.png 768w, https:\/\/ecmicrophones.com\/wp-content\/uploads\/2024\/07\/typical-frequency-response_ecm-b1465ul38rc-110-1536x769.png 1536w, https:\/\/ecmicrophones.com\/wp-content\/uploads\/2024\/07\/typical-frequency-response_ecm-b1465ul38rc-110-18x9.png 18w, https:\/\/ecmicrophones.com\/wp-content\/uploads\/2024\/07\/typical-frequency-response_ecm-b1465ul38rc-110-600x300.png 600w, https:\/\/ecmicrophones.com\/wp-content\/uploads\/2024\/07\/typical-frequency-response_ecm-b1465ul38rc-110.png 1578w\" sizes=\"auto, (max-width: 1024px) 100vw, 1024px\" \/><\/p>\n<p>La r\u00e9ponse en fr\u00e9quence pr\u00e9sente une tendance coh\u00e9rente \u00e0 la hausse de 100 Hz \u00e0 environ 10 kHz, suivie d'une diminution progressive vers 16 kHz.<\/p>\n<h3 class=\"pt-5 text-start\">Dimensions (UNIT : mm)<\/h3>\n<p><img loading=\"lazy\" decoding=\"async\" class=\"alignnone size-full wp-image-1652\" src=\"https:\/\/ecmicrophones.com\/wp-content\/uploads\/2024\/07\/appearance-dimension_ecm-b1465ul38rc-110.png\" alt=\"Dimension d&#039;apparence\" width=\"803\" height=\"601\" srcset=\"https:\/\/ecmicrophones.com\/wp-content\/uploads\/2024\/07\/appearance-dimension_ecm-b1465ul38rc-110.png 803w, https:\/\/ecmicrophones.com\/wp-content\/uploads\/2024\/07\/appearance-dimension_ecm-b1465ul38rc-110-300x225.png 300w, https:\/\/ecmicrophones.com\/wp-content\/uploads\/2024\/07\/appearance-dimension_ecm-b1465ul38rc-110-768x575.png 768w, https:\/\/ecmicrophones.com\/wp-content\/uploads\/2024\/07\/appearance-dimension_ecm-b1465ul38rc-110-16x12.png 16w, https:\/\/ecmicrophones.com\/wp-content\/uploads\/2024\/07\/appearance-dimension_ecm-b1465ul38rc-110-600x449.png 600w\" sizes=\"auto, (max-width: 803px) 100vw, 803px\" \/><\/p>\n<p>La capsule mesure 14 mm de diam\u00e8tre et 6,5 mm de hauteur, avec un port acoustique \u00e0 l'arri\u00e8re.<\/p>","protected":false},"excerpt":{"rendered":"<p>L&#039;ECM-B1465UL38RC-110 est une capsule de microphone unidirectionnelle de 14 \u00d7 6,5 mm, id\u00e9ale pour les applications de streaming en direct. Elle offre une sensibilit\u00e9 de -38 dB\u00b12 et un rapport signal\/bruit de 67 dB, garantissant des performances audio de haute qualit\u00e9.<\/p>","protected":false},"featured_media":2710,"comment_status":"open","ping_status":"closed","template":"","meta":[],"product_brand":[721],"product_cat":[16,21],"product_tag":[280,288,116],"class_list":{"0":"post-1651","1":"product","2":"type-product","3":"status-publish","4":"has-post-thumbnail","6":"product_brand-ecmic","7":"product_cat-electret-microphones","8":"product_cat-unidirectional-microphones","9":"product_tag-14mm","10":"product_tag-solder-pads","11":"product_tag-vocal","13":"first","14":"instock","15":"shipping-taxable","16":"purchasable","17":"product-type-simple"},"_links":{"self":[{"href":"https:\/\/ecmicrophones.com\/fr\/wp-json\/wp\/v2\/product\/1651","targetHints":{"allow":["GET"]}}],"collection":[{"href":"https:\/\/ecmicrophones.com\/fr\/wp-json\/wp\/v2\/product"}],"about":[{"href":"https:\/\/ecmicrophones.com\/fr\/wp-json\/wp\/v2\/types\/product"}],"replies":[{"embeddable":true,"href":"https:\/\/ecmicrophones.com\/fr\/wp-json\/wp\/v2\/comments?post=1651"}],"wp:featuredmedia":[{"embeddable":true,"href":"https:\/\/ecmicrophones.com\/fr\/wp-json\/wp\/v2\/media\/2710"}],"wp:attachment":[{"href":"https:\/\/ecmicrophones.com\/fr\/wp-json\/wp\/v2\/media?parent=1651"}],"wp:term":[{"taxonomy":"product_brand","embeddable":true,"href":"https:\/\/ecmicrophones.com\/fr\/wp-json\/wp\/v2\/product_brand?post=1651"},{"taxonomy":"product_cat","embeddable":true,"href":"https:\/\/ecmicrophones.com\/fr\/wp-json\/wp\/v2\/product_cat?post=1651"},{"taxonomy":"product_tag","embeddable":true,"href":"https:\/\/ecmicrophones.com\/fr\/wp-json\/wp\/v2\/product_tag?post=1651"}],"curies":[{"name":"wp","href":"https:\/\/api.w.org\/{rel}","templated":true}]}}