{"id":1659,"date":"2024-07-23T16:05:34","date_gmt":"2024-07-23T08:05:34","guid":{"rendered":"https:\/\/ecmicrophones.com\/?post_type=product&#038;p=1659"},"modified":"2026-03-19T15:20:49","modified_gmt":"2026-03-19T07:20:49","slug":"6mm-surface-mount-microphone-for-smart-speakers","status":"publish","type":"product","link":"https:\/\/ecmicrophones.com\/fr\/6mm-surface-mount-microphone-for-smart-speakers\/","title":{"rendered":"Microphone \u00e0 montage en surface de 6 mm pour haut-parleurs intelligents"},"content":{"rendered":"<h2 class=\"text-start\">Sp\u00e9cifications techniques<\/h2>\n<p class=\"text-start\">Nos capsules de microphone \u00e0 montage en surface SMD 6027 sont sp\u00e9cialement con\u00e7ues pour r\u00e9sister aux temp\u00e9ratures \u00e9lev\u00e9es et disposent de doubles condensateurs. Fabriqu\u00e9es \u00e0 partir de mat\u00e9riaux import\u00e9s et respectueux de l&#039;environnement, elles garantissent des performances fiables.<\/p>\n<h3 class=\"pt-5 text-start\">Circuit d&#039;essai standard<\/h3>\n<p><img loading=\"lazy\" decoding=\"async\" class=\"alignnone size-full wp-image-1661\" src=\"https:\/\/ecmicrophones.com\/wp-content\/uploads\/2024\/07\/standard-test-circuit_ecm-b6027al42-smd.png\" alt=\"Circuit d&#039;essai standard\" width=\"529\" height=\"215\" srcset=\"https:\/\/ecmicrophones.com\/wp-content\/uploads\/2024\/07\/standard-test-circuit_ecm-b6027al42-smd.png 529w, https:\/\/ecmicrophones.com\/wp-content\/uploads\/2024\/07\/standard-test-circuit_ecm-b6027al42-smd-300x122.png 300w, https:\/\/ecmicrophones.com\/wp-content\/uploads\/2024\/07\/standard-test-circuit_ecm-b6027al42-smd-18x7.png 18w\" sizes=\"auto, (max-width: 529px) 100vw, 529px\" \/><\/p>\n<p><strong>Conditions d'essai :<\/strong> R\u00e9sistance de charge (RL) = 2,2k\u03a9, Tension d'alimentation (VS) = 2V, Condensateur de couplage (C) = 1\u03bcF.<\/p>\n<h3 class=\"pt-5 text-start\">R\u00e9ponse en fr\u00e9quence typique<\/h3>\n<p><img loading=\"lazy\" decoding=\"async\" class=\"alignnone size-full wp-image-1662\" src=\"https:\/\/ecmicrophones.com\/wp-content\/uploads\/2024\/07\/typical-frequency-response_ecm-b6027al42-smd.png\" alt=\"R\u00e9ponse en fr\u00e9quence typique\" width=\"591\" height=\"206\" srcset=\"https:\/\/ecmicrophones.com\/wp-content\/uploads\/2024\/07\/typical-frequency-response_ecm-b6027al42-smd.png 591w, https:\/\/ecmicrophones.com\/wp-content\/uploads\/2024\/07\/typical-frequency-response_ecm-b6027al42-smd-300x105.png 300w, https:\/\/ecmicrophones.com\/wp-content\/uploads\/2024\/07\/typical-frequency-response_ecm-b6027al42-smd-18x6.png 18w\" sizes=\"auto, (max-width: 591px) 100vw, 591px\" \/><\/p>\n<p>La r\u00e9ponse en fr\u00e9quence s'\u00e9tend de 50 Hz \u00e0 16 kHz. La courbe reste pratiquement plate, augmentant \u00e0 partir d'environ 4 kHz et diminuant progressivement vers 14 kHz.<\/p>\n<h3 class=\"pt-5 text-start\">Dimensions (UNIT : mm)<\/h3>\n<p><img loading=\"lazy\" decoding=\"async\" class=\"alignnone size-full wp-image-1660\" src=\"https:\/\/ecmicrophones.com\/wp-content\/uploads\/2024\/07\/appearance-dimension_ecm-b6027al42-smd.png\" alt=\"Dimension d&#039;apparence\" width=\"560\" height=\"549\" srcset=\"https:\/\/ecmicrophones.com\/wp-content\/uploads\/2024\/07\/appearance-dimension_ecm-b6027al42-smd.png 560w, https:\/\/ecmicrophones.com\/wp-content\/uploads\/2024\/07\/appearance-dimension_ecm-b6027al42-smd-300x294.png 300w, https:\/\/ecmicrophones.com\/wp-content\/uploads\/2024\/07\/appearance-dimension_ecm-b6027al42-smd-12x12.png 12w\" sizes=\"auto, (max-width: 560px) 100vw, 560px\" \/><\/p>\n<p>Diam\u00e8tre : 6 mm ; hauteur : 2,7 mm. Microphone \u00e0 condensateur \u00e9lectret mont\u00e9 en surface.<\/p>","protected":false},"excerpt":{"rendered":"<p>L&#039;ECM-B6027AL42-SMD est une capsule de microphone CMS omnidirectionnelle de 6 \u00d7 2,7 mm pour enceintes intelligentes. Elle pr\u00e9sente une sensibilit\u00e9 de -42 dB\u00b12 et un rapport signal\/bruit de 58 dB, garantissant des performances fiables dans des environnements compacts et \u00e0 espace restreint.<\/p>","protected":false},"featured_media":2437,"comment_status":"open","ping_status":"closed","template":"","meta":[],"product_brand":[721],"product_cat":[18],"product_tag":[283,229],"class_list":{"0":"post-1659","1":"product","2":"type-product","3":"status-publish","4":"has-post-thumbnail","6":"product_brand-ecmic","7":"product_cat-smd-microphones","8":"product_tag-6mm","9":"product_tag-equipment","11":"first","12":"instock","13":"shipping-taxable","14":"purchasable","15":"product-type-simple"},"_links":{"self":[{"href":"https:\/\/ecmicrophones.com\/fr\/wp-json\/wp\/v2\/product\/1659","targetHints":{"allow":["GET"]}}],"collection":[{"href":"https:\/\/ecmicrophones.com\/fr\/wp-json\/wp\/v2\/product"}],"about":[{"href":"https:\/\/ecmicrophones.com\/fr\/wp-json\/wp\/v2\/types\/product"}],"replies":[{"embeddable":true,"href":"https:\/\/ecmicrophones.com\/fr\/wp-json\/wp\/v2\/comments?post=1659"}],"wp:featuredmedia":[{"embeddable":true,"href":"https:\/\/ecmicrophones.com\/fr\/wp-json\/wp\/v2\/media\/2437"}],"wp:attachment":[{"href":"https:\/\/ecmicrophones.com\/fr\/wp-json\/wp\/v2\/media?parent=1659"}],"wp:term":[{"taxonomy":"product_brand","embeddable":true,"href":"https:\/\/ecmicrophones.com\/fr\/wp-json\/wp\/v2\/product_brand?post=1659"},{"taxonomy":"product_cat","embeddable":true,"href":"https:\/\/ecmicrophones.com\/fr\/wp-json\/wp\/v2\/product_cat?post=1659"},{"taxonomy":"product_tag","embeddable":true,"href":"https:\/\/ecmicrophones.com\/fr\/wp-json\/wp\/v2\/product_tag?post=1659"}],"curies":[{"name":"wp","href":"https:\/\/api.w.org\/{rel}","templated":true}]}}