{"id":166,"date":"2024-03-27T11:50:35","date_gmt":"2024-03-27T11:50:35","guid":{"rendered":"https:\/\/ecmicrophones.com\/?post_type=product&#038;p=166"},"modified":"2026-03-19T15:42:25","modified_gmt":"2026-03-19T07:42:25","slug":"robot-microphone-capsule-electret-6mm","status":"publish","type":"product","link":"https:\/\/ecmicrophones.com\/fr\/robot-microphone-capsule-electret-6mm\/","title":{"rendered":"Capsule de microphone \u00e0 \u00e9lectret robot de 6 mm avec broches"},"content":{"rendered":"<h2 class=\"text-start\">Sp\u00e9cifications techniques<\/h2>\n<p class=\"text-start\">La t\u00eate de microphone omnidirectionnelle \u00e0 broches 6027 offre une sensibilit\u00e9 exceptionnelle et un rapport signal\/bruit remarquable. Gr\u00e2ce \u00e0 sa conception \u00e0 double condensateur interne, elle offre une qualit\u00e9 audio sup\u00e9rieure.<\/p>\n<h3 class=\"pt-5 text-start\">Circuit d&#039;essai standard<\/h3>\n<p><img loading=\"lazy\" decoding=\"async\" class=\"alignnone size-full wp-image-294\" src=\"https:\/\/ecmicrophones.com\/wp-content\/uploads\/2024\/03\/standard-test-circuit_ecm-b6027ap2.8-30rc.png\" alt=\"ECM-B6027AP2.8-30RC Circuit de test standard : 2,2k\u03a9 de polarisation, 2V d&#039;alimentation, 1\u03bcF de sortie.\" width=\"551\" height=\"228\" srcset=\"https:\/\/ecmicrophones.com\/wp-content\/uploads\/2024\/03\/standard-test-circuit_ecm-b6027ap2.8-30rc.png 551w, https:\/\/ecmicrophones.com\/wp-content\/uploads\/2024\/03\/standard-test-circuit_ecm-b6027ap2.8-30rc-300x124.png 300w, https:\/\/ecmicrophones.com\/wp-content\/uploads\/2024\/03\/standard-test-circuit_ecm-b6027ap2.8-30rc-18x7.png 18w\" sizes=\"auto, (max-width: 551px) 100vw, 551px\" \/><\/p>\n<p>Circuit de test avec une r\u00e9sistance de polarisation de 2,2k\u03a9, une alimentation en courant continu de 2V et un condensateur de couplage de 1\u03bcF.<\/p>\n<h3 class=\"pt-5 text-start\">R\u00e9ponse en fr\u00e9quence typique<\/h3>\n<p><img loading=\"lazy\" decoding=\"async\" class=\"alignnone size-full wp-image-295\" src=\"https:\/\/ecmicrophones.com\/wp-content\/uploads\/2024\/03\/typical-frequency-response_ecm-b6027ap2.8-30rc.png\" alt=\"ECM-B6027AP2.8-30RC Courbe de r\u00e9ponse en fr\u00e9quence\" width=\"397\" height=\"284\" srcset=\"https:\/\/ecmicrophones.com\/wp-content\/uploads\/2024\/03\/typical-frequency-response_ecm-b6027ap2.8-30rc.png 397w, https:\/\/ecmicrophones.com\/wp-content\/uploads\/2024\/03\/typical-frequency-response_ecm-b6027ap2.8-30rc-300x215.png 300w, https:\/\/ecmicrophones.com\/wp-content\/uploads\/2024\/03\/typical-frequency-response_ecm-b6027ap2.8-30rc-18x12.png 18w\" sizes=\"auto, (max-width: 397px) 100vw, 397px\" \/><\/p>\n<p>La r\u00e9ponse en fr\u00e9quence est relativement douce et stable de 50 Hz \u00e0 8 kHz, suivie d'une chute progressive au-dessus de 8 kHz.<\/p>\n<h3 class=\"pt-5 text-start\">Dimensions (UNIT : mm)<\/h3>\n<p><img loading=\"lazy\" decoding=\"async\" class=\"alignnone size-full wp-image-296\" src=\"https:\/\/ecmicrophones.com\/wp-content\/uploads\/2024\/03\/appearance-dimension_ecm-b6027ap2.8-30rc.png\" alt=\"Dimensions de l&#039;ECM-B6027AP2.8-30RC : \u03a66\u00d72.7mm\" width=\"532\" height=\"443\" srcset=\"https:\/\/ecmicrophones.com\/wp-content\/uploads\/2024\/03\/appearance-dimension_ecm-b6027ap2.8-30rc.png 532w, https:\/\/ecmicrophones.com\/wp-content\/uploads\/2024\/03\/appearance-dimension_ecm-b6027ap2.8-30rc-300x250.png 300w, https:\/\/ecmicrophones.com\/wp-content\/uploads\/2024\/03\/appearance-dimension_ecm-b6027ap2.8-30rc-14x12.png 14w\" sizes=\"auto, (max-width: 532px) 100vw, 532px\" \/><\/p>\n<p>Capsule compacte mesurant \u03a66 \u00d7 2,7mm, avec un filet frontal anti-poussi\u00e8re et un dos scell\u00e9 sans ouvertures. \u00c9quip\u00e9e de broches de 2,8 mm, avec un espacement de 1,9 mm.<\/p>","protected":false},"excerpt":{"rendered":"<p>L&#039;ECM-B6027AP2.8-30RC est une capsule de micro \u00e9lectret omnidirectionnelle 6 x 2,7 mm avec 2 broches, une sensibilit\u00e9 de -30 dB \u00b1 2 et un SNR de 74 dB, parfaite pour les robots intelligents et la capture d&#039;\u00e9quipements ext\u00e9rieurs.<\/p>","protected":false},"featured_media":2568,"comment_status":"open","ping_status":"closed","template":"","meta":[],"product_brand":[721],"product_cat":[16,20],"product_tag":[283,229,291],"class_list":{"0":"post-166","1":"product","2":"type-product","3":"status-publish","4":"has-post-thumbnail","6":"product_brand-ecmic","7":"product_cat-electret-microphones","8":"product_cat-omnidirectional-microphones","9":"product_tag-6mm","10":"product_tag-equipment","11":"product_tag-pin-type","13":"first","14":"instock","15":"shipping-taxable","16":"purchasable","17":"product-type-simple"},"_links":{"self":[{"href":"https:\/\/ecmicrophones.com\/fr\/wp-json\/wp\/v2\/product\/166","targetHints":{"allow":["GET"]}}],"collection":[{"href":"https:\/\/ecmicrophones.com\/fr\/wp-json\/wp\/v2\/product"}],"about":[{"href":"https:\/\/ecmicrophones.com\/fr\/wp-json\/wp\/v2\/types\/product"}],"replies":[{"embeddable":true,"href":"https:\/\/ecmicrophones.com\/fr\/wp-json\/wp\/v2\/comments?post=166"}],"wp:featuredmedia":[{"embeddable":true,"href":"https:\/\/ecmicrophones.com\/fr\/wp-json\/wp\/v2\/media\/2568"}],"wp:attachment":[{"href":"https:\/\/ecmicrophones.com\/fr\/wp-json\/wp\/v2\/media?parent=166"}],"wp:term":[{"taxonomy":"product_brand","embeddable":true,"href":"https:\/\/ecmicrophones.com\/fr\/wp-json\/wp\/v2\/product_brand?post=166"},{"taxonomy":"product_cat","embeddable":true,"href":"https:\/\/ecmicrophones.com\/fr\/wp-json\/wp\/v2\/product_cat?post=166"},{"taxonomy":"product_tag","embeddable":true,"href":"https:\/\/ecmicrophones.com\/fr\/wp-json\/wp\/v2\/product_tag?post=166"}],"curies":[{"name":"wp","href":"https:\/\/api.w.org\/{rel}","templated":true}]}}