{"id":1683,"date":"2024-07-24T17:22:32","date_gmt":"2024-07-24T09:22:32","guid":{"rendered":"https:\/\/ecmicrophones.com\/?post_type=product&#038;p=1683"},"modified":"2026-03-19T15:19:43","modified_gmt":"2026-03-19T07:19:43","slug":"6mm-high-snr-omnidirectional-microphone-capsule","status":"publish","type":"product","link":"https:\/\/ecmicrophones.com\/fr\/6mm-high-snr-omnidirectional-microphone-capsule\/","title":{"rendered":"Capsule de microphone omnidirectionnelle SNR \u00e9lev\u00e9 de 6 mm"},"content":{"rendered":"<h2 class=\"text-start\">Sp\u00e9cifications techniques<\/h2>\n<p class=\"text-start\">Notre microphone omnidirectionnel \u00e0 r\u00e9duction de bruit 6020 pr\u00e9sente une sensibilit\u00e9 \u00e9lev\u00e9e et un rapport signal\/bruit \u00e9lev\u00e9. Il offre une r\u00e9duction efficace du bruit et une r\u00e9sistance aux interf\u00e9rences tout en \u00e9tant respectueux de l&#039;environnement.<\/p>\n<h3 class=\"pt-5 text-start\">Circuit d&#039;essai standard<\/h3>\n<p> <img loading=\"lazy\" decoding=\"async\" class=\"alignnone size-full wp-image-1698\" src=\"https:\/\/ecmicrophones.com\/wp-content\/uploads\/2024\/07\/standard-test-circuit_ecm-f6020al34-344.png\" alt=\"Circuit d&#039;essai standard\" width=\"435\" height=\"212\" srcset=\"https:\/\/ecmicrophones.com\/wp-content\/uploads\/2024\/07\/standard-test-circuit_ecm-f6020al34-344.png 435w, https:\/\/ecmicrophones.com\/wp-content\/uploads\/2024\/07\/standard-test-circuit_ecm-f6020al34-344-300x146.png 300w, https:\/\/ecmicrophones.com\/wp-content\/uploads\/2024\/07\/standard-test-circuit_ecm-f6020al34-344-18x9.png 18w\" sizes=\"auto, (max-width: 435px) 100vw, 435px\" \/> <\/p>\n<p>Conditions de test : RL = 2,2k\u03a9, Vs = 2V, C = 1\u03bcF<\/p>\n<h3 class=\"pt-5 text-start\">R\u00e9ponse en fr\u00e9quence typique<\/h3>\n<p> <img loading=\"lazy\" decoding=\"async\" class=\"alignnone size-full wp-image-1699\" src=\"https:\/\/ecmicrophones.com\/wp-content\/uploads\/2024\/07\/typical-frequency-response_ecm-f6020al34-344.png\" alt=\"R\u00e9ponse en fr\u00e9quence typique\" width=\"552\" height=\"394\" srcset=\"https:\/\/ecmicrophones.com\/wp-content\/uploads\/2024\/07\/typical-frequency-response_ecm-f6020al34-344.png 552w, https:\/\/ecmicrophones.com\/wp-content\/uploads\/2024\/07\/typical-frequency-response_ecm-f6020al34-344-300x214.png 300w, https:\/\/ecmicrophones.com\/wp-content\/uploads\/2024\/07\/typical-frequency-response_ecm-f6020al34-344-18x12.png 18w\" sizes=\"auto, (max-width: 552px) 100vw, 552px\" \/> <\/p>\n<p>La r\u00e9ponse en fr\u00e9quence s'\u00e9tend de 50 Hz \u00e0 20 kHz, avec un profil plat jusqu'\u00e0 environ 3 kHz. Au-del\u00e0 de ce point, la r\u00e9ponse commence \u00e0 s'att\u00e9nuer progressivement, garantissant une sortie \u00e9quilibr\u00e9e pour les applications vocales et ambiantes.<\/p>\n<h3 class=\"pt-5 text-start\">Dimensions (UNIT : mm)<\/h3>\n<p> <img loading=\"lazy\" decoding=\"async\" class=\"alignnone size-full wp-image-1697\" src=\"https:\/\/ecmicrophones.com\/wp-content\/uploads\/2024\/07\/appearance-dimension_ecm-f6020al34-344.png\" alt=\"Dimension d&#039;apparence\" width=\"382\" height=\"309\" srcset=\"https:\/\/ecmicrophones.com\/wp-content\/uploads\/2024\/07\/appearance-dimension_ecm-f6020al34-344.png 382w, https:\/\/ecmicrophones.com\/wp-content\/uploads\/2024\/07\/appearance-dimension_ecm-f6020al34-344-300x243.png 300w, https:\/\/ecmicrophones.com\/wp-content\/uploads\/2024\/07\/appearance-dimension_ecm-f6020al34-344-15x12.png 15w\" sizes=\"auto, (max-width: 382px) 100vw, 382px\" \/> <\/p>\n<p>La capsule mesure 6 mm de diam\u00e8tre et 2 mm de hauteur. L'avant est \u00e9quip\u00e9 d'un filet anti-poussi\u00e8re et l'arri\u00e8re est scell\u00e9 sans ouverture acoustique.<\/p>","protected":false},"excerpt":{"rendered":"<p>L&#039;ECM-B6020AL34-344 est une capsule de microphone omnidirectionnelle de 6 \u00d7 2 mm con\u00e7ue pour des applications telles que les cam\u00e9ras de documents, les haut-parleurs Bluetooth, les interphones et les microphones-cravates. Il offre une capture audio claire et de haute qualit\u00e9 dans toutes les directions avec une sensibilit\u00e9 de -34 dB \u00b1 2 et un rapport signal\/bruit de 70 dB. Ce microphone garantit des performances fiables dans divers environnements audio.<\/p>","protected":false},"featured_media":2774,"comment_status":"open","ping_status":"closed","template":"","meta":[],"product_brand":[721],"product_cat":[16,20],"product_tag":[283,229,288],"class_list":{"0":"post-1683","1":"product","2":"type-product","3":"status-publish","4":"has-post-thumbnail","6":"product_brand-ecmic","7":"product_cat-electret-microphones","8":"product_cat-omnidirectional-microphones","9":"product_tag-6mm","10":"product_tag-equipment","11":"product_tag-solder-pads","13":"first","14":"instock","15":"shipping-taxable","16":"purchasable","17":"product-type-simple"},"_links":{"self":[{"href":"https:\/\/ecmicrophones.com\/fr\/wp-json\/wp\/v2\/product\/1683","targetHints":{"allow":["GET"]}}],"collection":[{"href":"https:\/\/ecmicrophones.com\/fr\/wp-json\/wp\/v2\/product"}],"about":[{"href":"https:\/\/ecmicrophones.com\/fr\/wp-json\/wp\/v2\/types\/product"}],"replies":[{"embeddable":true,"href":"https:\/\/ecmicrophones.com\/fr\/wp-json\/wp\/v2\/comments?post=1683"}],"wp:featuredmedia":[{"embeddable":true,"href":"https:\/\/ecmicrophones.com\/fr\/wp-json\/wp\/v2\/media\/2774"}],"wp:attachment":[{"href":"https:\/\/ecmicrophones.com\/fr\/wp-json\/wp\/v2\/media?parent=1683"}],"wp:term":[{"taxonomy":"product_brand","embeddable":true,"href":"https:\/\/ecmicrophones.com\/fr\/wp-json\/wp\/v2\/product_brand?post=1683"},{"taxonomy":"product_cat","embeddable":true,"href":"https:\/\/ecmicrophones.com\/fr\/wp-json\/wp\/v2\/product_cat?post=1683"},{"taxonomy":"product_tag","embeddable":true,"href":"https:\/\/ecmicrophones.com\/fr\/wp-json\/wp\/v2\/product_tag?post=1683"}],"curies":[{"name":"wp","href":"https:\/\/api.w.org\/{rel}","templated":true}]}}