{"id":1684,"date":"2024-07-24T17:40:03","date_gmt":"2024-07-24T09:40:03","guid":{"rendered":"https:\/\/ecmicrophones.com\/?post_type=product&#038;p=1684"},"modified":"2026-03-19T15:19:31","modified_gmt":"2026-03-19T07:19:31","slug":"6mm-small-diaphragm-microphone-capsule-for-instrument-recording","status":"publish","type":"product","link":"https:\/\/ecmicrophones.com\/fr\/6mm-small-diaphragm-microphone-capsule-for-instrument-recording\/","title":{"rendered":"Capsule de microphone \u00e0 petit diaphragme de 6 mm pour l&#039;enregistrement d&#039;instruments"},"content":{"rendered":"<h2 class=\"text-start\">Sp\u00e9cifications techniques<\/h2>\n<p class=\"text-start\">Notre t\u00eate de microphone omnidirectionnelle 6027 offre une r\u00e9ponse en fr\u00e9quence fluide avec une sensibilit\u00e9 \u00e9lev\u00e9e, un rapport signal\/bruit \u00e9lev\u00e9 et une excellente fid\u00e9lit\u00e9.<\/p>\n<h3 class=\"pt-5 text-start\">Circuit d&#039;essai standard<\/h3>\n<p> <img loading=\"lazy\" decoding=\"async\" class=\"alignnone size-full wp-image-1695\" src=\"https:\/\/ecmicrophones.com\/wp-content\/uploads\/2024\/07\/standard-test-circuit_ecm-b6027al30-331.png\" alt=\"Circuit d&#039;essai standard\" width=\"625\" height=\"278\" srcset=\"https:\/\/ecmicrophones.com\/wp-content\/uploads\/2024\/07\/standard-test-circuit_ecm-b6027al30-331.png 625w, https:\/\/ecmicrophones.com\/wp-content\/uploads\/2024\/07\/standard-test-circuit_ecm-b6027al30-331-300x133.png 300w, https:\/\/ecmicrophones.com\/wp-content\/uploads\/2024\/07\/standard-test-circuit_ecm-b6027al30-331-18x8.png 18w, https:\/\/ecmicrophones.com\/wp-content\/uploads\/2024\/07\/standard-test-circuit_ecm-b6027al30-331-600x267.png 600w\" sizes=\"auto, (max-width: 625px) 100vw, 625px\" \/> <\/p>\n<p>Conditions de test : RL = 2,2k\u03a9, Vs = 2V, C = 1\u03bcF<\/p>\n<h3 class=\"pt-5 text-start\">R\u00e9ponse en fr\u00e9quence typique<\/h3>\n<p> <img loading=\"lazy\" decoding=\"async\" class=\"alignnone size-full wp-image-1696\" src=\"https:\/\/ecmicrophones.com\/wp-content\/uploads\/2024\/07\/typical-frequency-response_ecm-b6027al30-331.png\" alt=\"R\u00e9ponse en fr\u00e9quence typique\" width=\"629\" height=\"448\" srcset=\"https:\/\/ecmicrophones.com\/wp-content\/uploads\/2024\/07\/typical-frequency-response_ecm-b6027al30-331.png 629w, https:\/\/ecmicrophones.com\/wp-content\/uploads\/2024\/07\/typical-frequency-response_ecm-b6027al30-331-300x214.png 300w, https:\/\/ecmicrophones.com\/wp-content\/uploads\/2024\/07\/typical-frequency-response_ecm-b6027al30-331-18x12.png 18w, https:\/\/ecmicrophones.com\/wp-content\/uploads\/2024\/07\/typical-frequency-response_ecm-b6027al30-331-600x427.png 600w\" sizes=\"auto, (max-width: 629px) 100vw, 629px\" \/> <\/p>\n<p>La r\u00e9ponse en fr\u00e9quence s'\u00e9tend de 50 Hz \u00e0 20 kHz. La courbe reste plate dans les basses et moyennes fr\u00e9quences, puis augmente dans la r\u00e9gion des hautes fr\u00e9quences avant de s'att\u00e9nuer progressivement.<\/p>\n<h3 class=\"pt-5 text-start\">Dimensions (UNIT : mm)<\/h3>\n<p> <img loading=\"lazy\" decoding=\"async\" class=\"alignnone size-full wp-image-1694\" src=\"https:\/\/ecmicrophones.com\/wp-content\/uploads\/2024\/07\/appearance-dimension_ecm-b6027al30-331.png\" alt=\"Dimension d&#039;apparence\" width=\"396\" height=\"488\" srcset=\"https:\/\/ecmicrophones.com\/wp-content\/uploads\/2024\/07\/appearance-dimension_ecm-b6027al30-331.png 396w, https:\/\/ecmicrophones.com\/wp-content\/uploads\/2024\/07\/appearance-dimension_ecm-b6027al30-331-243x300.png 243w, https:\/\/ecmicrophones.com\/wp-content\/uploads\/2024\/07\/appearance-dimension_ecm-b6027al30-331-10x12.png 10w\" sizes=\"auto, (max-width: 396px) 100vw, 396px\" \/> <\/p>\n<p>La capsule mesure 6 mm de diam\u00e8tre et 2,7 mm de hauteur. La face avant est munie d'un filet anti-poussi\u00e8re, tandis que la face arri\u00e8re est enti\u00e8rement scell\u00e9e, sans port acoustique.<\/p>","protected":false},"excerpt":{"rendered":"<p>L&#039;ECM-B6027AL30-331 est une capsule de microphone omnidirectionnelle 6 \u00d7 2,7 mm id\u00e9ale pour l&#039;enregistrement d&#039;instruments. Elle pr\u00e9sente une sensibilit\u00e9 de -30 dB\u00b12 et un rapport signal\/bruit de 70 dB, garantissant une excellente clart\u00e9 et coh\u00e9rence audio. Ce microphone capture le son dans toutes les directions, ce qui le rend adapt\u00e9 \u00e0 l&#039;enregistrement de haute qualit\u00e9 de divers instruments de musique.<\/p>","protected":false},"featured_media":2721,"comment_status":"open","ping_status":"closed","template":"","meta":[],"product_brand":[721],"product_cat":[16,20],"product_tag":[283,111,288],"class_list":{"0":"post-1684","1":"product","2":"type-product","3":"status-publish","4":"has-post-thumbnail","6":"product_brand-ecmic","7":"product_cat-electret-microphones","8":"product_cat-omnidirectional-microphones","9":"product_tag-6mm","10":"product_tag-instrument","11":"product_tag-solder-pads","13":"first","14":"instock","15":"shipping-taxable","16":"purchasable","17":"product-type-simple"},"_links":{"self":[{"href":"https:\/\/ecmicrophones.com\/fr\/wp-json\/wp\/v2\/product\/1684","targetHints":{"allow":["GET"]}}],"collection":[{"href":"https:\/\/ecmicrophones.com\/fr\/wp-json\/wp\/v2\/product"}],"about":[{"href":"https:\/\/ecmicrophones.com\/fr\/wp-json\/wp\/v2\/types\/product"}],"replies":[{"embeddable":true,"href":"https:\/\/ecmicrophones.com\/fr\/wp-json\/wp\/v2\/comments?post=1684"}],"wp:featuredmedia":[{"embeddable":true,"href":"https:\/\/ecmicrophones.com\/fr\/wp-json\/wp\/v2\/media\/2721"}],"wp:attachment":[{"href":"https:\/\/ecmicrophones.com\/fr\/wp-json\/wp\/v2\/media?parent=1684"}],"wp:term":[{"taxonomy":"product_brand","embeddable":true,"href":"https:\/\/ecmicrophones.com\/fr\/wp-json\/wp\/v2\/product_brand?post=1684"},{"taxonomy":"product_cat","embeddable":true,"href":"https:\/\/ecmicrophones.com\/fr\/wp-json\/wp\/v2\/product_cat?post=1684"},{"taxonomy":"product_tag","embeddable":true,"href":"https:\/\/ecmicrophones.com\/fr\/wp-json\/wp\/v2\/product_tag?post=1684"}],"curies":[{"name":"wp","href":"https:\/\/api.w.org\/{rel}","templated":true}]}}