{"id":1685,"date":"2024-07-24T17:52:52","date_gmt":"2024-07-24T09:52:52","guid":{"rendered":"https:\/\/ecmicrophones.com\/?post_type=product&#038;p=1685"},"modified":"2026-04-01T11:16:57","modified_gmt":"2026-04-01T03:16:57","slug":"6mm-high-sensitivity-microphone-element-with-pins-for-conference-systems","status":"publish","type":"product","link":"https:\/\/ecmicrophones.com\/fr\/6mm-high-sensitivity-microphone-element-with-pins-for-conference-systems\/","title":{"rendered":"\u00c9l\u00e9ment de microphone haute sensibilit\u00e9 de 6 mm avec broches pour syst\u00e8mes de conf\u00e9rence"},"content":{"rendered":"<h2 class=\"text-start\">Sp\u00e9cifications techniques<\/h2>\n<p class=\"text-start\">Notre t\u00eate de microphone 6027 broches offre une sensibilit\u00e9 \u00e9lev\u00e9e, garantissant une capture audio claire et pr\u00e9cise.<\/p>\n<h3 class=\"pt-5 text-start\">Circuit d&#039;essai standard<\/h3>\n<p><img loading=\"lazy\" decoding=\"async\" class=\"alignnone size-full wp-image-1693\" src=\"https:\/\/ecmicrophones.com\/wp-content\/uploads\/2024\/07\/standard-test-circuit_ecm-b6027ap25-382.png\" alt=\"Circuit d&#039;essai standard\" width=\"554\" height=\"257\" srcset=\"https:\/\/ecmicrophones.com\/wp-content\/uploads\/2024\/07\/standard-test-circuit_ecm-b6027ap25-382.png 554w, https:\/\/ecmicrophones.com\/wp-content\/uploads\/2024\/07\/standard-test-circuit_ecm-b6027ap25-382-300x139.png 300w, https:\/\/ecmicrophones.com\/wp-content\/uploads\/2024\/07\/standard-test-circuit_ecm-b6027ap25-382-18x8.png 18w\" sizes=\"auto, (max-width: 554px) 100vw, 554px\" \/><\/p>\n<p>Conditions de test : RL = 2,2k\u03a9, Vs = 3V, C = 1\u03bcF<\/p>\n<h3 class=\"pt-5 text-start\">R\u00e9ponse en fr\u00e9quence typique<\/h3>\n<p><img loading=\"lazy\" decoding=\"async\" class=\"alignnone size-full wp-image-1691\" src=\"https:\/\/ecmicrophones.com\/wp-content\/uploads\/2024\/07\/typical-frequency-response_ecm-b6027ap25-382.png\" alt=\"R\u00e9ponse en fr\u00e9quence typique\" width=\"620\" height=\"444\" srcset=\"https:\/\/ecmicrophones.com\/wp-content\/uploads\/2024\/07\/typical-frequency-response_ecm-b6027ap25-382.png 620w, https:\/\/ecmicrophones.com\/wp-content\/uploads\/2024\/07\/typical-frequency-response_ecm-b6027ap25-382-300x215.png 300w, https:\/\/ecmicrophones.com\/wp-content\/uploads\/2024\/07\/typical-frequency-response_ecm-b6027ap25-382-18x12.png 18w, https:\/\/ecmicrophones.com\/wp-content\/uploads\/2024\/07\/typical-frequency-response_ecm-b6027ap25-382-600x430.png 600w\" sizes=\"auto, (max-width: 620px) 100vw, 620px\" \/><\/p>\n<p>La r\u00e9ponse en fr\u00e9quence s'\u00e9tend de 50 Hz \u00e0 20 kHz. La courbe reste relativement plate jusqu'\u00e0 environ 2 kHz, apr\u00e8s quoi elle s'att\u00e9nue progressivement vers les fr\u00e9quences plus \u00e9lev\u00e9es.<\/p>\n<h3 class=\"pt-5 text-start\">Dimensions (UNIT : mm)<\/h3>\n<p><img loading=\"lazy\" decoding=\"async\" class=\"alignnone size-full wp-image-1692\" src=\"https:\/\/ecmicrophones.com\/wp-content\/uploads\/2024\/07\/appearance-dimension_ecm-b6027ap25-382.png\" alt=\"Dimension d&#039;apparence\" width=\"489\" height=\"417\" srcset=\"https:\/\/ecmicrophones.com\/wp-content\/uploads\/2024\/07\/appearance-dimension_ecm-b6027ap25-382.png 489w, https:\/\/ecmicrophones.com\/wp-content\/uploads\/2024\/07\/appearance-dimension_ecm-b6027ap25-382-300x256.png 300w, https:\/\/ecmicrophones.com\/wp-content\/uploads\/2024\/07\/appearance-dimension_ecm-b6027ap25-382-14x12.png 14w\" sizes=\"auto, (max-width: 489px) 100vw, 489px\" \/><\/p>\n<p>La capsule mesure 6 mm de diam\u00e8tre et 2,7 mm de hauteur. L'avant est \u00e9quip\u00e9 d'un filet anti-poussi\u00e8re et l'arri\u00e8re n'a pas d'ouverture acoustique. Elle est \u00e9quip\u00e9e de broches \u00e0 souder de 2,8 mm pour le montage sur circuit imprim\u00e9, avec un espacement de 1,9 mm.<\/p>","protected":false},"excerpt":{"rendered":"<p>L'ECM-B6027AP25-382 est une capsule de microphone omnidirectionnelle de 6 \u00d7 2,7 mm, id\u00e9ale pour les microphones de conf\u00e9rence. Elle pr\u00e9sente une sensibilit\u00e9 de -25dB\u00b12 et un rapport signal\/bruit de 60dB, ce qui garantit une qualit\u00e9 audio claire et constante. Cette capsule est con\u00e7ue pour capter le son dans toutes les directions, ce qui la rend id\u00e9ale pour capter les voix dans les conf\u00e9rences.<\/p>","protected":false},"featured_media":2724,"comment_status":"open","ping_status":"closed","template":"","meta":[],"product_brand":[721],"product_cat":[16,20],"product_tag":[283,235,291],"class_list":{"0":"post-1685","1":"product","2":"type-product","3":"status-publish","4":"has-post-thumbnail","6":"product_brand-ecmic","7":"product_cat-electret-microphones","8":"product_cat-omnidirectional-microphones","9":"product_tag-6mm","10":"product_tag-conference","11":"product_tag-pin-type","13":"first","14":"instock","15":"shipping-taxable","16":"purchasable","17":"product-type-simple"},"_links":{"self":[{"href":"https:\/\/ecmicrophones.com\/fr\/wp-json\/wp\/v2\/product\/1685","targetHints":{"allow":["GET"]}}],"collection":[{"href":"https:\/\/ecmicrophones.com\/fr\/wp-json\/wp\/v2\/product"}],"about":[{"href":"https:\/\/ecmicrophones.com\/fr\/wp-json\/wp\/v2\/types\/product"}],"replies":[{"embeddable":true,"href":"https:\/\/ecmicrophones.com\/fr\/wp-json\/wp\/v2\/comments?post=1685"}],"wp:featuredmedia":[{"embeddable":true,"href":"https:\/\/ecmicrophones.com\/fr\/wp-json\/wp\/v2\/media\/2724"}],"wp:attachment":[{"href":"https:\/\/ecmicrophones.com\/fr\/wp-json\/wp\/v2\/media?parent=1685"}],"wp:term":[{"taxonomy":"product_brand","embeddable":true,"href":"https:\/\/ecmicrophones.com\/fr\/wp-json\/wp\/v2\/product_brand?post=1685"},{"taxonomy":"product_cat","embeddable":true,"href":"https:\/\/ecmicrophones.com\/fr\/wp-json\/wp\/v2\/product_cat?post=1685"},{"taxonomy":"product_tag","embeddable":true,"href":"https:\/\/ecmicrophones.com\/fr\/wp-json\/wp\/v2\/product_tag?post=1685"}],"curies":[{"name":"wp","href":"https:\/\/api.w.org\/{rel}","templated":true}]}}