{"id":1687,"date":"2024-07-24T18:07:30","date_gmt":"2024-07-24T10:07:30","guid":{"rendered":"https:\/\/ecmicrophones.com\/?post_type=product&#038;p=1687"},"modified":"2026-03-19T15:18:55","modified_gmt":"2026-03-19T07:18:55","slug":"6mm-bidirectional-microphone-element-for-headset-mics","status":"publish","type":"product","link":"https:\/\/ecmicrophones.com\/fr\/6mm-bidirectional-microphone-element-for-headset-mics\/","title":{"rendered":"\u00c9l\u00e9ment de microphone bidirectionnel de 6 mm pour micros casque"},"content":{"rendered":"<h2 class=\"text-start\">Sp\u00e9cifications techniques<\/h2>\n<p class=\"text-start\">Notre t\u00eate de microphone 6027 pr\u00e9sente un faible bruit de fond et une r\u00e9sistance efficace aux interf\u00e9rences.<\/p>\n<h3 class=\"pt-5 text-start\">Circuit d&#039;essai standard<\/h3>\n<p><img loading=\"lazy\" decoding=\"async\" class=\"alignnone size-full wp-image-1689\" src=\"https:\/\/ecmicrophones.com\/wp-content\/uploads\/2024\/07\/standard-test-circuit_ecm-b6027nl50-y504-223.png\" alt=\"Circuit d&#039;essai standard\" width=\"618\" height=\"279\" srcset=\"https:\/\/ecmicrophones.com\/wp-content\/uploads\/2024\/07\/standard-test-circuit_ecm-b6027nl50-y504-223.png 618w, https:\/\/ecmicrophones.com\/wp-content\/uploads\/2024\/07\/standard-test-circuit_ecm-b6027nl50-y504-223-300x135.png 300w, https:\/\/ecmicrophones.com\/wp-content\/uploads\/2024\/07\/standard-test-circuit_ecm-b6027nl50-y504-223-18x8.png 18w, https:\/\/ecmicrophones.com\/wp-content\/uploads\/2024\/07\/standard-test-circuit_ecm-b6027nl50-y504-223-600x271.png 600w\" sizes=\"auto, (max-width: 618px) 100vw, 618px\" \/><\/p>\n<p>Conditions de test : RL = 2,2k\u03a9, Vs = 2V, C = 1\u03bcF<\/p>\n<h3 class=\"pt-5 text-start\">R\u00e9ponse en fr\u00e9quence typique<\/h3>\n<p><img loading=\"lazy\" decoding=\"async\" class=\"alignnone size-full wp-image-1690\" src=\"https:\/\/ecmicrophones.com\/wp-content\/uploads\/2024\/07\/typical-frequency-response_ecm-b6027nl50-y504-223.png\" alt=\"R\u00e9ponse en fr\u00e9quence typique\" width=\"616\" height=\"328\" srcset=\"https:\/\/ecmicrophones.com\/wp-content\/uploads\/2024\/07\/typical-frequency-response_ecm-b6027nl50-y504-223.png 616w, https:\/\/ecmicrophones.com\/wp-content\/uploads\/2024\/07\/typical-frequency-response_ecm-b6027nl50-y504-223-300x160.png 300w, https:\/\/ecmicrophones.com\/wp-content\/uploads\/2024\/07\/typical-frequency-response_ecm-b6027nl50-y504-223-18x10.png 18w, https:\/\/ecmicrophones.com\/wp-content\/uploads\/2024\/07\/typical-frequency-response_ecm-b6027nl50-y504-223-600x319.png 600w\" sizes=\"auto, (max-width: 616px) 100vw, 616px\" \/><\/p>\n<p>La r\u00e9ponse en fr\u00e9quence s'\u00e9tend de 100 Hz \u00e0 12 kHz. Elle reste plate de 100 Hz \u00e0 environ 1,5 kHz, puis augmente progressivement, atteignant un pic pr\u00e8s de 8 kHz avant de commencer \u00e0 d\u00e9cliner \u00e0 des fr\u00e9quences plus \u00e9lev\u00e9es.<\/p>\n<h3 class=\"pt-5 text-start\">Dimensions (UNIT : mm)<\/h3>\n<p><img loading=\"lazy\" decoding=\"async\" class=\"alignnone size-full wp-image-1688\" src=\"https:\/\/ecmicrophones.com\/wp-content\/uploads\/2024\/07\/appearance-dimension_ecm-b6027nl50-y504-223.png\" alt=\"Dimension d&#039;apparence\" width=\"588\" height=\"452\" srcset=\"https:\/\/ecmicrophones.com\/wp-content\/uploads\/2024\/07\/appearance-dimension_ecm-b6027nl50-y504-223.png 588w, https:\/\/ecmicrophones.com\/wp-content\/uploads\/2024\/07\/appearance-dimension_ecm-b6027nl50-y504-223-300x231.png 300w, https:\/\/ecmicrophones.com\/wp-content\/uploads\/2024\/07\/appearance-dimension_ecm-b6027nl50-y504-223-16x12.png 16w\" sizes=\"auto, (max-width: 588px) 100vw, 588px\" \/><\/p>\n<p>La capsule mesure 6 mm de diam\u00e8tre et 2,7 mm de hauteur. L'avant est dot\u00e9 d'un filet anti-poussi\u00e8re, tandis que l'arri\u00e8re comprend un port acoustique pour l'entr\u00e9e du son.<\/p>","protected":false},"excerpt":{"rendered":"<p>L&#039;ECM-B6027NL50-Y504-223 est une capsule de microphone bidirectionnelle de 6 \u00d7 2,7 mm, con\u00e7ue pour \u00eatre utilis\u00e9e dans les micros casques. Elle pr\u00e9sente une sensibilit\u00e9 de -50 dB\u00b12 et un rapport signal\/bruit de 55 dB, garantissant des performances audio fiables. Cette capsule est id\u00e9ale pour capturer un son focalis\u00e9 dans les applications d&#039;interphonie.<\/p>","protected":false},"featured_media":2726,"comment_status":"open","ping_status":"closed","template":"","meta":[],"product_brand":[721],"product_cat":[16,22],"product_tag":[283,109,288],"class_list":{"0":"post-1687","1":"product","2":"type-product","3":"status-publish","4":"has-post-thumbnail","6":"product_brand-ecmic","7":"product_cat-electret-microphones","8":"product_cat-bidirectional-microphones","9":"product_tag-6mm","10":"product_tag-intercom","11":"product_tag-solder-pads","13":"first","14":"instock","15":"shipping-taxable","16":"purchasable","17":"product-type-simple"},"_links":{"self":[{"href":"https:\/\/ecmicrophones.com\/fr\/wp-json\/wp\/v2\/product\/1687","targetHints":{"allow":["GET"]}}],"collection":[{"href":"https:\/\/ecmicrophones.com\/fr\/wp-json\/wp\/v2\/product"}],"about":[{"href":"https:\/\/ecmicrophones.com\/fr\/wp-json\/wp\/v2\/types\/product"}],"replies":[{"embeddable":true,"href":"https:\/\/ecmicrophones.com\/fr\/wp-json\/wp\/v2\/comments?post=1687"}],"wp:featuredmedia":[{"embeddable":true,"href":"https:\/\/ecmicrophones.com\/fr\/wp-json\/wp\/v2\/media\/2726"}],"wp:attachment":[{"href":"https:\/\/ecmicrophones.com\/fr\/wp-json\/wp\/v2\/media?parent=1687"}],"wp:term":[{"taxonomy":"product_brand","embeddable":true,"href":"https:\/\/ecmicrophones.com\/fr\/wp-json\/wp\/v2\/product_brand?post=1687"},{"taxonomy":"product_cat","embeddable":true,"href":"https:\/\/ecmicrophones.com\/fr\/wp-json\/wp\/v2\/product_cat?post=1687"},{"taxonomy":"product_tag","embeddable":true,"href":"https:\/\/ecmicrophones.com\/fr\/wp-json\/wp\/v2\/product_tag?post=1687"}],"curies":[{"name":"wp","href":"https:\/\/api.w.org\/{rel}","templated":true}]}}