{"id":1709,"date":"2024-07-25T11:18:40","date_gmt":"2024-07-25T03:18:40","guid":{"rendered":"https:\/\/ecmicrophones.com\/?post_type=product&#038;p=1709"},"modified":"2026-03-19T15:18:45","modified_gmt":"2026-03-19T07:18:45","slug":"6mm-omnidirectional-microphone-element-for-document-cameras","status":"publish","type":"product","link":"https:\/\/ecmicrophones.com\/fr\/6mm-omnidirectional-microphone-element-for-document-cameras\/","title":{"rendered":"\u00c9l\u00e9ment de microphone omnidirectionnel de 6 mm pour cam\u00e9ras de documents"},"content":{"rendered":"<h2 class=\"text-start\">Sp\u00e9cifications techniques<\/h2>\n<p class=\"text-start\">Notre t\u00eate de microphone 6027 est un microphone \u00e9lectret omnidirectionnel \u00e0 broches, con\u00e7u avec des condensateurs doubles pour une forte r\u00e9sistance aux interf\u00e9rences et une r\u00e9duction du bruit. Il est fabriqu\u00e9 \u00e0 partir de mat\u00e9riaux \u00e9cologiques certifi\u00e9s ROHS, garantissant \u00e0 la fois performance et responsabilit\u00e9 environnementale.<\/p>\n<h3 class=\"pt-5 text-start\">Circuit d&#039;essai standard<\/h3>\n<p><img loading=\"lazy\" decoding=\"async\" src=\"https:\/\/ecmicrophones.com\/wp-content\/uploads\/2024\/07\/standard-test-circuit_ecm-f6027ap-40.png\" alt=\"Circuit d&#039;essai standard\" width=\"539\" height=\"234\" class=\"alignnone size-full wp-image-1711\" srcset=\"https:\/\/ecmicrophones.com\/wp-content\/uploads\/2024\/07\/standard-test-circuit_ecm-f6027ap-40.png 539w, https:\/\/ecmicrophones.com\/wp-content\/uploads\/2024\/07\/standard-test-circuit_ecm-f6027ap-40-300x130.png 300w, https:\/\/ecmicrophones.com\/wp-content\/uploads\/2024\/07\/standard-test-circuit_ecm-f6027ap-40-18x8.png 18w\" sizes=\"auto, (max-width: 539px) 100vw, 539px\" \/> <\/p>\n<p>Test\u00e9 dans des conditions standard avec RL=2,2K\u03a9, VS=3V, et C=1\u03bcF pour une \u00e9valuation coh\u00e9rente des performances.<\/p>\n<h3 class=\"pt-5 text-start\">R\u00e9ponse en fr\u00e9quence typique<\/h3>\n<p><img loading=\"lazy\" decoding=\"async\" src=\"https:\/\/ecmicrophones.com\/wp-content\/uploads\/2024\/07\/typical-frequency-response_ecm-f6027ap-40.png\" alt=\"R\u00e9ponse en fr\u00e9quence typique\" width=\"628\" height=\"214\" class=\"alignnone size-full wp-image-1712\" srcset=\"https:\/\/ecmicrophones.com\/wp-content\/uploads\/2024\/07\/typical-frequency-response_ecm-f6027ap-40.png 628w, https:\/\/ecmicrophones.com\/wp-content\/uploads\/2024\/07\/typical-frequency-response_ecm-f6027ap-40-300x102.png 300w, https:\/\/ecmicrophones.com\/wp-content\/uploads\/2024\/07\/typical-frequency-response_ecm-f6027ap-40-18x6.png 18w, https:\/\/ecmicrophones.com\/wp-content\/uploads\/2024\/07\/typical-frequency-response_ecm-f6027ap-40-600x204.png 600w\" sizes=\"auto, (max-width: 628px) 100vw, 628px\" \/> <\/p>\n<p>Plate de 50 Hz \u00e0 3 kHz, elle s'\u00e9l\u00e8ve progressivement jusqu'\u00e0 un pic autour de 8 kHz, puis se maintient sur un plateau lisse jusqu'\u00e0 10 kHz, avant de s'att\u00e9nuer doucement vers 16 kHz.<\/p>\n<h3 class=\"pt-5 text-start\">Dimensions (UNIT : mm)<\/h3>\n<p><img loading=\"lazy\" decoding=\"async\" src=\"https:\/\/ecmicrophones.com\/wp-content\/uploads\/2024\/07\/appearance-dimension_ecm-f6027ap-40.png\" alt=\"Dimension d&#039;apparence\" width=\"638\" height=\"549\" class=\"alignnone size-full wp-image-1710\" srcset=\"https:\/\/ecmicrophones.com\/wp-content\/uploads\/2024\/07\/appearance-dimension_ecm-f6027ap-40.png 638w, https:\/\/ecmicrophones.com\/wp-content\/uploads\/2024\/07\/appearance-dimension_ecm-f6027ap-40-300x258.png 300w, https:\/\/ecmicrophones.com\/wp-content\/uploads\/2024\/07\/appearance-dimension_ecm-f6027ap-40-14x12.png 14w, https:\/\/ecmicrophones.com\/wp-content\/uploads\/2024\/07\/appearance-dimension_ecm-f6027ap-40-600x516.png 600w\" sizes=\"auto, (max-width: 638px) 100vw, 638px\" \/> <\/p>\n<p>La capsule mesure 6 mm de diam\u00e8tre et 2,7 mm de hauteur. Elle est dot\u00e9e d'un filet anti-poussi\u00e8re \u00e0 l'avant et d'un dos solide sans orifices acoustiques. La capsule poss\u00e8de des broches de 2,8 mm avec un espacement de 1,9 mm.<\/p>","protected":false},"excerpt":{"rendered":"<p>L&#039;ECM-F6027AP-40 est une capsule de microphone omnidirectionnelle de 6 \u00d7 2,7 mm, parfaitement adapt\u00e9e \u00e0 une gamme d&#039;applications, notamment les casques Bluetooth, les syst\u00e8mes Bluetooth embarqu\u00e9s, les cam\u00e9ras haute d\u00e9finition, les haut-parleurs Bluetooth, les montres intelligentes et les interphones. Avec une sensibilit\u00e9 de -40 dB \u00b1 2 et un rapport signal\/bruit de 60 dB, ce microphone offre un son clair et coh\u00e9rent sur diff\u00e9rents appareils.<\/p>","protected":false},"featured_media":2773,"comment_status":"open","ping_status":"closed","template":"","meta":[],"product_brand":[721],"product_cat":[16,20],"product_tag":[283,229,291],"class_list":{"0":"post-1709","1":"product","2":"type-product","3":"status-publish","4":"has-post-thumbnail","6":"product_brand-ecmic","7":"product_cat-electret-microphones","8":"product_cat-omnidirectional-microphones","9":"product_tag-6mm","10":"product_tag-equipment","11":"product_tag-pin-type","13":"first","14":"instock","15":"shipping-taxable","16":"purchasable","17":"product-type-simple"},"_links":{"self":[{"href":"https:\/\/ecmicrophones.com\/fr\/wp-json\/wp\/v2\/product\/1709","targetHints":{"allow":["GET"]}}],"collection":[{"href":"https:\/\/ecmicrophones.com\/fr\/wp-json\/wp\/v2\/product"}],"about":[{"href":"https:\/\/ecmicrophones.com\/fr\/wp-json\/wp\/v2\/types\/product"}],"replies":[{"embeddable":true,"href":"https:\/\/ecmicrophones.com\/fr\/wp-json\/wp\/v2\/comments?post=1709"}],"wp:featuredmedia":[{"embeddable":true,"href":"https:\/\/ecmicrophones.com\/fr\/wp-json\/wp\/v2\/media\/2773"}],"wp:attachment":[{"href":"https:\/\/ecmicrophones.com\/fr\/wp-json\/wp\/v2\/media?parent=1709"}],"wp:term":[{"taxonomy":"product_brand","embeddable":true,"href":"https:\/\/ecmicrophones.com\/fr\/wp-json\/wp\/v2\/product_brand?post=1709"},{"taxonomy":"product_cat","embeddable":true,"href":"https:\/\/ecmicrophones.com\/fr\/wp-json\/wp\/v2\/product_cat?post=1709"},{"taxonomy":"product_tag","embeddable":true,"href":"https:\/\/ecmicrophones.com\/fr\/wp-json\/wp\/v2\/product_tag?post=1709"}],"curies":[{"name":"wp","href":"https:\/\/api.w.org\/{rel}","templated":true}]}}