{"id":1725,"date":"2024-07-25T17:57:32","date_gmt":"2024-07-25T09:57:32","guid":{"rendered":"https:\/\/ecmicrophones.com\/?post_type=product&#038;p=1725"},"modified":"2026-03-19T15:17:44","modified_gmt":"2026-03-19T07:17:44","slug":"6mm-omnidirectional-electret-microphone-head-for-lavalier-mic","status":"publish","type":"product","link":"https:\/\/ecmicrophones.com\/fr\/6mm-omnidirectional-electret-microphone-head-for-lavalier-mic\/","title":{"rendered":"T\u00eate de microphone \u00e0 \u00e9lectret omnidirectionnel de 6 mm pour micro Lavalier"},"content":{"rendered":"<h2 class=\"text-start\">Sp\u00e9cifications techniques<\/h2>\n<p class=\"text-start\">Notre capsule de microphone \u00e9lectret omnidirectionnelle 6050 est dot\u00e9e de deux condensateurs pour un blindage anti-interf\u00e9rences renforc\u00e9. Fabriqu\u00e9 \u00e0 partir de mat\u00e9riaux respectueux de l&#039;environnement et certifi\u00e9 ROHS, il garantit des performances fiables.<\/p>\n<h3 class=\"pt-5 text-start\">Circuit d&#039;essai standard<\/h3>\n<p><img loading=\"lazy\" decoding=\"async\" class=\"alignnone size-full wp-image-1738\" src=\"https:\/\/ecmicrophones.com\/wp-content\/uploads\/2024\/07\/standard-test-circuit_ecm-f6050al41-sd210.png\" alt=\"Circuit d&#039;essai standard\" width=\"481\" height=\"211\" srcset=\"https:\/\/ecmicrophones.com\/wp-content\/uploads\/2024\/07\/standard-test-circuit_ecm-f6050al41-sd210.png 481w, https:\/\/ecmicrophones.com\/wp-content\/uploads\/2024\/07\/standard-test-circuit_ecm-f6050al41-sd210-300x132.png 300w, https:\/\/ecmicrophones.com\/wp-content\/uploads\/2024\/07\/standard-test-circuit_ecm-f6050al41-sd210-18x8.png 18w\" sizes=\"auto, (max-width: 481px) 100vw, 481px\" \/><\/p>\n<p>La configuration de test utilise RL = 2,2K\u03a9, VS = 3V, et C = 1\u03bcF pour la mesure.<\/p>\n<h3 class=\"pt-5 text-start\">R\u00e9ponse en fr\u00e9quence typique<\/h3>\n<p><img loading=\"lazy\" decoding=\"async\" class=\"alignnone size-full wp-image-1736\" src=\"https:\/\/ecmicrophones.com\/wp-content\/uploads\/2024\/07\/typical-frequency-response_ecm-f6050al41-sd210.png\" alt=\"R\u00e9ponse en fr\u00e9quence typique\" width=\"552\" height=\"394\" srcset=\"https:\/\/ecmicrophones.com\/wp-content\/uploads\/2024\/07\/typical-frequency-response_ecm-f6050al41-sd210.png 552w, https:\/\/ecmicrophones.com\/wp-content\/uploads\/2024\/07\/typical-frequency-response_ecm-f6050al41-sd210-300x214.png 300w, https:\/\/ecmicrophones.com\/wp-content\/uploads\/2024\/07\/typical-frequency-response_ecm-f6050al41-sd210-18x12.png 18w\" sizes=\"auto, (max-width: 552px) 100vw, 552px\" \/><\/p>\n<p>La r\u00e9ponse en fr\u00e9quence reste stable de 50 Hz \u00e0 3 kHz, augmente r\u00e9guli\u00e8rement jusqu'\u00e0 10 kHz, puis diminue progressivement vers 20 kHz.<\/p>\n<h3 class=\"pt-5 text-start\">Dimensions (UNIT : mm)<\/h3>\n<p><img loading=\"lazy\" decoding=\"async\" class=\"alignnone size-full wp-image-1737\" src=\"https:\/\/ecmicrophones.com\/wp-content\/uploads\/2024\/07\/appearance-dimension_ecm-f6050al41-sd210.png\" alt=\"Dimension d&#039;apparence\" width=\"588\" height=\"344\" srcset=\"https:\/\/ecmicrophones.com\/wp-content\/uploads\/2024\/07\/appearance-dimension_ecm-f6050al41-sd210.png 588w, https:\/\/ecmicrophones.com\/wp-content\/uploads\/2024\/07\/appearance-dimension_ecm-f6050al41-sd210-300x176.png 300w, https:\/\/ecmicrophones.com\/wp-content\/uploads\/2024\/07\/appearance-dimension_ecm-f6050al41-sd210-18x12.png 18w\" sizes=\"auto, (max-width: 588px) 100vw, 588px\" \/><\/p>\n<p>La capsule du microphone mesure 6 mm de diam\u00e8tre et 5 mm de hauteur, avec un filet anti-poussi\u00e8re \u00e0 l'avant et un dos scell\u00e9 (pas de port acoustique).<\/p>","protected":false},"excerpt":{"rendered":"<p>L&#039;ECM-F6050AL41-SD210 est une capsule de microphone omnidirectionnelle 6 \u00d7 5 mm, id\u00e9ale pour les microphones-cravates. Elle offre une sensibilit\u00e9 de -41 dB\u00b12 et un rapport signal\/bruit de 58 dB, garantissant une capture audio claire et fiable sur une large gamme de fr\u00e9quences.<\/p>","protected":false},"featured_media":2759,"comment_status":"open","ping_status":"closed","template":"","meta":[],"product_brand":[721],"product_cat":[16,20],"product_tag":[283,235,288],"class_list":{"0":"post-1725","1":"product","2":"type-product","3":"status-publish","4":"has-post-thumbnail","6":"product_brand-ecmic","7":"product_cat-electret-microphones","8":"product_cat-omnidirectional-microphones","9":"product_tag-6mm","10":"product_tag-conference","11":"product_tag-solder-pads","13":"first","14":"instock","15":"shipping-taxable","16":"purchasable","17":"product-type-simple"},"_links":{"self":[{"href":"https:\/\/ecmicrophones.com\/fr\/wp-json\/wp\/v2\/product\/1725","targetHints":{"allow":["GET"]}}],"collection":[{"href":"https:\/\/ecmicrophones.com\/fr\/wp-json\/wp\/v2\/product"}],"about":[{"href":"https:\/\/ecmicrophones.com\/fr\/wp-json\/wp\/v2\/types\/product"}],"replies":[{"embeddable":true,"href":"https:\/\/ecmicrophones.com\/fr\/wp-json\/wp\/v2\/comments?post=1725"}],"wp:featuredmedia":[{"embeddable":true,"href":"https:\/\/ecmicrophones.com\/fr\/wp-json\/wp\/v2\/media\/2759"}],"wp:attachment":[{"href":"https:\/\/ecmicrophones.com\/fr\/wp-json\/wp\/v2\/media?parent=1725"}],"wp:term":[{"taxonomy":"product_brand","embeddable":true,"href":"https:\/\/ecmicrophones.com\/fr\/wp-json\/wp\/v2\/product_brand?post=1725"},{"taxonomy":"product_cat","embeddable":true,"href":"https:\/\/ecmicrophones.com\/fr\/wp-json\/wp\/v2\/product_cat?post=1725"},{"taxonomy":"product_tag","embeddable":true,"href":"https:\/\/ecmicrophones.com\/fr\/wp-json\/wp\/v2\/product_tag?post=1725"}],"curies":[{"name":"wp","href":"https:\/\/api.w.org\/{rel}","templated":true}]}}