{"id":173,"date":"2024-03-27T11:55:32","date_gmt":"2024-03-27T11:55:32","guid":{"rendered":"https:\/\/ecmicrophones.com\/?post_type=product&#038;p=173"},"modified":"2026-03-27T16:42:13","modified_gmt":"2026-03-27T08:42:13","slug":"9-7mm-omnidirectional-electret-microphone-cartridge-for-parabolic-microphone","status":"publish","type":"product","link":"https:\/\/ecmicrophones.com\/fr\/9-7mm-omnidirectional-electret-microphone-cartridge-for-parabolic-microphone\/","title":{"rendered":"Cartouche de microphone \u00e0 \u00e9lectret omnidirectionnel de 9,7 mm pour microphone parabolique"},"content":{"rendered":"<h2 class=\"text-start\">Sp\u00e9cifications techniques<\/h2>\n<p class=\"text-start\">L'ECM-B9750AL26-062 est une capsule de microphone omnidirectionnel de 9,7 mm, dot\u00e9e d'une sensibilit\u00e9 exceptionnelle de -26 dB et d'un rapport signal\/bruit de 82 dB. Con\u00e7ue pour des applications de haute performance, elle garantit un son clair et pr\u00e9cis, m\u00eame dans des environnements exigeants, ce qui la rend id\u00e9ale pour la prise de son sur de longues distances.<\/p>\n<p class=\"text-start\">Fabriqu\u00e9e avec un c\u0153ur de micro Panasonic sur mesure, cette capsule offre des performances stables et coh\u00e9rentes, avec une large gamme de fr\u00e9quences de 50Hz \u00e0 16KHz. Gr\u00e2ce \u00e0 sa conception robuste, elle convient \u00e0 une vari\u00e9t\u00e9 d'utilisations professionnelles, notamment les st\u00e9thoscopes num\u00e9riques, les syst\u00e8mes de surveillance, les \u00e9quipements de radiodiffusion et les appareils d'enregistrement de haute qualit\u00e9.<\/p>\n<p class=\"text-start\">Pour une version pr\u00e9-attach\u00e9e de la piste, explorez la rubrique <a href=\"https:\/\/ecmicrophones.com\/fr\/9-7mm-omnidirectional-long-distance-pickup-microphone-head\/\">Mod\u00e8le de plomb de 15 mm<\/a>.<\/p>\n<h3 class=\"pt-5 text-start\">Circuit d&#039;essai standard<\/h3>\n<p><img loading=\"lazy\" decoding=\"async\" class=\"alignnone size-full wp-image-299\" src=\"https:\/\/ecmicrophones.com\/wp-content\/uploads\/2024\/03\/standard-test-circuit_ecm-b9750al26-062.jpg\" alt=\"ECM-B9750AL26-062 Circuit de test standard : 2,2k\u03a9 de polarisation, 2V d&#039;alimentation, 1\u03bcF de sortie.\" width=\"583\" height=\"252\" srcset=\"https:\/\/ecmicrophones.com\/wp-content\/uploads\/2024\/03\/standard-test-circuit_ecm-b9750al26-062.jpg 583w, https:\/\/ecmicrophones.com\/wp-content\/uploads\/2024\/03\/standard-test-circuit_ecm-b9750al26-062-300x130.jpg 300w, https:\/\/ecmicrophones.com\/wp-content\/uploads\/2024\/03\/standard-test-circuit_ecm-b9750al26-062-18x8.jpg 18w\" sizes=\"auto, (max-width: 583px) 100vw, 583px\" \/><\/p>\n<p>Test\u00e9 avec une r\u00e9sistance de polarisation de 2,2k\u03a9, une alimentation en courant continu de 2V et un condensateur de couplage de 1\u03bcF.<\/p>\n<h3 class=\"pt-5 text-start\">R\u00e9ponse en fr\u00e9quence typique<\/h3>\n<p><img loading=\"lazy\" decoding=\"async\" class=\"alignnone size-full wp-image-300\" src=\"https:\/\/ecmicrophones.com\/wp-content\/uploads\/2024\/03\/typical-frequency-response_ecm-b9750al26-062.jpg\" alt=\"ECM-B9750AL26-062 Courbe de r\u00e9ponse en fr\u00e9quence\" width=\"593\" height=\"425\" srcset=\"https:\/\/ecmicrophones.com\/wp-content\/uploads\/2024\/03\/typical-frequency-response_ecm-b9750al26-062.jpg 593w, https:\/\/ecmicrophones.com\/wp-content\/uploads\/2024\/03\/typical-frequency-response_ecm-b9750al26-062-300x215.jpg 300w, https:\/\/ecmicrophones.com\/wp-content\/uploads\/2024\/03\/typical-frequency-response_ecm-b9750al26-062-18x12.jpg 18w\" sizes=\"auto, (max-width: 593px) 100vw, 593px\" \/><\/p>\n<p>La r\u00e9ponse en fr\u00e9quence est r\u00e9guli\u00e8re de 50 Hz \u00e0 3 kHz, suivie d'une d\u00e9croissance significative jusqu'\u00e0 20 kHz.<\/p>\n<h3 class=\"pt-5 text-start\">Dimensions (UNIT : mm)<\/h3>\n<p><img loading=\"lazy\" decoding=\"async\" class=\"alignnone size-full wp-image-301\" src=\"https:\/\/ecmicrophones.com\/wp-content\/uploads\/2024\/03\/appearance-dimension_ecm-b9750al26-062.jpg\" alt=\"Dimensions de l&#039;ECM-B9750AL26-062 : \u03a69.7\u00d75.0mm\" width=\"513\" height=\"377\" srcset=\"https:\/\/ecmicrophones.com\/wp-content\/uploads\/2024\/03\/appearance-dimension_ecm-b9750al26-062.jpg 513w, https:\/\/ecmicrophones.com\/wp-content\/uploads\/2024\/03\/appearance-dimension_ecm-b9750al26-062-300x220.jpg 300w, https:\/\/ecmicrophones.com\/wp-content\/uploads\/2024\/03\/appearance-dimension_ecm-b9750al26-062-16x12.jpg 16w\" sizes=\"auto, (max-width: 513px) 100vw, 513px\" \/><\/p>\n<p>Capsule compacte mesurant \u03a69,7 \u00d7 5,0 mm avec un filet anti-poussi\u00e8re \u00e0 l'avant et une conception arri\u00e8re scell\u00e9e.<\/p>","protected":false},"excerpt":{"rendered":"<p>Capsule de microphone omnidirectionnel de 9,7 mm \u00e0 haute sensibilit\u00e9 (-26 dB, 82 dB S\/N), id\u00e9ale pour la prise de son \u00e0 longue distance, les st\u00e9thoscopes num\u00e9riques et d'autres applications audio professionnelles.<\/p>","protected":false},"featured_media":2607,"comment_status":"open","ping_status":"closed","template":"","meta":[],"product_brand":[721],"product_cat":[16,20],"product_tag":[282,229,410,288],"class_list":{"0":"post-173","1":"product","2":"type-product","3":"status-publish","4":"has-post-thumbnail","6":"product_brand-ecmic","7":"product_cat-electret-microphones","8":"product_cat-omnidirectional-microphones","9":"product_tag-9-7mm","10":"product_tag-equipment","11":"product_tag-high-snr","12":"product_tag-solder-pads","14":"first","15":"instock","16":"shipping-taxable","17":"purchasable","18":"product-type-simple"},"_links":{"self":[{"href":"https:\/\/ecmicrophones.com\/fr\/wp-json\/wp\/v2\/product\/173","targetHints":{"allow":["GET"]}}],"collection":[{"href":"https:\/\/ecmicrophones.com\/fr\/wp-json\/wp\/v2\/product"}],"about":[{"href":"https:\/\/ecmicrophones.com\/fr\/wp-json\/wp\/v2\/types\/product"}],"replies":[{"embeddable":true,"href":"https:\/\/ecmicrophones.com\/fr\/wp-json\/wp\/v2\/comments?post=173"}],"wp:featuredmedia":[{"embeddable":true,"href":"https:\/\/ecmicrophones.com\/fr\/wp-json\/wp\/v2\/media\/2607"}],"wp:attachment":[{"href":"https:\/\/ecmicrophones.com\/fr\/wp-json\/wp\/v2\/media?parent=173"}],"wp:term":[{"taxonomy":"product_brand","embeddable":true,"href":"https:\/\/ecmicrophones.com\/fr\/wp-json\/wp\/v2\/product_brand?post=173"},{"taxonomy":"product_cat","embeddable":true,"href":"https:\/\/ecmicrophones.com\/fr\/wp-json\/wp\/v2\/product_cat?post=173"},{"taxonomy":"product_tag","embeddable":true,"href":"https:\/\/ecmicrophones.com\/fr\/wp-json\/wp\/v2\/product_tag?post=173"}],"curies":[{"name":"wp","href":"https:\/\/api.w.org\/{rel}","templated":true}]}}