{"id":1757,"date":"2024-07-26T15:42:04","date_gmt":"2024-07-26T07:42:04","guid":{"rendered":"https:\/\/ecmicrophones.com\/?post_type=product&#038;p=1757"},"modified":"2026-03-19T15:17:33","modified_gmt":"2026-03-19T07:17:33","slug":"9-7mm-omnidirectional-long-distance-pickup-microphone-head","status":"publish","type":"product","link":"https:\/\/ecmicrophones.com\/fr\/9-7mm-omnidirectional-long-distance-pickup-microphone-head\/","title":{"rendered":"T\u00eate de microphone omnidirectionnelle longue distance de 9,7 mm"},"content":{"rendered":"<h2 class=\"text-start\">Sp\u00e9cifications techniques<\/h2>\n<p class=\"text-start\">L'ECM-B9750AL26-062-L15 est une capsule de microphone omnidirectionnel de 9,7 mm \u00e9quip\u00e9e d'un c\u00e2ble de 15 mm pr\u00e9-fix\u00e9, offrant une commodit\u00e9 in\u00e9gal\u00e9e pour l'assemblage dans divers appareils. Avec une sensibilit\u00e9 \u00e9lev\u00e9e de -26dB et un rapport signal\/bruit impressionnant de 82dB, il d\u00e9livre un son clair et pr\u00e9cis, ce qui le rend parfait pour les applications qui exigent une capture audio \u00e0 longue distance.<\/p>\n<p class=\"text-start\">Utilisant un noyau de micro Panasonic de haute qualit\u00e9, ce mod\u00e8le conserve une coh\u00e9rence et des performances excellentes. La r\u00e9ponse en fr\u00e9quence de 50 Hz \u00e0 16 kHz garantit une reproduction sonore fluide et naturelle, adapt\u00e9e aux produits de qualit\u00e9 professionnelle tels que les syst\u00e8mes de conf\u00e9rence, les enregistreurs audio et les dispositifs de prise de son \u00e0 distance.<\/p>\n<p class=\"text-start\">Pour une version sans plomb, visitez le site <a href=\"https:\/\/ecmicrophones.com\/fr\/9-7mm-omnidirectional-electret-microphone-cartridge-for-parabolic-microphone\/\">mod\u00e8le standard<\/a>.<\/p>\n<h3 class=\"pt-5 text-start\">Circuit d&#039;essai standard<\/h3>\n<p><img loading=\"lazy\" decoding=\"async\" src=\"https:\/\/ecmicrophones.com\/wp-content\/uploads\/2024\/07\/standard-test-circuit_ecm-b9750al26-062-l15.png\" alt=\"Circuit d&#039;essai standard\" width=\"579\" height=\"249\" class=\"alignnone size-full wp-image-1762\" srcset=\"https:\/\/ecmicrophones.com\/wp-content\/uploads\/2024\/07\/standard-test-circuit_ecm-b9750al26-062-l15.png 579w, https:\/\/ecmicrophones.com\/wp-content\/uploads\/2024\/07\/standard-test-circuit_ecm-b9750al26-062-l15-300x129.png 300w, https:\/\/ecmicrophones.com\/wp-content\/uploads\/2024\/07\/standard-test-circuit_ecm-b9750al26-062-l15-18x8.png 18w\" sizes=\"auto, (max-width: 579px) 100vw, 579px\" \/><\/p>\n<p>\nConditions d'essai : RL = 2,2k\u03a9, Vs = 2V, C = 1\u03bcF.\n<\/p>\n<h3 class=\"pt-5 text-start\">R\u00e9ponse en fr\u00e9quence typique<\/h3>\n<p><img loading=\"lazy\" decoding=\"async\" src=\"https:\/\/ecmicrophones.com\/wp-content\/uploads\/2024\/07\/typical-frequency-response_ecm-b9750al26-062-l15.png\" alt=\"R\u00e9ponse en fr\u00e9quence typique\" width=\"585\" height=\"413\" class=\"alignnone size-full wp-image-1763\" srcset=\"https:\/\/ecmicrophones.com\/wp-content\/uploads\/2024\/07\/typical-frequency-response_ecm-b9750al26-062-l15.png 585w, https:\/\/ecmicrophones.com\/wp-content\/uploads\/2024\/07\/typical-frequency-response_ecm-b9750al26-062-l15-300x212.png 300w, https:\/\/ecmicrophones.com\/wp-content\/uploads\/2024\/07\/typical-frequency-response_ecm-b9750al26-062-l15-18x12.png 18w\" sizes=\"auto, (max-width: 585px) 100vw, 585px\" \/><\/p>\n<p>\nLa r\u00e9ponse en fr\u00e9quence s'\u00e9tend de 50 Hz \u00e0 20 kHz. La courbe reste plate de 50 Hz \u00e0 environ 3 kHz, puis diminue progressivement vers les fr\u00e9quences plus \u00e9lev\u00e9es.\n<\/p>\n<h3 class=\"pt-5 text-start\">Dimensions (UNIT : mm)<\/h3>\n<p><img loading=\"lazy\" decoding=\"async\" src=\"https:\/\/ecmicrophones.com\/wp-content\/uploads\/2024\/07\/appearance-dimension_ecm-b9750al26-062-l15.png\" alt=\"Dimension d&#039;apparence\" width=\"428\" height=\"489\" class=\"alignnone size-full wp-image-1761\" srcset=\"https:\/\/ecmicrophones.com\/wp-content\/uploads\/2024\/07\/appearance-dimension_ecm-b9750al26-062-l15.png 428w, https:\/\/ecmicrophones.com\/wp-content\/uploads\/2024\/07\/appearance-dimension_ecm-b9750al26-062-l15-263x300.png 263w, https:\/\/ecmicrophones.com\/wp-content\/uploads\/2024\/07\/appearance-dimension_ecm-b9750al26-062-l15-11x12.png 11w\" sizes=\"auto, (max-width: 428px) 100vw, 428px\" \/><\/p>\n<p>\nDimensions de la capsule du microphone : \u00d89,7 \u00d7 5 mm. Comprend un filet anti-poussi\u00e8re \u00e0 l'avant et aucun trou \u00e0 l'arri\u00e8re. \u00c9quip\u00e9 d'un c\u00e2ble parall\u00e8le de 15 mm.<\/p>","protected":false},"excerpt":{"rendered":"<p>Capsule de microphone omnidirectionnel haute performance de 9,7 mm (-26 dB, 82 dB S\/N) avec c\u00e2ble de 15 mm pour une int\u00e9gration facile.<\/p>","protected":false},"featured_media":2735,"comment_status":"open","ping_status":"closed","template":"","meta":[],"product_brand":[721],"product_cat":[20,16],"product_tag":[282,229,410,290],"class_list":{"0":"post-1757","1":"product","2":"type-product","3":"status-publish","4":"has-post-thumbnail","6":"product_brand-ecmic","7":"product_cat-omnidirectional-microphones","8":"product_cat-electret-microphones","9":"product_tag-9-7mm","10":"product_tag-equipment","11":"product_tag-high-snr","12":"product_tag-wire-leads","14":"first","15":"instock","16":"shipping-taxable","17":"purchasable","18":"product-type-simple"},"_links":{"self":[{"href":"https:\/\/ecmicrophones.com\/fr\/wp-json\/wp\/v2\/product\/1757","targetHints":{"allow":["GET"]}}],"collection":[{"href":"https:\/\/ecmicrophones.com\/fr\/wp-json\/wp\/v2\/product"}],"about":[{"href":"https:\/\/ecmicrophones.com\/fr\/wp-json\/wp\/v2\/types\/product"}],"replies":[{"embeddable":true,"href":"https:\/\/ecmicrophones.com\/fr\/wp-json\/wp\/v2\/comments?post=1757"}],"wp:featuredmedia":[{"embeddable":true,"href":"https:\/\/ecmicrophones.com\/fr\/wp-json\/wp\/v2\/media\/2735"}],"wp:attachment":[{"href":"https:\/\/ecmicrophones.com\/fr\/wp-json\/wp\/v2\/media?parent=1757"}],"wp:term":[{"taxonomy":"product_brand","embeddable":true,"href":"https:\/\/ecmicrophones.com\/fr\/wp-json\/wp\/v2\/product_brand?post=1757"},{"taxonomy":"product_cat","embeddable":true,"href":"https:\/\/ecmicrophones.com\/fr\/wp-json\/wp\/v2\/product_cat?post=1757"},{"taxonomy":"product_tag","embeddable":true,"href":"https:\/\/ecmicrophones.com\/fr\/wp-json\/wp\/v2\/product_tag?post=1757"}],"curies":[{"name":"wp","href":"https:\/\/api.w.org\/{rel}","templated":true}]}}