{"id":1791,"date":"2024-07-29T16:10:36","date_gmt":"2024-07-29T08:10:36","guid":{"rendered":"https:\/\/ecmicrophones.com\/?post_type=product&#038;p=1791"},"modified":"2026-03-19T15:16:30","modified_gmt":"2026-03-19T07:16:30","slug":"9-7mm-omnidirectional-microphone-element-for-voice-recognition","status":"publish","type":"product","link":"https:\/\/ecmicrophones.com\/fr\/9-7mm-omnidirectional-microphone-element-for-voice-recognition\/","title":{"rendered":"\u00c9l\u00e9ment de microphone omnidirectionnel de 9,7 mm pour la reconnaissance vocale"},"content":{"rendered":"<h2 class=\"text-start\">Sp\u00e9cifications techniques<\/h2>\n<p class=\"text-start\">Notre capsule de microphone omnidirectionnelle 9745 offre une sensibilit\u00e9 \u00e9lev\u00e9e et des capacit\u00e9s anti-interf\u00e9rences, garantissant des performances stables et fiables.<\/p>\n<h3 class=\"pt-5 text-start\">Circuit d&#039;essai standard<\/h3>\n<p><img loading=\"lazy\" decoding=\"async\" class=\"alignnone size-full wp-image-1793\" src=\"https:\/\/ecmicrophones.com\/wp-content\/uploads\/2024\/07\/standard-test-circuit_ecm-f9745al36-186.jpg\" alt=\"Circuit d&#039;essai standard\" width=\"750\" height=\"400\" srcset=\"https:\/\/ecmicrophones.com\/wp-content\/uploads\/2024\/07\/standard-test-circuit_ecm-f9745al36-186.jpg 750w, https:\/\/ecmicrophones.com\/wp-content\/uploads\/2024\/07\/standard-test-circuit_ecm-f9745al36-186-300x160.jpg 300w, https:\/\/ecmicrophones.com\/wp-content\/uploads\/2024\/07\/standard-test-circuit_ecm-f9745al36-186-18x10.jpg 18w, https:\/\/ecmicrophones.com\/wp-content\/uploads\/2024\/07\/standard-test-circuit_ecm-f9745al36-186-600x320.jpg 600w\" sizes=\"auto, (max-width: 750px) 100vw, 750px\" \/><\/p>\n<p>Mesur\u00e9 dans des conditions standard : RL = 2,2k\u03a9, Vs = 2V, C = 1\u03bcF.<\/p>\n<h3 class=\"pt-5 text-start\">R\u00e9ponse en fr\u00e9quence typique<\/h3>\n<p><img loading=\"lazy\" decoding=\"async\" class=\"alignnone size-full wp-image-1794\" src=\"https:\/\/ecmicrophones.com\/wp-content\/uploads\/2024\/07\/typical-frequency-response_ecm-f9745al36-186.jpg\" alt=\"R\u00e9ponse en fr\u00e9quence typique\" width=\"750\" height=\"400\" srcset=\"https:\/\/ecmicrophones.com\/wp-content\/uploads\/2024\/07\/typical-frequency-response_ecm-f9745al36-186.jpg 750w, https:\/\/ecmicrophones.com\/wp-content\/uploads\/2024\/07\/typical-frequency-response_ecm-f9745al36-186-300x160.jpg 300w, https:\/\/ecmicrophones.com\/wp-content\/uploads\/2024\/07\/typical-frequency-response_ecm-f9745al36-186-18x10.jpg 18w, https:\/\/ecmicrophones.com\/wp-content\/uploads\/2024\/07\/typical-frequency-response_ecm-f9745al36-186-600x320.jpg 600w\" sizes=\"auto, (max-width: 750px) 100vw, 750px\" \/><\/p>\n<p>R\u00e9ponse plate de 50 Hz \u00e0 2 kHz, s'\u00e9levant entre 2 kHz et 5 kHz jusqu'\u00e0 une cr\u00eate, suivie d'une d\u00e9croissance progressive vers 20 kHz - id\u00e9ale pour capturer des fr\u00e9quences moyennes et hautes claires.<\/p>\n<h3 class=\"pt-5 text-start\">Dimensions (UNIT : mm)<\/h3>\n<p><img loading=\"lazy\" decoding=\"async\" class=\"alignnone size-full wp-image-1792\" src=\"https:\/\/ecmicrophones.com\/wp-content\/uploads\/2024\/07\/appearance-dimension_ecm-f9745al36-186.jpg\" alt=\"Dimension d&#039;apparence\" width=\"750\" height=\"400\" srcset=\"https:\/\/ecmicrophones.com\/wp-content\/uploads\/2024\/07\/appearance-dimension_ecm-f9745al36-186.jpg 750w, https:\/\/ecmicrophones.com\/wp-content\/uploads\/2024\/07\/appearance-dimension_ecm-f9745al36-186-300x160.jpg 300w, https:\/\/ecmicrophones.com\/wp-content\/uploads\/2024\/07\/appearance-dimension_ecm-f9745al36-186-18x10.jpg 18w, https:\/\/ecmicrophones.com\/wp-content\/uploads\/2024\/07\/appearance-dimension_ecm-f9745al36-186-600x320.jpg 600w\" sizes=\"auto, (max-width: 750px) 100vw, 750px\" \/><\/p>\n<p>Capsule de \u00d89,7 \u00d7 4,5 mm avec un filet anti-poussi\u00e8re \u00e0 l'avant et un dos scell\u00e9 sans port acoustique pour une meilleure isolation.<\/p>","protected":false},"excerpt":{"rendered":"<p>L&#039;ECM-F9745AL36-186 est une capsule de microphone omnidirectionnelle de 9,7 \u00d7 4,5 mm, adapt\u00e9e aux applications de reconnaissance vocale. Elle pr\u00e9sente une sensibilit\u00e9 de -36 dB\u00b12 et un rapport signal\/bruit de 65 dB, garantissant une capture audio pr\u00e9cise et claire.<\/p>","protected":false},"featured_media":2753,"comment_status":"open","ping_status":"closed","template":"","meta":[],"product_brand":[721],"product_cat":[16,20],"product_tag":[282,229,288],"class_list":{"0":"post-1791","1":"product","2":"type-product","3":"status-publish","4":"has-post-thumbnail","6":"product_brand-ecmic","7":"product_cat-electret-microphones","8":"product_cat-omnidirectional-microphones","9":"product_tag-9-7mm","10":"product_tag-equipment","11":"product_tag-solder-pads","13":"first","14":"instock","15":"shipping-taxable","16":"purchasable","17":"product-type-simple"},"_links":{"self":[{"href":"https:\/\/ecmicrophones.com\/fr\/wp-json\/wp\/v2\/product\/1791","targetHints":{"allow":["GET"]}}],"collection":[{"href":"https:\/\/ecmicrophones.com\/fr\/wp-json\/wp\/v2\/product"}],"about":[{"href":"https:\/\/ecmicrophones.com\/fr\/wp-json\/wp\/v2\/types\/product"}],"replies":[{"embeddable":true,"href":"https:\/\/ecmicrophones.com\/fr\/wp-json\/wp\/v2\/comments?post=1791"}],"wp:featuredmedia":[{"embeddable":true,"href":"https:\/\/ecmicrophones.com\/fr\/wp-json\/wp\/v2\/media\/2753"}],"wp:attachment":[{"href":"https:\/\/ecmicrophones.com\/fr\/wp-json\/wp\/v2\/media?parent=1791"}],"wp:term":[{"taxonomy":"product_brand","embeddable":true,"href":"https:\/\/ecmicrophones.com\/fr\/wp-json\/wp\/v2\/product_brand?post=1791"},{"taxonomy":"product_cat","embeddable":true,"href":"https:\/\/ecmicrophones.com\/fr\/wp-json\/wp\/v2\/product_cat?post=1791"},{"taxonomy":"product_tag","embeddable":true,"href":"https:\/\/ecmicrophones.com\/fr\/wp-json\/wp\/v2\/product_tag?post=1791"}],"curies":[{"name":"wp","href":"https:\/\/api.w.org\/{rel}","templated":true}]}}