{"id":1795,"date":"2024-07-29T14:59:57","date_gmt":"2024-07-29T06:59:57","guid":{"rendered":"https:\/\/ecmicrophones.com\/?post_type=product&#038;p=1795"},"modified":"2026-03-19T15:17:03","modified_gmt":"2026-03-19T07:17:03","slug":"9-7mm-omnidirectional-electret-microphone-capsule-with-pins-without-fet","status":"publish","type":"product","link":"https:\/\/ecmicrophones.com\/fr\/9-7mm-omnidirectional-electret-microphone-capsule-with-pins-without-fet\/","title":{"rendered":"Capsule de microphone \u00e0 \u00e9lectret omnidirectionnel de 9,7 mm avec broches sans FET"},"content":{"rendered":"<h2 class=\"text-start\">Sp\u00e9cifications techniques<\/h2>\n<p class=\"text-start\">Notre t\u00eate de microphone 9745, aux dimensions de 9,7 \u00d7 4,5 mm, est un transducteur omnidirectionnel dot\u00e9 d&#039;une sensibilit\u00e9 de -36 dB. Il assure une prise de son efficace \u00e0 longue distance et des performances stables et fiables.<\/p>\n<h3 class=\"pt-5 text-start\">Circuit d&#039;essai standard<\/h3>\n<p><img loading=\"lazy\" decoding=\"async\" class=\"alignnone size-full wp-image-1797\" src=\"https:\/\/ecmicrophones.com\/wp-content\/uploads\/2024\/07\/standard-test-circuit_ecm-f9745al36-856.png\" alt=\"Circuit d&#039;essai standard\" width=\"583\" height=\"260\" srcset=\"https:\/\/ecmicrophones.com\/wp-content\/uploads\/2024\/07\/standard-test-circuit_ecm-f9745al36-856.png 583w, https:\/\/ecmicrophones.com\/wp-content\/uploads\/2024\/07\/standard-test-circuit_ecm-f9745al36-856-300x134.png 300w, https:\/\/ecmicrophones.com\/wp-content\/uploads\/2024\/07\/standard-test-circuit_ecm-f9745al36-856-18x8.png 18w\" sizes=\"auto, (max-width: 583px) 100vw, 583px\" \/><\/p>\n<p>Conditions de test : R\u00e9sistance de charge (RL) = 2,2k\u03a9, Tension d'alimentation (VS) = 4,5V, Condensateur de couplage (C) = 1\u03bcF.<\/p>\n<h3 class=\"pt-5 text-start\">R\u00e9ponse en fr\u00e9quence typique<\/h3>\n<p><img loading=\"lazy\" decoding=\"async\" class=\"alignnone size-full wp-image-1798\" src=\"https:\/\/ecmicrophones.com\/wp-content\/uploads\/2024\/07\/typical-frequency-response_ecm-f9745al36-856.png\" alt=\"R\u00e9ponse en fr\u00e9quence typique\" width=\"637\" height=\"407\" srcset=\"https:\/\/ecmicrophones.com\/wp-content\/uploads\/2024\/07\/typical-frequency-response_ecm-f9745al36-856.png 637w, https:\/\/ecmicrophones.com\/wp-content\/uploads\/2024\/07\/typical-frequency-response_ecm-f9745al36-856-300x192.png 300w, https:\/\/ecmicrophones.com\/wp-content\/uploads\/2024\/07\/typical-frequency-response_ecm-f9745al36-856-18x12.png 18w, https:\/\/ecmicrophones.com\/wp-content\/uploads\/2024\/07\/typical-frequency-response_ecm-f9745al36-856-600x383.png 600w\" sizes=\"auto, (max-width: 637px) 100vw, 637px\" \/><\/p>\n<p>La r\u00e9ponse en fr\u00e9quence s'\u00e9tend de 50 Hz \u00e0 20 kHz. Elle reste pratiquement plate de 50 Hz \u00e0 3 kHz, atteint un pic autour de 5 kHz, puis diminue progressivement.<\/p>\n<h3 class=\"pt-5 text-start\">Dimensions (UNIT : mm)<\/h3>\n<p><img loading=\"lazy\" decoding=\"async\" class=\"alignnone size-full wp-image-1796\" src=\"https:\/\/ecmicrophones.com\/wp-content\/uploads\/2024\/07\/appearance-dimension_ecm-f9745al36-856.png\" alt=\"Dimension d&#039;apparence\" width=\"491\" height=\"465\" srcset=\"https:\/\/ecmicrophones.com\/wp-content\/uploads\/2024\/07\/appearance-dimension_ecm-f9745al36-856.png 491w, https:\/\/ecmicrophones.com\/wp-content\/uploads\/2024\/07\/appearance-dimension_ecm-f9745al36-856-300x284.png 300w, https:\/\/ecmicrophones.com\/wp-content\/uploads\/2024\/07\/appearance-dimension_ecm-f9745al36-856-13x12.png 13w\" sizes=\"auto, (max-width: 491px) 100vw, 491px\" \/><\/p>\n<p>\nDiam\u00e8tre : 9,7 mm ; hauteur : 4,5 mm. La face avant est munie d'un filet anti-poussi\u00e8re, tandis que la face arri\u00e8re est scell\u00e9e sans trous. La capsule est \u00e9quip\u00e9e de broches de 4,5 mm, espac\u00e9es de 2,54 mm.\n<\/p>\n<p>\n  <strong>Remarque :<\/strong> Cette capsule microphonique ne comprend pas de FET externe ; les clients doivent fournir leur propre FET dans le circuit d'application.<\/p>","protected":false},"excerpt":{"rendered":"<p>L&#039;ECM-F9745AP36-856 est une capsule de microphone \u00e9lectret omnidirectionnelle de 9,7 \u00d7 4,5 mm avec broches et sans FET int\u00e9gr\u00e9, n\u00e9cessitant un amplificateur externe. Elle est id\u00e9ale pour les applications d&#039;amplification personnalis\u00e9es telles que les interphones, les enregistreurs vocaux, les micros-cravates, les syst\u00e8mes de conf\u00e9rence et les cam\u00e9ras de s\u00e9curit\u00e9. Son motif omnidirectionnel et son rapport signal\/bruit \u00e9lev\u00e9 offrent un son clair et coh\u00e9rent dans divers environnements.<\/p>","protected":false},"featured_media":2757,"comment_status":"open","ping_status":"closed","template":"","meta":[],"product_brand":[721],"product_cat":[20,16],"product_tag":[282,109,300,291],"class_list":{"0":"post-1795","1":"product","2":"type-product","3":"status-publish","4":"has-post-thumbnail","6":"product_brand-ecmic","7":"product_cat-omnidirectional-microphones","8":"product_cat-electret-microphones","9":"product_tag-9-7mm","10":"product_tag-intercom","11":"product_tag-without-fet","12":"product_tag-pin-type","14":"first","15":"instock","16":"shipping-taxable","17":"purchasable","18":"product-type-simple"},"_links":{"self":[{"href":"https:\/\/ecmicrophones.com\/fr\/wp-json\/wp\/v2\/product\/1795","targetHints":{"allow":["GET"]}}],"collection":[{"href":"https:\/\/ecmicrophones.com\/fr\/wp-json\/wp\/v2\/product"}],"about":[{"href":"https:\/\/ecmicrophones.com\/fr\/wp-json\/wp\/v2\/types\/product"}],"replies":[{"embeddable":true,"href":"https:\/\/ecmicrophones.com\/fr\/wp-json\/wp\/v2\/comments?post=1795"}],"wp:featuredmedia":[{"embeddable":true,"href":"https:\/\/ecmicrophones.com\/fr\/wp-json\/wp\/v2\/media\/2757"}],"wp:attachment":[{"href":"https:\/\/ecmicrophones.com\/fr\/wp-json\/wp\/v2\/media?parent=1795"}],"wp:term":[{"taxonomy":"product_brand","embeddable":true,"href":"https:\/\/ecmicrophones.com\/fr\/wp-json\/wp\/v2\/product_brand?post=1795"},{"taxonomy":"product_cat","embeddable":true,"href":"https:\/\/ecmicrophones.com\/fr\/wp-json\/wp\/v2\/product_cat?post=1795"},{"taxonomy":"product_tag","embeddable":true,"href":"https:\/\/ecmicrophones.com\/fr\/wp-json\/wp\/v2\/product_tag?post=1795"}],"curies":[{"name":"wp","href":"https:\/\/api.w.org\/{rel}","templated":true}]}}