{"id":180,"date":"2024-03-27T11:59:38","date_gmt":"2024-03-27T11:59:38","guid":{"rendered":"https:\/\/ecmicrophones.com\/?post_type=product&#038;p=180"},"modified":"2026-03-19T15:42:45","modified_gmt":"2026-03-19T07:42:45","slug":"5-8mm-omnidirectional-electret-microphone-insert-for-wireless-lavalier","status":"publish","type":"product","link":"https:\/\/ecmicrophones.com\/fr\/5-8mm-omnidirectional-electret-microphone-insert-for-wireless-lavalier\/","title":{"rendered":"Insert de microphone \u00e0 \u00e9lectret omnidirectionnel de 5,8 mm pour Lavalier sans fil"},"content":{"rendered":"<h2 class=\"text-start\">Sp\u00e9cifications techniques<\/h2>\n<p class=\"text-start\">Dot\u00e9 d&#039;un JFET Panasonic, notre noyau de microphone omnidirectionnel 5820 offre une r\u00e9duction du bruit, une r\u00e9sistance aux interf\u00e9rences et des capacit\u00e9s de sortie source.<\/p>\n<h3 class=\"pt-5 text-start\">Circuit d&#039;essai standard<\/h3>\n<p><img loading=\"lazy\" decoding=\"async\" class=\"alignnone size-full wp-image-305\" src=\"https:\/\/ecmicrophones.com\/wp-content\/uploads\/2024\/03\/standard-test-circuit_ecm-b5820al43-593.png\" alt=\"ECM-B5820AL43-593 Circuit de test standard : Charge de 6,8k\u03a9, alimentation de 4,5V, sortie de 1\u03bcF.\" width=\"532\" height=\"248\" srcset=\"https:\/\/ecmicrophones.com\/wp-content\/uploads\/2024\/03\/standard-test-circuit_ecm-b5820al43-593.png 532w, https:\/\/ecmicrophones.com\/wp-content\/uploads\/2024\/03\/standard-test-circuit_ecm-b5820al43-593-300x140.png 300w, https:\/\/ecmicrophones.com\/wp-content\/uploads\/2024\/03\/standard-test-circuit_ecm-b5820al43-593-18x8.png 18w\" sizes=\"auto, (max-width: 532px) 100vw, 532px\" \/><\/p>\n<p>Test\u00e9 avec une r\u00e9sistance de charge de 6,8k\u03a9, une alimentation en courant continu de 4,5V et un condensateur de couplage de 1\u03bcF.<\/p>\n<h3 class=\"pt-5 text-start\">R\u00e9ponse en fr\u00e9quence typique<\/h3>\n<p><img loading=\"lazy\" decoding=\"async\" class=\"alignnone size-full wp-image-303\" src=\"https:\/\/ecmicrophones.com\/wp-content\/uploads\/2024\/03\/typical-frequency-response_ecm-b5820al43-593.png\" alt=\"ECM-B5820AL43-593 Courbe de r\u00e9ponse en fr\u00e9quence\" width=\"397\" height=\"284\" srcset=\"https:\/\/ecmicrophones.com\/wp-content\/uploads\/2024\/03\/typical-frequency-response_ecm-b5820al43-593.png 397w, https:\/\/ecmicrophones.com\/wp-content\/uploads\/2024\/03\/typical-frequency-response_ecm-b5820al43-593-300x215.png 300w, https:\/\/ecmicrophones.com\/wp-content\/uploads\/2024\/03\/typical-frequency-response_ecm-b5820al43-593-18x12.png 18w\" sizes=\"auto, (max-width: 397px) 100vw, 397px\" \/><\/p>\n<p>La r\u00e9ponse en fr\u00e9quence reste pratiquement plate de 50 Hz \u00e0 environ 10 kHz, o\u00f9 elle commence \u00e0 d\u00e9cliner doucement.<\/p>\n<h3 class=\"pt-5 text-start\">Dimensions (UNIT : mm)<\/h3>\n<p><img loading=\"lazy\" decoding=\"async\" class=\"alignnone size-full wp-image-304\" src=\"https:\/\/ecmicrophones.com\/wp-content\/uploads\/2024\/03\/appearance-dimension_ecm-b5820al43-593.png\" alt=\"Dimensions de l&#039;ECM-B5820AL43-593 : \u03a65.8\u00d72mm avec entr\u00e9e acoustique arri\u00e8re\" width=\"651\" height=\"504\" srcset=\"https:\/\/ecmicrophones.com\/wp-content\/uploads\/2024\/03\/appearance-dimension_ecm-b5820al43-593.png 651w, https:\/\/ecmicrophones.com\/wp-content\/uploads\/2024\/03\/appearance-dimension_ecm-b5820al43-593-300x232.png 300w, https:\/\/ecmicrophones.com\/wp-content\/uploads\/2024\/03\/appearance-dimension_ecm-b5820al43-593-16x12.png 16w, https:\/\/ecmicrophones.com\/wp-content\/uploads\/2024\/03\/appearance-dimension_ecm-b5820al43-593-600x465.png 600w\" sizes=\"auto, (max-width: 651px) 100vw, 651px\" \/><\/p>\n<p>Conception compacte de 5,8 \u00d7 2,0 mm avec deux bornes \u00e0 souder et une zone de mise \u00e0 la terre plate pour un montage stable sur PCB - id\u00e9al pour les appareils minces et scell\u00e9s n\u00e9cessitant des performances audio constantes.<\/p>","protected":false},"excerpt":{"rendered":"<p>L&#039;ECM-B5820AL43-593 est une capsule de microphone omnidirectionnelle de 5,8 \u00d7 2 mm adapt\u00e9e aux microphones-cravates sans fil, aux microphones de diffusion en direct et aux microphones de vid\u00e9oconf\u00e9rence. Avec une sensibilit\u00e9 de -43 dB \u00b1 2 et un rapport signal\/bruit de 70 dB, il garantit une capture sonore claire dans diverses applications.<\/p>","protected":false},"featured_media":2549,"comment_status":"open","ping_status":"closed","template":"","meta":[],"product_brand":[721],"product_cat":[16,20],"product_tag":[286,235,288],"class_list":{"0":"post-180","1":"product","2":"type-product","3":"status-publish","4":"has-post-thumbnail","6":"product_brand-ecmic","7":"product_cat-electret-microphones","8":"product_cat-omnidirectional-microphones","9":"product_tag-5-8mm","10":"product_tag-conference","11":"product_tag-solder-pads","13":"first","14":"instock","15":"shipping-taxable","16":"purchasable","17":"product-type-simple"},"_links":{"self":[{"href":"https:\/\/ecmicrophones.com\/fr\/wp-json\/wp\/v2\/product\/180","targetHints":{"allow":["GET"]}}],"collection":[{"href":"https:\/\/ecmicrophones.com\/fr\/wp-json\/wp\/v2\/product"}],"about":[{"href":"https:\/\/ecmicrophones.com\/fr\/wp-json\/wp\/v2\/types\/product"}],"replies":[{"embeddable":true,"href":"https:\/\/ecmicrophones.com\/fr\/wp-json\/wp\/v2\/comments?post=180"}],"wp:featuredmedia":[{"embeddable":true,"href":"https:\/\/ecmicrophones.com\/fr\/wp-json\/wp\/v2\/media\/2549"}],"wp:attachment":[{"href":"https:\/\/ecmicrophones.com\/fr\/wp-json\/wp\/v2\/media?parent=180"}],"wp:term":[{"taxonomy":"product_brand","embeddable":true,"href":"https:\/\/ecmicrophones.com\/fr\/wp-json\/wp\/v2\/product_brand?post=180"},{"taxonomy":"product_cat","embeddable":true,"href":"https:\/\/ecmicrophones.com\/fr\/wp-json\/wp\/v2\/product_cat?post=180"},{"taxonomy":"product_tag","embeddable":true,"href":"https:\/\/ecmicrophones.com\/fr\/wp-json\/wp\/v2\/product_tag?post=180"}],"curies":[{"name":"wp","href":"https:\/\/api.w.org\/{rel}","templated":true}]}}