{"id":1819,"date":"2024-07-30T11:03:14","date_gmt":"2024-07-30T03:03:14","guid":{"rendered":"https:\/\/ecmicrophones.com\/?post_type=product&#038;p=1819"},"modified":"2026-03-19T15:14:44","modified_gmt":"2026-03-19T07:14:44","slug":"9-7mm-unidirectional-electret-mic-capsule-for-karaoke-microphone","status":"publish","type":"product","link":"https:\/\/ecmicrophones.com\/fr\/9-7mm-unidirectional-electret-mic-capsule-for-karaoke-microphone\/","title":{"rendered":"Capsule de micro \u00e9lectrique unidirectionnelle de 9,7 mm pour microphone karaok\u00e9"},"content":{"rendered":"<h2 class=\"text-start\">Sp\u00e9cifications techniques<\/h2>\n<p class=\"text-start\">Notre microphone unidirectionnel 9750, con\u00e7u pour le karaok\u00e9, dispose d&#039;une conception \u00e0 double chambre pour des performances sup\u00e9rieures.<\/p>\n<h3 class=\"pt-5 text-start\">Circuit d&#039;essai standard<\/h3>\n<p><img loading=\"lazy\" decoding=\"async\" src=\"https:\/\/ecmicrophones.com\/wp-content\/uploads\/2024\/07\/standard-test-circuit_ecm-f9750ul-50.png\" alt=\"Circuit d&#039;essai standard\" width=\"540\" height=\"247\" class=\"alignnone size-full wp-image-1821\" srcset=\"https:\/\/ecmicrophones.com\/wp-content\/uploads\/2024\/07\/standard-test-circuit_ecm-f9750ul-50.png 540w, https:\/\/ecmicrophones.com\/wp-content\/uploads\/2024\/07\/standard-test-circuit_ecm-f9750ul-50-300x137.png 300w, https:\/\/ecmicrophones.com\/wp-content\/uploads\/2024\/07\/standard-test-circuit_ecm-f9750ul-50-18x8.png 18w\" sizes=\"auto, (max-width: 540px) 100vw, 540px\" \/><\/p>\n<p>Conditions d'essai : R\u00e9sistance de charge (RL) = 680\u03a9, Tension d'alimentation (VS) = 1,5V, Condensateur de couplage (C) = 1\u03bcF.<\/p>\n<h3 class=\"pt-5 text-start\">R\u00e9ponse en fr\u00e9quence typique<\/h3>\n<p><img loading=\"lazy\" decoding=\"async\" src=\"https:\/\/ecmicrophones.com\/wp-content\/uploads\/2024\/07\/typical-frequency-response_ecm-f9750ul-50.png\" alt=\"R\u00e9ponse en fr\u00e9quence typique\" width=\"628\" height=\"245\" class=\"alignnone size-full wp-image-1822\" srcset=\"https:\/\/ecmicrophones.com\/wp-content\/uploads\/2024\/07\/typical-frequency-response_ecm-f9750ul-50.png 628w, https:\/\/ecmicrophones.com\/wp-content\/uploads\/2024\/07\/typical-frequency-response_ecm-f9750ul-50-300x117.png 300w, https:\/\/ecmicrophones.com\/wp-content\/uploads\/2024\/07\/typical-frequency-response_ecm-f9750ul-50-18x7.png 18w, https:\/\/ecmicrophones.com\/wp-content\/uploads\/2024\/07\/typical-frequency-response_ecm-f9750ul-50-600x234.png 600w\" sizes=\"auto, (max-width: 628px) 100vw, 628px\" \/><\/p>\n<p>\nR\u00e9ponse en fr\u00e9quence : 100Hz-10kHz. La courbe s'\u00e9l\u00e8ve de 100 Hz \u00e0 environ 1 kHz, puis reste relativement plate avec une l\u00e9g\u00e8re tendance \u00e0 la hausse. Une l\u00e9g\u00e8re d\u00e9croissance s'amorce vers 4 kHz.\n<\/p>\n<h3 class=\"pt-5 text-start\">Dimensions (UNIT : mm)<\/h3>\n<p><img loading=\"lazy\" decoding=\"async\" src=\"https:\/\/ecmicrophones.com\/wp-content\/uploads\/2024\/07\/appearance-dimension_ecm-f9750ul-50.png\" alt=\"Dimension d&#039;apparence\" width=\"607\" height=\"466\" class=\"alignnone size-full wp-image-1820\" srcset=\"https:\/\/ecmicrophones.com\/wp-content\/uploads\/2024\/07\/appearance-dimension_ecm-f9750ul-50.png 607w, https:\/\/ecmicrophones.com\/wp-content\/uploads\/2024\/07\/appearance-dimension_ecm-f9750ul-50-300x230.png 300w, https:\/\/ecmicrophones.com\/wp-content\/uploads\/2024\/07\/appearance-dimension_ecm-f9750ul-50-16x12.png 16w, https:\/\/ecmicrophones.com\/wp-content\/uploads\/2024\/07\/appearance-dimension_ecm-f9750ul-50-600x461.png 600w\" sizes=\"auto, (max-width: 607px) 100vw, 607px\" \/><\/p>\n<p>\nDiam\u00e8tre : 9,7 mm ; hauteur : 5,0 mm. La face avant est munie d'un filet anti-poussi\u00e8re ; la face arri\u00e8re comporte une ouverture pour la prise de son.<\/p>","protected":false},"excerpt":{"rendered":"<p>L&#039;ECM-F9750UL-50 est une capsule de microphone unidirectionnelle de 9,7 \u00d7 5 mm id\u00e9ale pour les applications de karaok\u00e9. Dot\u00e9e d&#039;une conception \u00e0 double chambre, elle a une sensibilit\u00e9 de -50 dB \u00b1 1 et un rapport signal\/bruit de 50 dB, garantissant des performances audio claires et de haute qualit\u00e9.<\/p>","protected":false},"featured_media":2748,"comment_status":"open","ping_status":"closed","template":"","meta":[],"product_brand":[721],"product_cat":[21,16],"product_tag":[282,288,116],"class_list":{"0":"post-1819","1":"product","2":"type-product","3":"status-publish","4":"has-post-thumbnail","6":"product_brand-ecmic","7":"product_cat-unidirectional-microphones","8":"product_cat-electret-microphones","9":"product_tag-9-7mm","10":"product_tag-solder-pads","11":"product_tag-vocal","13":"first","14":"instock","15":"shipping-taxable","16":"purchasable","17":"product-type-simple"},"_links":{"self":[{"href":"https:\/\/ecmicrophones.com\/fr\/wp-json\/wp\/v2\/product\/1819","targetHints":{"allow":["GET"]}}],"collection":[{"href":"https:\/\/ecmicrophones.com\/fr\/wp-json\/wp\/v2\/product"}],"about":[{"href":"https:\/\/ecmicrophones.com\/fr\/wp-json\/wp\/v2\/types\/product"}],"replies":[{"embeddable":true,"href":"https:\/\/ecmicrophones.com\/fr\/wp-json\/wp\/v2\/comments?post=1819"}],"wp:featuredmedia":[{"embeddable":true,"href":"https:\/\/ecmicrophones.com\/fr\/wp-json\/wp\/v2\/media\/2748"}],"wp:attachment":[{"href":"https:\/\/ecmicrophones.com\/fr\/wp-json\/wp\/v2\/media?parent=1819"}],"wp:term":[{"taxonomy":"product_brand","embeddable":true,"href":"https:\/\/ecmicrophones.com\/fr\/wp-json\/wp\/v2\/product_brand?post=1819"},{"taxonomy":"product_cat","embeddable":true,"href":"https:\/\/ecmicrophones.com\/fr\/wp-json\/wp\/v2\/product_cat?post=1819"},{"taxonomy":"product_tag","embeddable":true,"href":"https:\/\/ecmicrophones.com\/fr\/wp-json\/wp\/v2\/product_tag?post=1819"}],"curies":[{"name":"wp","href":"https:\/\/api.w.org\/{rel}","templated":true}]}}