{"id":1851,"date":"2024-08-07T11:03:00","date_gmt":"2024-08-07T03:03:00","guid":{"rendered":"https:\/\/ecmicrophones.com\/?post_type=product&#038;p=1851"},"modified":"2026-03-19T15:12:27","modified_gmt":"2026-03-19T07:12:27","slug":"19mm-supercardioid-dynamic-capsule-for-boom-microphone","status":"publish","type":"product","link":"https:\/\/ecmicrophones.com\/fr\/19mm-supercardioid-dynamic-capsule-for-boom-microphone\/","title":{"rendered":"Capsule dynamique supercardio\u00efde de 19 mm pour microphone sur perche"},"content":{"rendered":"<h2 class=\"text-start\">Sp\u00e9cifications techniques<\/h2>\n<p class=\"text-start\">La capsule du microphone dynamique ECM-DM1910B-1502 est con\u00e7ue pour capturer des voix de haute clart\u00e9 dans des environnements audio exigeants. Sa directivit\u00e9 supercardio\u00efde am\u00e9liore la captation frontale tout en minimisant les bruits ambiants et la r\u00e9troaction - id\u00e9al pour les bras de microphone \u00e0 perche, les casques de sport et les intercoms.<\/p>\n<p class=\"text-start\">Avec une r\u00e9ponse en fr\u00e9quence de 100 Hz \u00e0 10 kHz et une imp\u00e9dance de sortie de 600\u03a9, cette capsule est optimis\u00e9e pour l'intelligibilit\u00e9 et la pr\u00e9sence vocale. Son format compact de 19 \u00d7 9,6 mm permet de l'int\u00e9grer facilement dans des bo\u00eetiers minces sans compromettre les performances.<\/p>\n<p class=\"text-start\">Durable et aux performances constantes, l'ECM-DM1910B-1502 est bien adapt\u00e9 \u00e0 l'int\u00e9gration dans les microphones vocaux \u00e0 main, les microphones \u00e0 perche pour casque et les dispositifs de sonorisation, ce qui en fait un choix polyvalent pour les fabricants \u00e0 la recherche d'\u00e9l\u00e9ments dynamiques robustes et ax\u00e9s sur la parole.<\/p>\n<h3 class=\"pt-5 text-start\">Vue \u00e9clat\u00e9e et liste des pi\u00e8ces<\/h3>\n<p><img loading=\"lazy\" decoding=\"async\" class=\"alignnone wp-image-3886 size-full\" src=\"https:\/\/ecmicrophones.com\/wp-content\/uploads\/2024\/08\/dynamic-part_ecm-dm1910b-1502.png\" alt=\"Partie dynamique\" width=\"570\" height=\"310\" srcset=\"https:\/\/ecmicrophones.com\/wp-content\/uploads\/2024\/08\/dynamic-part_ecm-dm1910b-1502.png 570w, https:\/\/ecmicrophones.com\/wp-content\/uploads\/2024\/08\/dynamic-part_ecm-dm1910b-1502-300x163.png 300w, https:\/\/ecmicrophones.com\/wp-content\/uploads\/2024\/08\/dynamic-part_ecm-dm1910b-1502-18x10.png 18w\" sizes=\"auto, (max-width: 570px) 100vw, 570px\" \/><\/p>\n<p><strong>Liste des pi\u00e8ces :<\/strong> \u00c9ponge, couvercle, diaphragme, bobine, acier magn\u00e9tique, pot de fer, support, PCB + \u00e9tain.<\/p>\n<h3 class=\"pt-5 text-start\">Courbe de r\u00e9ponse en fr\u00e9quence<\/h3>\n<p><img loading=\"lazy\" decoding=\"async\" class=\"alignnone size-full wp-image-1870\" src=\"https:\/\/ecmicrophones.com\/wp-content\/uploads\/2024\/08\/response-curve_ecm-dm1910b-1502.png\" alt=\"Courbe de r\u00e9ponse\" width=\"516\" height=\"425\" srcset=\"https:\/\/ecmicrophones.com\/wp-content\/uploads\/2024\/08\/response-curve_ecm-dm1910b-1502.png 516w, https:\/\/ecmicrophones.com\/wp-content\/uploads\/2024\/08\/response-curve_ecm-dm1910b-1502-300x247.png 300w, https:\/\/ecmicrophones.com\/wp-content\/uploads\/2024\/08\/response-curve_ecm-dm1910b-1502-15x12.png 15w\" sizes=\"auto, (max-width: 516px) 100vw, 516px\" \/><\/p>\n<p><strong>R\u00e9ponse en fr\u00e9quence :<\/strong> 100Hz-10kHz, con\u00e7u pour mettre en valeur la clart\u00e9 de la reproduction vocale dans la gamme principale de la parole.<\/p>\n<h3 class=\"pt-5 text-start\">Dimensions (UNIT : mm)<\/h3>\n<p><img loading=\"lazy\" decoding=\"async\" class=\"alignnone size-full wp-image-1871\" src=\"https:\/\/ecmicrophones.com\/wp-content\/uploads\/2024\/08\/appearance-size_ecm-dm1910b-1502.png\" alt=\"Taille d&#039;apparence\" width=\"747\" height=\"402\" srcset=\"https:\/\/ecmicrophones.com\/wp-content\/uploads\/2024\/08\/appearance-size_ecm-dm1910b-1502.png 747w, https:\/\/ecmicrophones.com\/wp-content\/uploads\/2024\/08\/appearance-size_ecm-dm1910b-1502-300x161.png 300w, https:\/\/ecmicrophones.com\/wp-content\/uploads\/2024\/08\/appearance-size_ecm-dm1910b-1502-18x10.png 18w, https:\/\/ecmicrophones.com\/wp-content\/uploads\/2024\/08\/appearance-size_ecm-dm1910b-1502-600x323.png 600w\" sizes=\"auto, (max-width: 747px) 100vw, 747px\" \/><\/p>\n<p><strong>Dimensions:<\/strong> Diam\u00e8tre : 19 mm ; hauteur : 9,6 mm.<\/p>","protected":false},"excerpt":{"rendered":"<p>Capsule dynamique supercardio\u00efde de 19 mm optimis\u00e9e pour les microphones \u00e0 perche, les casques et les syst\u00e8mes de sonorisation. La r\u00e9ponse en fr\u00e9quence de 100 Hz \u00e0 10 kHz permet de capturer des voix claires et concentr\u00e9es, avec une forte r\u00e9jection des bruits de fond.<\/p>","protected":false},"featured_media":2417,"comment_status":"open","ping_status":"closed","template":"","meta":[],"product_brand":[721],"product_cat":[17],"product_tag":[310,116],"class_list":{"0":"post-1851","1":"product","2":"type-product","3":"status-publish","4":"has-post-thumbnail","6":"product_brand-ecmic","7":"product_cat-dynamic-microphones","8":"product_tag-19mm","9":"product_tag-vocal","11":"first","12":"instock","13":"shipping-taxable","14":"purchasable","15":"product-type-simple"},"_links":{"self":[{"href":"https:\/\/ecmicrophones.com\/fr\/wp-json\/wp\/v2\/product\/1851","targetHints":{"allow":["GET"]}}],"collection":[{"href":"https:\/\/ecmicrophones.com\/fr\/wp-json\/wp\/v2\/product"}],"about":[{"href":"https:\/\/ecmicrophones.com\/fr\/wp-json\/wp\/v2\/types\/product"}],"replies":[{"embeddable":true,"href":"https:\/\/ecmicrophones.com\/fr\/wp-json\/wp\/v2\/comments?post=1851"}],"wp:featuredmedia":[{"embeddable":true,"href":"https:\/\/ecmicrophones.com\/fr\/wp-json\/wp\/v2\/media\/2417"}],"wp:attachment":[{"href":"https:\/\/ecmicrophones.com\/fr\/wp-json\/wp\/v2\/media?parent=1851"}],"wp:term":[{"taxonomy":"product_brand","embeddable":true,"href":"https:\/\/ecmicrophones.com\/fr\/wp-json\/wp\/v2\/product_brand?post=1851"},{"taxonomy":"product_cat","embeddable":true,"href":"https:\/\/ecmicrophones.com\/fr\/wp-json\/wp\/v2\/product_cat?post=1851"},{"taxonomy":"product_tag","embeddable":true,"href":"https:\/\/ecmicrophones.com\/fr\/wp-json\/wp\/v2\/product_tag?post=1851"}],"curies":[{"name":"wp","href":"https:\/\/api.w.org\/{rel}","templated":true}]}}