{"id":187,"date":"2024-03-27T12:06:12","date_gmt":"2024-03-27T12:06:12","guid":{"rendered":"https:\/\/ecmicrophones.com\/?post_type=product&#038;p=187"},"modified":"2026-03-19T15:42:56","modified_gmt":"2026-03-19T07:42:56","slug":"security-camera-microphone-capsule-6mm","status":"publish","type":"product","link":"https:\/\/ecmicrophones.com\/fr\/security-camera-microphone-capsule-6mm\/","title":{"rendered":"Capsule de microphone de cam\u00e9ra de s\u00e9curit\u00e9 6 mm"},"content":{"rendered":"<h2 class=\"text-start\">Sp\u00e9cifications techniques<\/h2>\n<p class=\"text-start\">L'ECM-B6027AL30RC est un microphone omnidirectionnel compact de 6 mm con\u00e7u pour les cam\u00e9ras de s\u00e9curit\u00e9, offrant une capture audio de haute qualit\u00e9 dans divers environnements de surveillance. Avec une sensibilit\u00e9 de -30dB et un rapport signal\/bruit de 74dB, il assure un enregistrement audio clair et pr\u00e9cis, m\u00eame dans des conditions bruyantes. La plage de r\u00e9ponse en fr\u00e9quence de 50 Hz \u00e0 10 kHz permet de capturer avec pr\u00e9cision les sons de basse et de haute fr\u00e9quence, ce qui en fait la solution id\u00e9ale pour une surveillance compl\u00e8te.<\/p>\n<p class=\"text-start\">Fabriqu\u00e9e \u00e0 partir de mat\u00e9riaux durables en alliage d'aluminium et de magn\u00e9sium, cette capsule microphonique est con\u00e7ue pour \u00eatre fiable et durable, m\u00eame dans des environnements ext\u00e9rieurs difficiles. Fonctionnant \u00e0 2Vdc, elle est parfaite pour l'int\u00e9gration dans les syst\u00e8mes de cam\u00e9ras avec ou sans fil qui n\u00e9cessitent un microphone petit, efficace et fiable avec un minimum d'interf\u00e9rences.<\/p>\n<p class=\"text-start\">Pour une utilisation ext\u00e9rieure plus robuste, envisagez le <a href=\"https:\/\/ecmicrophones.com\/fr\/wireless-interview-microphone-capsule-6mm\/\">ECM-B6027AL30-L100DFS<\/a>qui offre des caract\u00e9ristiques d'\u00e9tanch\u00e9it\u00e9 am\u00e9lior\u00e9es pour les conditions exigeantes.<\/p>\n<h3 class=\"pt-5 text-start\">Circuit d&#039;essai standard<\/h3>\n<p><img loading=\"lazy\" decoding=\"async\" class=\"alignnone size-full wp-image-307\" src=\"https:\/\/ecmicrophones.com\/wp-content\/uploads\/2024\/03\/standard-test-circuit_ecm-b6027al30rc.png\" alt=\"Circuit de test ECM-B6027AL30RC : 2,2k\u03a9 de polarisation, 2V d&#039;alimentation, 1\u03bcF de sortie.\" width=\"608\" height=\"250\" srcset=\"https:\/\/ecmicrophones.com\/wp-content\/uploads\/2024\/03\/standard-test-circuit_ecm-b6027al30rc.png 608w, https:\/\/ecmicrophones.com\/wp-content\/uploads\/2024\/03\/standard-test-circuit_ecm-b6027al30rc-300x123.png 300w, https:\/\/ecmicrophones.com\/wp-content\/uploads\/2024\/03\/standard-test-circuit_ecm-b6027al30rc-18x7.png 18w, https:\/\/ecmicrophones.com\/wp-content\/uploads\/2024\/03\/standard-test-circuit_ecm-b6027al30rc-600x247.png 600w\" sizes=\"auto, (max-width: 608px) 100vw, 608px\" \/><\/p>\n<p>R\u00e9sistance de polarisation de 2,2k\u03a9, alimentation de 2V, capuchon de sortie de 1\u03bcF. Optimis\u00e9 pour la capture de voix claires.<\/p>\n<h3 class=\"pt-5 text-start\">R\u00e9ponse en fr\u00e9quence typique<\/h3>\n<p><img loading=\"lazy\" decoding=\"async\" class=\"alignnone size-full wp-image-308\" src=\"https:\/\/ecmicrophones.com\/wp-content\/uploads\/2024\/03\/typical-frequency-response_ecm-b6027al30rc.png\" alt=\"ECM-B6027AL30RC R\u00e9ponse en fr\u00e9quence : R\u00e9ponse plate avec une l\u00e9g\u00e8re baisse au-dessus de 10 kHz\" width=\"570\" height=\"301\" srcset=\"https:\/\/ecmicrophones.com\/wp-content\/uploads\/2024\/03\/typical-frequency-response_ecm-b6027al30rc.png 570w, https:\/\/ecmicrophones.com\/wp-content\/uploads\/2024\/03\/typical-frequency-response_ecm-b6027al30rc-300x158.png 300w, https:\/\/ecmicrophones.com\/wp-content\/uploads\/2024\/03\/typical-frequency-response_ecm-b6027al30rc-18x10.png 18w\" sizes=\"auto, (max-width: 570px) 100vw, 570px\" \/><\/p>\n<p>R\u00e9ponse plate avec une l\u00e9g\u00e8re baisse au-dessus de 10 kHz.<\/p>\n<h3 class=\"pt-5 text-start\">Dimensions (Unit\u00e9 : mm)<\/h3>\n<p><img loading=\"lazy\" decoding=\"async\" class=\"alignnone size-full wp-image-306\" src=\"https:\/\/ecmicrophones.com\/wp-content\/uploads\/2024\/03\/appearance-dimension_ecm-b6027al30rc.png\" alt=\"ECM-B6027AL30RC Dimensions : \u03a66\u00d72.7mm avec filet anti-poussi\u00e8re \u00e0 l&#039;avant (dos scell\u00e9)\" width=\"723\" height=\"638\" srcset=\"https:\/\/ecmicrophones.com\/wp-content\/uploads\/2024\/03\/appearance-dimension_ecm-b6027al30rc.png 723w, https:\/\/ecmicrophones.com\/wp-content\/uploads\/2024\/03\/appearance-dimension_ecm-b6027al30rc-300x265.png 300w, https:\/\/ecmicrophones.com\/wp-content\/uploads\/2024\/03\/appearance-dimension_ecm-b6027al30rc-14x12.png 14w, https:\/\/ecmicrophones.com\/wp-content\/uploads\/2024\/03\/appearance-dimension_ecm-b6027al30rc-600x529.png 600w\" sizes=\"auto, (max-width: 723px) 100vw, 723px\" \/><\/p>\n<p>\u03a66\u00d72.7mm avec filet anti-poussi\u00e8re \u00e0 l'avant (conception arri\u00e8re scell\u00e9e).<\/p>","protected":false},"excerpt":{"rendered":"<p>Capsule de microphone omnidirectionnel 6 mm haute performance avec une excellente sensibilit\u00e9 et une large r\u00e9ponse en fr\u00e9quence, id\u00e9ale pour les syst\u00e8mes de cam\u00e9ras de s\u00e9curit\u00e9 et les applications de surveillance. Pour une utilisation plus robuste en ext\u00e9rieur, voir le <a href=\"https:\/\/ecmicrophones.com\/fr\/wireless-interview-microphone-capsule-6mm\/\">ECM-B6027AL30-L100DFS<\/a> avec des caract\u00e9ristiques d'\u00e9tanch\u00e9it\u00e9.<\/p>","protected":false},"featured_media":2660,"comment_status":"open","ping_status":"closed","template":"","meta":[],"product_brand":[721],"product_cat":[16,20],"product_tag":[283,230,288],"class_list":{"0":"post-187","1":"product","2":"type-product","3":"status-publish","4":"has-post-thumbnail","6":"product_brand-ecmic","7":"product_cat-electret-microphones","8":"product_cat-omnidirectional-microphones","9":"product_tag-6mm","10":"product_tag-security","11":"product_tag-solder-pads","13":"first","14":"instock","15":"shipping-taxable","16":"purchasable","17":"product-type-simple"},"_links":{"self":[{"href":"https:\/\/ecmicrophones.com\/fr\/wp-json\/wp\/v2\/product\/187","targetHints":{"allow":["GET"]}}],"collection":[{"href":"https:\/\/ecmicrophones.com\/fr\/wp-json\/wp\/v2\/product"}],"about":[{"href":"https:\/\/ecmicrophones.com\/fr\/wp-json\/wp\/v2\/types\/product"}],"replies":[{"embeddable":true,"href":"https:\/\/ecmicrophones.com\/fr\/wp-json\/wp\/v2\/comments?post=187"}],"wp:featuredmedia":[{"embeddable":true,"href":"https:\/\/ecmicrophones.com\/fr\/wp-json\/wp\/v2\/media\/2660"}],"wp:attachment":[{"href":"https:\/\/ecmicrophones.com\/fr\/wp-json\/wp\/v2\/media?parent=187"}],"wp:term":[{"taxonomy":"product_brand","embeddable":true,"href":"https:\/\/ecmicrophones.com\/fr\/wp-json\/wp\/v2\/product_brand?post=187"},{"taxonomy":"product_cat","embeddable":true,"href":"https:\/\/ecmicrophones.com\/fr\/wp-json\/wp\/v2\/product_cat?post=187"},{"taxonomy":"product_tag","embeddable":true,"href":"https:\/\/ecmicrophones.com\/fr\/wp-json\/wp\/v2\/product_tag?post=187"}],"curies":[{"name":"wp","href":"https:\/\/api.w.org\/{rel}","templated":true}]}}