{"id":1890,"date":"2024-08-23T14:18:34","date_gmt":"2024-08-23T06:18:34","guid":{"rendered":"https:\/\/ecmicrophones.com\/?post_type=product&#038;p=1890"},"modified":"2026-03-19T15:12:16","modified_gmt":"2026-03-19T07:12:16","slug":"19mm-boom-dynamic-microphone-capsule","status":"publish","type":"product","link":"https:\/\/ecmicrophones.com\/fr\/19mm-boom-dynamic-microphone-capsule\/","title":{"rendered":"Capsule de microphone dynamique \u00e0 perche de 19 mm"},"content":{"rendered":"<h2 class=\"text-start\">Sp\u00e9cifications techniques<\/h2>\n<p class=\"text-start\">La capsule du microphone dynamique est con\u00e7ue pour une reproduction vocale claire et naturelle, avec une r\u00e9ponse en fr\u00e9quence adapt\u00e9e de 200 Hz \u00e0 7 kHz pour mettre l'accent sur la plage vocale critique. Son imp\u00e9dance de 250\u03a9 assure une large compatibilit\u00e9 avec une vari\u00e9t\u00e9 de syst\u00e8mes audio.<\/p>\n<p class=\"text-start\">Con\u00e7ue pour r\u00e9sister aux environnements exigeants, cette capsule robuste de 19 mm est id\u00e9ale pour \u00eatre int\u00e9gr\u00e9e dans les casques \u00e0 perche, les microphones \u00e0 col de cygne flexibles, les syst\u00e8mes d'intercom et les \u00e9quipements audio de conf\u00e9rence. Elle assure une captation fiable et pr\u00e9cise de la voix, minimisant le bruit ambiant tout en pr\u00e9servant l'intelligibilit\u00e9 de la parole.<\/p>\n<p class=\"text-start\">Con\u00e7u pour des applications professionnelles et industrielles, cet \u00e9l\u00e9ment de microphone offre des performances et une durabilit\u00e9 constantes, ce qui en fait un choix privil\u00e9gi\u00e9 pour les fabricants qui d\u00e9veloppent des solutions de communication et de sonorisation.<\/p>\n<h3 class=\"pt-5 text-start\">Vue \u00e9clat\u00e9e et liste des pi\u00e8ces<\/h3>\n<p><img loading=\"lazy\" decoding=\"async\" class=\"alignnone wp-image-3885 size-full\" src=\"https:\/\/ecmicrophones.com\/wp-content\/uploads\/2024\/08\/dynamic-part_ecm-dm1912k250.png\" alt=\"Partie dynamique\" width=\"570\" height=\"320\" srcset=\"https:\/\/ecmicrophones.com\/wp-content\/uploads\/2024\/08\/dynamic-part_ecm-dm1912k250.png 570w, https:\/\/ecmicrophones.com\/wp-content\/uploads\/2024\/08\/dynamic-part_ecm-dm1912k250-300x168.png 300w, https:\/\/ecmicrophones.com\/wp-content\/uploads\/2024\/08\/dynamic-part_ecm-dm1912k250-18x10.png 18w\" sizes=\"auto, (max-width: 570px) 100vw, 570px\" \/><\/p>\n<p><strong>Liste des pi\u00e8ces :<\/strong> \u00c9ponge, couvercle, diaphragme, bobine, acier magn\u00e9tique, pot de fer, support, PCB + \u00e9tain.<\/p>\n<h3 class=\"pt-5 text-start\">Courbe de r\u00e9ponse en fr\u00e9quence<\/h3>\n<p><img loading=\"lazy\" decoding=\"async\" class=\"alignnone size-full wp-image-1893\" src=\"https:\/\/ecmicrophones.com\/wp-content\/uploads\/2024\/08\/response-curve_ecm-dm1912k250.png\" alt=\"Courbe de r\u00e9ponse\" width=\"517\" height=\"412\" srcset=\"https:\/\/ecmicrophones.com\/wp-content\/uploads\/2024\/08\/response-curve_ecm-dm1912k250.png 517w, https:\/\/ecmicrophones.com\/wp-content\/uploads\/2024\/08\/response-curve_ecm-dm1912k250-300x239.png 300w, https:\/\/ecmicrophones.com\/wp-content\/uploads\/2024\/08\/response-curve_ecm-dm1912k250-15x12.png 15w\" sizes=\"auto, (max-width: 517px) 100vw, 517px\" \/><\/p>\n<p><strong>R\u00e9ponse en fr\u00e9quence :<\/strong> 200Hz-7kHz, optimis\u00e9 pour une reproduction vocale claire dans la gamme de fr\u00e9quences principale de la parole.<\/p>\n<h3 class=\"pt-5 text-start\">Dimensions (UNIT : mm)<\/h3>\n<p><img loading=\"lazy\" decoding=\"async\" class=\"alignnone size-full wp-image-1891\" src=\"https:\/\/ecmicrophones.com\/wp-content\/uploads\/2024\/08\/appearance-size_ecm-dm1912k250.png\" alt=\"Taille d&#039;apparence\" width=\"363\" height=\"369\" srcset=\"https:\/\/ecmicrophones.com\/wp-content\/uploads\/2024\/08\/appearance-size_ecm-dm1912k250.png 363w, https:\/\/ecmicrophones.com\/wp-content\/uploads\/2024\/08\/appearance-size_ecm-dm1912k250-295x300.png 295w, https:\/\/ecmicrophones.com\/wp-content\/uploads\/2024\/08\/appearance-size_ecm-dm1912k250-12x12.png 12w\" sizes=\"auto, (max-width: 363px) 100vw, 363px\" \/><\/p>\n<p><strong>Dimensions:<\/strong> Diam\u00e8tre : 19,2 mm ; hauteur : 12 mm.<\/p>","protected":false},"excerpt":{"rendered":"<p>Optimis\u00e9e pour les casques \u00e0 perche, les interphones et les syst\u00e8mes de conf\u00e9rence, cette robuste capsule de microphone dynamique unidirectionnel de 19 mm offre une prise de voix claire et naturelle avec une r\u00e9ponse en fr\u00e9quence adapt\u00e9e de 200 Hz \u00e0 7 kHz pour des performances fiables dans les environnements exigeants.<\/p>","protected":false},"featured_media":2427,"comment_status":"open","ping_status":"closed","template":"","meta":[],"product_brand":[721],"product_cat":[17],"product_tag":[310,116],"class_list":{"0":"post-1890","1":"product","2":"type-product","3":"status-publish","4":"has-post-thumbnail","6":"product_brand-ecmic","7":"product_cat-dynamic-microphones","8":"product_tag-19mm","9":"product_tag-vocal","11":"first","12":"instock","13":"shipping-taxable","14":"purchasable","15":"product-type-simple"},"_links":{"self":[{"href":"https:\/\/ecmicrophones.com\/fr\/wp-json\/wp\/v2\/product\/1890","targetHints":{"allow":["GET"]}}],"collection":[{"href":"https:\/\/ecmicrophones.com\/fr\/wp-json\/wp\/v2\/product"}],"about":[{"href":"https:\/\/ecmicrophones.com\/fr\/wp-json\/wp\/v2\/types\/product"}],"replies":[{"embeddable":true,"href":"https:\/\/ecmicrophones.com\/fr\/wp-json\/wp\/v2\/comments?post=1890"}],"wp:featuredmedia":[{"embeddable":true,"href":"https:\/\/ecmicrophones.com\/fr\/wp-json\/wp\/v2\/media\/2427"}],"wp:attachment":[{"href":"https:\/\/ecmicrophones.com\/fr\/wp-json\/wp\/v2\/media?parent=1890"}],"wp:term":[{"taxonomy":"product_brand","embeddable":true,"href":"https:\/\/ecmicrophones.com\/fr\/wp-json\/wp\/v2\/product_brand?post=1890"},{"taxonomy":"product_cat","embeddable":true,"href":"https:\/\/ecmicrophones.com\/fr\/wp-json\/wp\/v2\/product_cat?post=1890"},{"taxonomy":"product_tag","embeddable":true,"href":"https:\/\/ecmicrophones.com\/fr\/wp-json\/wp\/v2\/product_tag?post=1890"}],"curies":[{"name":"wp","href":"https:\/\/api.w.org\/{rel}","templated":true}]}}