{"id":1899,"date":"2024-08-28T16:09:55","date_gmt":"2024-08-28T08:09:55","guid":{"rendered":"https:\/\/ecmicrophones.com\/?post_type=product&#038;p=1899"},"modified":"2026-03-19T15:12:06","modified_gmt":"2026-03-19T07:12:06","slug":"40mm-speaker-driver-for-telephone-handsets","status":"publish","type":"product","link":"https:\/\/ecmicrophones.com\/fr\/40mm-speaker-driver-for-telephone-handsets\/","title":{"rendered":"Haut-parleur 40 mm haute performance pour casques de jeu"},"content":{"rendered":"<h2 class=\"text-start\">Sp\u00e9cifications techniques<\/h2>\n<p class=\"text-start\">Notre pilote dynamique compact offre une sortie audio puissante avec une qualit\u00e9 sonore claire et une large couverture de fr\u00e9quence, ce qui le rend id\u00e9al pour les casques de jeu, offrant une exp\u00e9rience audio dynamique avec une grande clart\u00e9 et des basses profondes pour un jeu immersif.<\/p>\n<h3 class=\"pt-5 text-start\">Courbe de r\u00e9ponse en fr\u00e9quence<\/h3>\n<p><img loading=\"lazy\" decoding=\"async\" class=\"alignnone size-full wp-image-1900\" src=\"https:\/\/ecmicrophones.com\/wp-content\/uploads\/2024\/08\/response-curve_xy40g-349.png\" alt=\"Courbe de r\u00e9ponse\" width=\"727\" height=\"318\" srcset=\"https:\/\/ecmicrophones.com\/wp-content\/uploads\/2024\/08\/response-curve_xy40g-349.png 727w, https:\/\/ecmicrophones.com\/wp-content\/uploads\/2024\/08\/response-curve_xy40g-349-300x131.png 300w, https:\/\/ecmicrophones.com\/wp-content\/uploads\/2024\/08\/response-curve_xy40g-349-18x8.png 18w, https:\/\/ecmicrophones.com\/wp-content\/uploads\/2024\/08\/response-curve_xy40g-349-600x262.png 600w\" sizes=\"auto, (max-width: 727px) 100vw, 727px\" \/><\/p>\n<p>\nLe haut-parleur est dot\u00e9 d'une conception multicouche optimis\u00e9e pour des fr\u00e9quences moyennes et basses claires et une distorsion r\u00e9duite. Id\u00e9al pour les applications n\u00e9cessitant des basses riches et une clart\u00e9 vocale, telles que les appareils audio portables.<\/p>\n<h3 class=\"pt-5 text-start\">Dimensions (UNIT : mm)<\/h3>\n<p><img loading=\"lazy\" decoding=\"async\" class=\"alignnone size-full wp-image-1901\" src=\"https:\/\/ecmicrophones.com\/wp-content\/uploads\/2024\/08\/appearance-size_xy40g-349.jpg\" alt=\"Taille d&#039;apparence\" width=\"680\" height=\"350\" srcset=\"https:\/\/ecmicrophones.com\/wp-content\/uploads\/2024\/08\/appearance-size_xy40g-349.jpg 680w, https:\/\/ecmicrophones.com\/wp-content\/uploads\/2024\/08\/appearance-size_xy40g-349-300x154.jpg 300w, https:\/\/ecmicrophones.com\/wp-content\/uploads\/2024\/08\/appearance-size_xy40g-349-18x9.jpg 18w, https:\/\/ecmicrophones.com\/wp-content\/uploads\/2024\/08\/appearance-size_xy40g-349-600x309.jpg 600w\" sizes=\"auto, (max-width: 680px) 100vw, 680px\" \/><\/p>\n<p>\nDiam\u00e8tre : 39,8 mm ; hauteur : 7,2 mm. Haut-parleur compact.<\/p>","protected":false},"excerpt":{"rendered":"<p>L'ECM-SPYX40G-349 est un haut-parleur dynamique haute performance de 40 mm con\u00e7u pour les casques de jeu. Avec des dimensions pr\u00e9cises de 39,8 \u00d7 7,2 mm, il pr\u00e9sente une imp\u00e9dance de 32\u03a9\u00b115% et d\u00e9livre un niveau de pression sonore maximal de 118,7dB\u00b13. Le haut-parleur offre une large plage de r\u00e9ponse en fr\u00e9quence de 20Hz \u00e0 20kHz, garantissant un son clair et immersif avec des basses profondes et des aigus aigus.<\/p>","protected":false},"featured_media":2620,"comment_status":"open","ping_status":"closed","template":"","meta":[],"product_brand":[721],"product_cat":[393],"product_tag":[],"class_list":{"0":"post-1899","1":"product","2":"type-product","3":"status-publish","4":"has-post-thumbnail","6":"product_brand-ecmic","7":"product_cat-speaker-drivers","9":"first","10":"instock","11":"shipping-taxable","12":"purchasable","13":"product-type-simple"},"_links":{"self":[{"href":"https:\/\/ecmicrophones.com\/fr\/wp-json\/wp\/v2\/product\/1899","targetHints":{"allow":["GET"]}}],"collection":[{"href":"https:\/\/ecmicrophones.com\/fr\/wp-json\/wp\/v2\/product"}],"about":[{"href":"https:\/\/ecmicrophones.com\/fr\/wp-json\/wp\/v2\/types\/product"}],"replies":[{"embeddable":true,"href":"https:\/\/ecmicrophones.com\/fr\/wp-json\/wp\/v2\/comments?post=1899"}],"wp:featuredmedia":[{"embeddable":true,"href":"https:\/\/ecmicrophones.com\/fr\/wp-json\/wp\/v2\/media\/2620"}],"wp:attachment":[{"href":"https:\/\/ecmicrophones.com\/fr\/wp-json\/wp\/v2\/media?parent=1899"}],"wp:term":[{"taxonomy":"product_brand","embeddable":true,"href":"https:\/\/ecmicrophones.com\/fr\/wp-json\/wp\/v2\/product_brand?post=1899"},{"taxonomy":"product_cat","embeddable":true,"href":"https:\/\/ecmicrophones.com\/fr\/wp-json\/wp\/v2\/product_cat?post=1899"},{"taxonomy":"product_tag","embeddable":true,"href":"https:\/\/ecmicrophones.com\/fr\/wp-json\/wp\/v2\/product_tag?post=1899"}],"curies":[{"name":"wp","href":"https:\/\/api.w.org\/{rel}","templated":true}]}}