{"id":201,"date":"2024-03-28T09:04:47","date_gmt":"2024-03-28T09:04:47","guid":{"rendered":"https:\/\/ecmicrophones.com\/?post_type=product&#038;p=201"},"modified":"2026-03-19T15:46:47","modified_gmt":"2026-03-19T07:46:47","slug":"vocal-recording-microphone-capsule-14mm","status":"publish","type":"product","link":"https:\/\/ecmicrophones.com\/fr\/vocal-recording-microphone-capsule-14mm\/","title":{"rendered":"Capsule de microphone d&#039;enregistrement vocal 14 mm"},"content":{"rendered":"<h2 class=\"text-start\">Sp\u00e9cifications techniques<\/h2>\n<p class=\"text-start\">Notre t\u00eate de microphone unidirectionnelle 1445, con\u00e7ue pour les applications vocales, est soumise \u00e0 des tests rigoureux, notamment un processus de vieillissement de 12 heures \u00e0 80 \u00b0C, des tests de chute d&#039;un m\u00e8tre et des essais de brouillard salin et d&#039;humidit\u00e9. Elle garantit une qualit\u00e9 constante m\u00eame dans les conditions les plus exigeantes.<\/p>\n<h3 class=\"pt-5 text-start\">Circuit d&#039;essai standard<\/h3>\n<p><img loading=\"lazy\" decoding=\"async\" class=\"alignnone size-full wp-image-311\" src=\"https:\/\/ecmicrophones.com\/wp-content\/uploads\/2024\/03\/standard-test-circuit_ecm-b1445ul44-476.png\" alt=\"Circuit d&#039;essai standard\" width=\"490\" height=\"207\" srcset=\"https:\/\/ecmicrophones.com\/wp-content\/uploads\/2024\/03\/standard-test-circuit_ecm-b1445ul44-476.png 490w, https:\/\/ecmicrophones.com\/wp-content\/uploads\/2024\/03\/standard-test-circuit_ecm-b1445ul44-476-300x127.png 300w, https:\/\/ecmicrophones.com\/wp-content\/uploads\/2024\/03\/standard-test-circuit_ecm-b1445ul44-476-18x8.png 18w\" sizes=\"auto, (max-width: 490px) 100vw, 490px\" \/><\/p>\n<p>Conditions de test : RL = 680\u03a9, VS = 1,5V, C = 1\u03bcF.<\/p>\n<h3 class=\"pt-5 text-start\">R\u00e9ponse en fr\u00e9quence typique<\/h3>\n<p><img loading=\"lazy\" decoding=\"async\" class=\"alignnone size-full wp-image-312\" src=\"https:\/\/ecmicrophones.com\/wp-content\/uploads\/2024\/03\/typical-frequency-response_ecm-b1445ul44-476.png\" alt=\"R\u00e9ponse en fr\u00e9quence typique\" width=\"528\" height=\"255\" srcset=\"https:\/\/ecmicrophones.com\/wp-content\/uploads\/2024\/03\/typical-frequency-response_ecm-b1445ul44-476.png 528w, https:\/\/ecmicrophones.com\/wp-content\/uploads\/2024\/03\/typical-frequency-response_ecm-b1445ul44-476-300x145.png 300w, https:\/\/ecmicrophones.com\/wp-content\/uploads\/2024\/03\/typical-frequency-response_ecm-b1445ul44-476-18x9.png 18w\" sizes=\"auto, (max-width: 528px) 100vw, 528px\" \/><\/p>\n<p>La r\u00e9ponse en fr\u00e9quence reste plate de 100 Hz \u00e0 3 kHz, augmente sensiblement entre 3 kHz et 5 kHz, puis diminue progressivement vers 20 kHz.<\/p>\n<h3 class=\"pt-5 text-start\">Dimensions (UNIT : mm)<\/h3>\n<p><img loading=\"lazy\" decoding=\"async\" class=\"alignnone size-full wp-image-310\" src=\"https:\/\/ecmicrophones.com\/wp-content\/uploads\/2024\/03\/appearance-dimension_ecm-b1445ul44-476.png\" alt=\"Dimension d&#039;apparence\" width=\"820\" height=\"602\" srcset=\"https:\/\/ecmicrophones.com\/wp-content\/uploads\/2024\/03\/appearance-dimension_ecm-b1445ul44-476.png 820w, https:\/\/ecmicrophones.com\/wp-content\/uploads\/2024\/03\/appearance-dimension_ecm-b1445ul44-476-300x220.png 300w, https:\/\/ecmicrophones.com\/wp-content\/uploads\/2024\/03\/appearance-dimension_ecm-b1445ul44-476-768x564.png 768w, https:\/\/ecmicrophones.com\/wp-content\/uploads\/2024\/03\/appearance-dimension_ecm-b1445ul44-476-16x12.png 16w, https:\/\/ecmicrophones.com\/wp-content\/uploads\/2024\/03\/appearance-dimension_ecm-b1445ul44-476-600x440.png 600w\" sizes=\"auto, (max-width: 820px) 100vw, 820px\" \/><\/p>\n<p>La capsule mesure 14 mm de diam\u00e8tre et 4,5 mm de hauteur. Elle est dot\u00e9e d'un filet anti-poussi\u00e8re \u00e0 l'avant et d'un port acoustique \u00e0 l'arri\u00e8re.<\/p>","protected":false},"excerpt":{"rendered":"<p>L&#039;ECM-B1445UL44-476 est une capsule de microphone unidirectionnelle de 14 \u00d7 4,5 mm con\u00e7ue pour les applications vocales. Avec une sensibilit\u00e9 de -44 dB\u00b12 et un rapport signal\/bruit de 66 dB, elle garantit une reproduction sonore claire et nette. Id\u00e9al pour capturer les voix humaines avec pr\u00e9cision et clart\u00e9.<\/p>","protected":false},"featured_media":2628,"comment_status":"open","ping_status":"closed","template":"","meta":[],"product_brand":[721],"product_cat":[16,21],"product_tag":[280,288,116],"class_list":{"0":"post-201","1":"product","2":"type-product","3":"status-publish","4":"has-post-thumbnail","6":"product_brand-ecmic","7":"product_cat-electret-microphones","8":"product_cat-unidirectional-microphones","9":"product_tag-14mm","10":"product_tag-solder-pads","11":"product_tag-vocal","13":"first","14":"instock","15":"shipping-taxable","16":"purchasable","17":"product-type-simple"},"_links":{"self":[{"href":"https:\/\/ecmicrophones.com\/fr\/wp-json\/wp\/v2\/product\/201","targetHints":{"allow":["GET"]}}],"collection":[{"href":"https:\/\/ecmicrophones.com\/fr\/wp-json\/wp\/v2\/product"}],"about":[{"href":"https:\/\/ecmicrophones.com\/fr\/wp-json\/wp\/v2\/types\/product"}],"replies":[{"embeddable":true,"href":"https:\/\/ecmicrophones.com\/fr\/wp-json\/wp\/v2\/comments?post=201"}],"wp:featuredmedia":[{"embeddable":true,"href":"https:\/\/ecmicrophones.com\/fr\/wp-json\/wp\/v2\/media\/2628"}],"wp:attachment":[{"href":"https:\/\/ecmicrophones.com\/fr\/wp-json\/wp\/v2\/media?parent=201"}],"wp:term":[{"taxonomy":"product_brand","embeddable":true,"href":"https:\/\/ecmicrophones.com\/fr\/wp-json\/wp\/v2\/product_brand?post=201"},{"taxonomy":"product_cat","embeddable":true,"href":"https:\/\/ecmicrophones.com\/fr\/wp-json\/wp\/v2\/product_cat?post=201"},{"taxonomy":"product_tag","embeddable":true,"href":"https:\/\/ecmicrophones.com\/fr\/wp-json\/wp\/v2\/product_tag?post=201"}],"curies":[{"name":"wp","href":"https:\/\/api.w.org\/{rel}","templated":true}]}}