{"id":2020,"date":"2024-10-29T12:58:51","date_gmt":"2024-10-29T04:58:51","guid":{"rendered":"https:\/\/ecmicrophones.com\/?post_type=product&#038;p=2020"},"modified":"2026-03-19T15:10:55","modified_gmt":"2026-03-19T07:10:55","slug":"8-inch-dynamic-speaker-driver","status":"publish","type":"product","link":"https:\/\/ecmicrophones.com\/fr\/8-inch-dynamic-speaker-driver\/","title":{"rendered":"Haut-parleur dynamique de 8 pouces"},"content":{"rendered":"<h2 class=\"text-start\">Sp\u00e9cifications techniques<\/h2>\n<p class=\"text-start\">Notre haut-parleur ECM-SP21094-4\u03a9100W offre un son haute fid\u00e9lit\u00e9 avec une r\u00e9ponse en fr\u00e9quence bien \u00e9quilibr\u00e9e, ce qui en fait un excellent choix pour les syst\u00e8mes audio multim\u00e9dia, les home cin\u00e9mas et les configurations audio professionnelles. Sa conception dynamique robuste de 8 pouces garantit des performances fiables, m\u00eame dans des environnements exigeants. Le SPL de 92 dB du haut-parleur et sa large plage de fr\u00e9quences de 59 Hz \u00e0 5 kHz le rendent id\u00e9al pour les applications qui n\u00e9cessitent des fr\u00e9quences moyennes et basses claires, telles que la lecture multim\u00e9dia et le renforcement sonore.<\/p>\n<h3 class=\"pt-5 text-start\">Courbe de r\u00e9ponse en fr\u00e9quence<\/h3>\n<p><img loading=\"lazy\" decoding=\"async\" class=\"alignnone size-full wp-image-2022\" src=\"https:\/\/ecmicrophones.com\/wp-content\/uploads\/2024\/10\/response-curve_sp21094.png\" alt=\"Haut-parleur de 8 pouces 100W performance en fr\u00e9quence\" width=\"1025\" height=\"623\" srcset=\"https:\/\/ecmicrophones.com\/wp-content\/uploads\/2024\/10\/response-curve_sp21094.png 1025w, https:\/\/ecmicrophones.com\/wp-content\/uploads\/2024\/10\/response-curve_sp21094-300x182.png 300w, https:\/\/ecmicrophones.com\/wp-content\/uploads\/2024\/10\/response-curve_sp21094-768x467.png 768w, https:\/\/ecmicrophones.com\/wp-content\/uploads\/2024\/10\/response-curve_sp21094-18x12.png 18w, https:\/\/ecmicrophones.com\/wp-content\/uploads\/2024\/10\/response-curve_sp21094-600x365.png 600w\" sizes=\"auto, (max-width: 1025px) 100vw, 1025px\" \/><\/p>\n<p>Haut-parleur dynamique professionnel de 8 pouces d\u00e9livrant une puissance de 100 W RMS avec une r\u00e9ponse en fr\u00e9quence optimis\u00e9e test\u00e9e en conditions an\u00e9cho\u00efques.<\/p>\n<h3 class=\"pt-5 text-start\">Imp\u00e9dance en fonction de la fr\u00e9quence<\/h3>\n<p><img loading=\"lazy\" decoding=\"async\" class=\"alignnone size-full wp-image-2038\" src=\"https:\/\/ecmicrophones.com\/wp-content\/uploads\/2024\/10\/impedance-frequency_sp21094.png\" alt=\"Caract\u00e9ristiques d&#039;imp\u00e9dance des haut-parleurs 4\u03a9\" width=\"1024\" height=\"619\" srcset=\"https:\/\/ecmicrophones.com\/wp-content\/uploads\/2024\/10\/impedance-frequency_sp21094.png 1024w, https:\/\/ecmicrophones.com\/wp-content\/uploads\/2024\/10\/impedance-frequency_sp21094-300x181.png 300w, https:\/\/ecmicrophones.com\/wp-content\/uploads\/2024\/10\/impedance-frequency_sp21094-768x464.png 768w, https:\/\/ecmicrophones.com\/wp-content\/uploads\/2024\/10\/impedance-frequency_sp21094-18x12.png 18w, https:\/\/ecmicrophones.com\/wp-content\/uploads\/2024\/10\/impedance-frequency_sp21094-600x363.png 600w\" sizes=\"auto, (max-width: 1024px) 100vw, 1024px\" \/><\/p>\n<p>Imp\u00e9dance stable de 4\u03a9 avec bobine mobile de 38,5 mm v\u00e9rifi\u00e9e par le syst\u00e8me de mesure LMS.<\/p>\n<h3 class=\"pt-5 text-start\">Dimensions (UNIT : mm)<\/h3>\n<p><img loading=\"lazy\" decoding=\"async\" class=\"alignnone size-full wp-image-2021\" src=\"https:\/\/ecmicrophones.com\/wp-content\/uploads\/2024\/10\/appearance-size_sp21094.png\" alt=\"Structure m\u00e9canique du haut-parleur de 210 mm\" width=\"959\" height=\"465\" srcset=\"https:\/\/ecmicrophones.com\/wp-content\/uploads\/2024\/10\/appearance-size_sp21094.png 959w, https:\/\/ecmicrophones.com\/wp-content\/uploads\/2024\/10\/appearance-size_sp21094-300x145.png 300w, https:\/\/ecmicrophones.com\/wp-content\/uploads\/2024\/10\/appearance-size_sp21094-768x372.png 768w, https:\/\/ecmicrophones.com\/wp-content\/uploads\/2024\/10\/appearance-size_sp21094-18x9.png 18w, https:\/\/ecmicrophones.com\/wp-content\/uploads\/2024\/10\/appearance-size_sp21094-600x291.png 600w\" sizes=\"auto, (max-width: 959px) 100vw, 959px\" \/><\/p>\n<p>Panier en acier de qualit\u00e9 industrielle de \u00d8210 mm avec une profondeur de 94 mm et des connexions par languettes \u00e0 souder.<\/p>","protected":false},"excerpt":{"rendered":"<p>Le haut-parleur ECM-SP21094-4\u03a9100W est con\u00e7u pour une reproduction audio de premier ordre. Avec des dimensions pr\u00e9cises de <strong>210 \u00d7 94 mm<\/strong> et une imp\u00e9dance de <strong>4\u03a9\u00b115%<\/strong>, il assure la compatibilit\u00e9 avec la plupart des \u00e9quipements audio. Il permet d&#039;obtenir un <strong>Niveau de pression acoustique maximal de 92 dB\u00b13<\/strong> \u00e0 <strong>1 W\/1 m<\/strong>, offrant un son fort et net m\u00eame \u00e0 des niveaux de puissance mod\u00e9r\u00e9s. Sa r\u00e9ponse en fr\u00e9quence de <strong>59 Hz \u00e0 5 kHz<\/strong> offre des voix claires et articul\u00e9es et un m\u00e9dium \u00e9quilibr\u00e9, ce qui le rend parfait pour les applications sonores multim\u00e9dias telles que l&#039;audio de films, les voix off et la lecture de musique.<\/p>","protected":false},"featured_media":2459,"comment_status":"open","ping_status":"closed","template":"","meta":[],"product_brand":[721],"product_cat":[393],"product_tag":[],"class_list":{"0":"post-2020","1":"product","2":"type-product","3":"status-publish","4":"has-post-thumbnail","6":"product_brand-ecmic","7":"product_cat-speaker-drivers","9":"first","10":"instock","11":"shipping-taxable","12":"purchasable","13":"product-type-simple"},"_links":{"self":[{"href":"https:\/\/ecmicrophones.com\/fr\/wp-json\/wp\/v2\/product\/2020","targetHints":{"allow":["GET"]}}],"collection":[{"href":"https:\/\/ecmicrophones.com\/fr\/wp-json\/wp\/v2\/product"}],"about":[{"href":"https:\/\/ecmicrophones.com\/fr\/wp-json\/wp\/v2\/types\/product"}],"replies":[{"embeddable":true,"href":"https:\/\/ecmicrophones.com\/fr\/wp-json\/wp\/v2\/comments?post=2020"}],"wp:featuredmedia":[{"embeddable":true,"href":"https:\/\/ecmicrophones.com\/fr\/wp-json\/wp\/v2\/media\/2459"}],"wp:attachment":[{"href":"https:\/\/ecmicrophones.com\/fr\/wp-json\/wp\/v2\/media?parent=2020"}],"wp:term":[{"taxonomy":"product_brand","embeddable":true,"href":"https:\/\/ecmicrophones.com\/fr\/wp-json\/wp\/v2\/product_brand?post=2020"},{"taxonomy":"product_cat","embeddable":true,"href":"https:\/\/ecmicrophones.com\/fr\/wp-json\/wp\/v2\/product_cat?post=2020"},{"taxonomy":"product_tag","embeddable":true,"href":"https:\/\/ecmicrophones.com\/fr\/wp-json\/wp\/v2\/product_tag?post=2020"}],"curies":[{"name":"wp","href":"https:\/\/api.w.org\/{rel}","templated":true}]}}