{"id":206,"date":"2024-03-28T09:09:16","date_gmt":"2024-03-28T09:09:16","guid":{"rendered":"https:\/\/ecmicrophones.com\/?post_type=product&#038;p=206"},"modified":"2026-03-19T15:46:56","modified_gmt":"2026-03-19T07:46:56","slug":"tws-earbuds-microphone-smd-4mm","status":"publish","type":"product","link":"https:\/\/ecmicrophones.com\/fr\/tws-earbuds-microphone-smd-4mm\/","title":{"rendered":"Microphone SMD 4 mm pour \u00e9couteurs TWS"},"content":{"rendered":"<h2 class=\"text-start\">Sp\u00e9cifications techniques<\/h2>\n<p class=\"text-start\">Utilisant des mat\u00e9riaux import\u00e9s respectueux de l&#039;environnement et r\u00e9sistants aux hautes temp\u00e9ratures, notre t\u00eate de microphone \u00e0 montage en surface haute sensibilit\u00e9 4013 garantit des performances fiables dans des conditions exigeantes.<\/p>\n<h3 class=\"pt-5 text-start\">Circuit d&#039;essai standard<\/h3>\n<p><img loading=\"lazy\" decoding=\"async\" class=\"alignnone wp-image-316\" src=\"https:\/\/ecmicrophones.com\/wp-content\/uploads\/2024\/03\/standard-test-circuit_ecm-b4013al-smd-29.png\" alt=\"Circuit d&#039;essai standard\" width=\"608\" height=\"298\" srcset=\"https:\/\/ecmicrophones.com\/wp-content\/uploads\/2024\/03\/standard-test-circuit_ecm-b4013al-smd-29.png 1542w, https:\/\/ecmicrophones.com\/wp-content\/uploads\/2024\/03\/standard-test-circuit_ecm-b4013al-smd-29-300x147.png 300w, https:\/\/ecmicrophones.com\/wp-content\/uploads\/2024\/03\/standard-test-circuit_ecm-b4013al-smd-29-1024x502.png 1024w, https:\/\/ecmicrophones.com\/wp-content\/uploads\/2024\/03\/standard-test-circuit_ecm-b4013al-smd-29-768x377.png 768w, https:\/\/ecmicrophones.com\/wp-content\/uploads\/2024\/03\/standard-test-circuit_ecm-b4013al-smd-29-1536x753.png 1536w, https:\/\/ecmicrophones.com\/wp-content\/uploads\/2024\/03\/standard-test-circuit_ecm-b4013al-smd-29-18x9.png 18w, https:\/\/ecmicrophones.com\/wp-content\/uploads\/2024\/03\/standard-test-circuit_ecm-b4013al-smd-29-600x294.png 600w\" sizes=\"auto, (max-width: 608px) 100vw, 608px\" \/><\/p>\n<p>Conditions de test : R\u00e9sistance de polarisation de 2,2k\u03a9, tension d'alimentation de 2V, condensateur de sortie de 1\u03bcF.<\/p>\n<h3 class=\"pt-5 text-start\">R\u00e9ponse en fr\u00e9quence typique<\/h3>\n<p><img loading=\"lazy\" decoding=\"async\" class=\"alignnone size-full wp-image-314\" src=\"https:\/\/ecmicrophones.com\/wp-content\/uploads\/2024\/03\/typical-frequency-response_ecm-b4013al-smd-29.png\" alt=\"R\u00e9ponse en fr\u00e9quence typique\" width=\"561\" height=\"191\" srcset=\"https:\/\/ecmicrophones.com\/wp-content\/uploads\/2024\/03\/typical-frequency-response_ecm-b4013al-smd-29.png 561w, https:\/\/ecmicrophones.com\/wp-content\/uploads\/2024\/03\/typical-frequency-response_ecm-b4013al-smd-29-300x102.png 300w, https:\/\/ecmicrophones.com\/wp-content\/uploads\/2024\/03\/typical-frequency-response_ecm-b4013al-smd-29-18x6.png 18w\" sizes=\"auto, (max-width: 561px) 100vw, 561px\" \/><\/p>\n<p>Gamme de fr\u00e9quences de 50 Hz \u00e0 16 kHz ; r\u00e9ponse relativement plate de 50 Hz \u00e0 3 kHz, suivie d'une d\u00e9croissance progressive de 3 kHz \u00e0 16 kHz.<\/p>\n<h3 class=\"pt-5 text-start\">Dimensions (UNIT : mm)<\/h3>\n<p><img loading=\"lazy\" decoding=\"async\" class=\"alignnone size-full wp-image-315\" src=\"https:\/\/ecmicrophones.com\/wp-content\/uploads\/2024\/03\/appearance-dimension_ecm-b4013al-smd-29.png\" alt=\"Dimension d&#039;apparence\" width=\"454\" height=\"454\" srcset=\"https:\/\/ecmicrophones.com\/wp-content\/uploads\/2024\/03\/appearance-dimension_ecm-b4013al-smd-29.png 454w, https:\/\/ecmicrophones.com\/wp-content\/uploads\/2024\/03\/appearance-dimension_ecm-b4013al-smd-29-300x300.png 300w, https:\/\/ecmicrophones.com\/wp-content\/uploads\/2024\/03\/appearance-dimension_ecm-b4013al-smd-29-150x150.png 150w, https:\/\/ecmicrophones.com\/wp-content\/uploads\/2024\/03\/appearance-dimension_ecm-b4013al-smd-29-12x12.png 12w, https:\/\/ecmicrophones.com\/wp-content\/uploads\/2024\/03\/appearance-dimension_ecm-b4013al-smd-29-100x100.png 100w\" sizes=\"auto, (max-width: 454px) 100vw, 454px\" \/><\/p>\n<p>Capsule compacte de microphone \u00e9lectret SMD mesurant 4 mm de diam\u00e8tre et 1,3 mm de hauteur.<\/p>","protected":false},"excerpt":{"rendered":"<p>Le ECM-B4013AL-SMD-29 est un microphone SMD 4 \u00d7 1,3 mm con\u00e7u sp\u00e9cifiquement pour les \u00e9couteurs TWS. Avec une directivit\u00e9 omnidirectionnelle et une sensibilit\u00e9 de -29 dB \u00b1 2, il assure une capture sonore efficace.<\/p>","protected":false},"featured_media":2435,"comment_status":"open","ping_status":"closed","template":"","meta":[],"product_brand":[721],"product_cat":[18],"product_tag":[284,229],"class_list":{"0":"post-206","1":"product","2":"type-product","3":"status-publish","4":"has-post-thumbnail","6":"product_brand-ecmic","7":"product_cat-smd-microphones","8":"product_tag-4mm","9":"product_tag-equipment","11":"first","12":"instock","13":"shipping-taxable","14":"purchasable","15":"product-type-simple"},"_links":{"self":[{"href":"https:\/\/ecmicrophones.com\/fr\/wp-json\/wp\/v2\/product\/206","targetHints":{"allow":["GET"]}}],"collection":[{"href":"https:\/\/ecmicrophones.com\/fr\/wp-json\/wp\/v2\/product"}],"about":[{"href":"https:\/\/ecmicrophones.com\/fr\/wp-json\/wp\/v2\/types\/product"}],"replies":[{"embeddable":true,"href":"https:\/\/ecmicrophones.com\/fr\/wp-json\/wp\/v2\/comments?post=206"}],"wp:featuredmedia":[{"embeddable":true,"href":"https:\/\/ecmicrophones.com\/fr\/wp-json\/wp\/v2\/media\/2435"}],"wp:attachment":[{"href":"https:\/\/ecmicrophones.com\/fr\/wp-json\/wp\/v2\/media?parent=206"}],"wp:term":[{"taxonomy":"product_brand","embeddable":true,"href":"https:\/\/ecmicrophones.com\/fr\/wp-json\/wp\/v2\/product_brand?post=206"},{"taxonomy":"product_cat","embeddable":true,"href":"https:\/\/ecmicrophones.com\/fr\/wp-json\/wp\/v2\/product_cat?post=206"},{"taxonomy":"product_tag","embeddable":true,"href":"https:\/\/ecmicrophones.com\/fr\/wp-json\/wp\/v2\/product_tag?post=206"}],"curies":[{"name":"wp","href":"https:\/\/api.w.org\/{rel}","templated":true}]}}