{"id":2081,"date":"2024-11-21T18:14:06","date_gmt":"2024-11-21T10:14:06","guid":{"rendered":"https:\/\/ecmicrophones.com\/?post_type=product&#038;p=2081"},"modified":"2026-03-19T15:10:44","modified_gmt":"2026-03-19T07:10:44","slug":"compact-silicon-microphone-for-clear-audio","status":"publish","type":"product","link":"https:\/\/ecmicrophones.com\/fr\/compact-silicon-microphone-for-clear-audio\/","title":{"rendered":"Microphone MEMS optimis\u00e9 pour les matrices, les cam\u00e9ras et les ordinateurs portables"},"content":{"rendered":"<h2 class=\"text-start\">Sp\u00e9cifications techniques<\/h2>\n<p class=\"text-start\">L'ECM-IM3729T421-N313H est un microphone MEMS analogique de haute performance con\u00e7u pour les produits \u00e9lectroniques grand public n\u00e9cessitant une capture audio claire dans des conceptions compactes. Avec une sensibilit\u00e9 de -42dBV\/Pa \u00b13dB et un SNR de 58dB, il offre des performances audio fiables sur une large plage dynamique. Son point de surcharge acoustique de 132 dB SPL garantit un enregistrement sans distorsion, m\u00eame dans les environnements \u00e0 volume \u00e9lev\u00e9. Le microphone pr\u00e9sente une excellente immunit\u00e9 RF, r\u00e9duisant les interf\u00e9rences \u00e0 proximit\u00e9 des antennes sans fil. La tension de fonctionnement est comprise entre 1,6 et 3,6 V, ce qui le rend id\u00e9al pour les appareils aliment\u00e9s par batterie. Log\u00e9 dans un bo\u00eetier compact de 3,76 mm x 2,95 mm x 1,10 mm, il fonctionne de mani\u00e8re fiable de -40\u2103 \u00e0 +100\u2103, ce qui le rend adapt\u00e9 aux r\u00e9seaux de microphones, aux cam\u00e9ras et aux ordinateurs portables.<\/p>\n<h3 class=\"text-start\">Sc\u00e9narios d&#039;application<\/h3>\n<ul class=\"list-unstyled text-start\">\n<li><i class=\"fa fa-check-circle me-2 text-primary\"><\/i>R\u00e9seaux de microphones : Convient aux r\u00e9seaux de microphones, permettant une capture audio claire dans des environnements complexes.<\/li>\n<li><i class=\"fa fa-check-circle me-2 text-primary\"><\/i>Cam\u00e9ras : Id\u00e9al pour les cam\u00e9ras de s\u00e9curit\u00e9 et les cam\u00e9ras d'action, offrant un enregistrement audio clair m\u00eame dans des conditions de bruit \u00e9lev\u00e9.<\/li>\n<li><i class=\"fa fa-check-circle me-2 text-primary\"><\/i>Ordinateurs portables : Con\u00e7u pour les ordinateurs portables, il offre une communication vocale claire et une qualit\u00e9 d'enregistrement.<\/li>\n<\/ul>\n<h3 class=\"pt-5 text-start\">Circuit d'interface recommand\u00e9<\/h3>\n<p><img loading=\"lazy\" decoding=\"async\" class=\"alignnone size-full wp-image-2082\" src=\"https:\/\/ecmicrophones.com\/wp-content\/uploads\/2024\/11\/standard-test-circuit_ecm-im3729t421-n313h.jpg\" alt=\"Circuit d&#039;essai standard\" width=\"480\" height=\"240\" srcset=\"https:\/\/ecmicrophones.com\/wp-content\/uploads\/2024\/11\/standard-test-circuit_ecm-im3729t421-n313h.jpg 480w, https:\/\/ecmicrophones.com\/wp-content\/uploads\/2024\/11\/standard-test-circuit_ecm-im3729t421-n313h-300x150.jpg 300w, https:\/\/ecmicrophones.com\/wp-content\/uploads\/2024\/11\/standard-test-circuit_ecm-im3729t421-n313h-18x9.jpg 18w\" sizes=\"auto, (max-width: 480px) 100vw, 480px\" \/><\/p>\n<h3 class=\"pt-5 text-start\">Courbe de r\u00e9ponse en fr\u00e9quence<\/h3>\n<p><img loading=\"lazy\" decoding=\"async\" class=\"alignnone size-full wp-image-2084\" src=\"https:\/\/ecmicrophones.com\/wp-content\/uploads\/2024\/11\/typical-frequency-response_ecm-im3729t421-n313h.jpg\" alt=\"R\u00e9ponse en fr\u00e9quence typique\" width=\"550\" height=\"328\" srcset=\"https:\/\/ecmicrophones.com\/wp-content\/uploads\/2024\/11\/typical-frequency-response_ecm-im3729t421-n313h.jpg 550w, https:\/\/ecmicrophones.com\/wp-content\/uploads\/2024\/11\/typical-frequency-response_ecm-im3729t421-n313h-300x179.jpg 300w, https:\/\/ecmicrophones.com\/wp-content\/uploads\/2024\/11\/typical-frequency-response_ecm-im3729t421-n313h-18x12.jpg 18w\" sizes=\"auto, (max-width: 550px) 100vw, 550px\" \/><\/p>\n<h3 class=\"pt-5 text-start\">Dimensions (UNIT : mm)<\/h3>\n<p><img loading=\"lazy\" decoding=\"async\" class=\"alignnone size-full wp-image-2083\" src=\"https:\/\/ecmicrophones.com\/wp-content\/uploads\/2024\/11\/appearance-dimension_ecm-im3729t421-n313h.jpg\" alt=\"Dimension d&#039;apparence\" width=\"610\" height=\"260\" srcset=\"https:\/\/ecmicrophones.com\/wp-content\/uploads\/2024\/11\/appearance-dimension_ecm-im3729t421-n313h.jpg 610w, https:\/\/ecmicrophones.com\/wp-content\/uploads\/2024\/11\/appearance-dimension_ecm-im3729t421-n313h-300x128.jpg 300w, https:\/\/ecmicrophones.com\/wp-content\/uploads\/2024\/11\/appearance-dimension_ecm-im3729t421-n313h-18x8.jpg 18w, https:\/\/ecmicrophones.com\/wp-content\/uploads\/2024\/11\/appearance-dimension_ecm-im3729t421-n313h-600x256.jpg 600w\" sizes=\"auto, (max-width: 610px) 100vw, 610px\" \/><\/p>","protected":false},"excerpt":{"rendered":"<p>Microphone MEMS analogique haute performance avec une sensibilit\u00e9 de -42dBV\/Pa, un SNR de 58dB et un AOP de 132dB. Excellente immunit\u00e9 RF pour les r\u00e9seaux de microphones, les cam\u00e9ras et les ordinateurs portables.<\/p>","protected":false},"featured_media":2440,"comment_status":"open","ping_status":"closed","template":"","meta":[],"product_brand":[721],"product_cat":[91,19],"product_tag":[708,710,718,699,711,709],"class_list":{"0":"post-2081","1":"product","2":"type-product","3":"status-publish","4":"has-post-thumbnail","6":"product_brand-ecmic","7":"product_cat-analog-microphones","8":"product_cat-mems-microphones","9":"product_tag-analog","10":"product_tag-high-aop","11":"product_tag-industrial-grade","12":"product_tag-mems-mics","13":"product_tag-rf-immunity","14":"product_tag-top-port","16":"first","17":"instock","18":"shipping-taxable","19":"purchasable","20":"product-type-simple"},"_links":{"self":[{"href":"https:\/\/ecmicrophones.com\/fr\/wp-json\/wp\/v2\/product\/2081","targetHints":{"allow":["GET"]}}],"collection":[{"href":"https:\/\/ecmicrophones.com\/fr\/wp-json\/wp\/v2\/product"}],"about":[{"href":"https:\/\/ecmicrophones.com\/fr\/wp-json\/wp\/v2\/types\/product"}],"replies":[{"embeddable":true,"href":"https:\/\/ecmicrophones.com\/fr\/wp-json\/wp\/v2\/comments?post=2081"}],"wp:featuredmedia":[{"embeddable":true,"href":"https:\/\/ecmicrophones.com\/fr\/wp-json\/wp\/v2\/media\/2440"}],"wp:attachment":[{"href":"https:\/\/ecmicrophones.com\/fr\/wp-json\/wp\/v2\/media?parent=2081"}],"wp:term":[{"taxonomy":"product_brand","embeddable":true,"href":"https:\/\/ecmicrophones.com\/fr\/wp-json\/wp\/v2\/product_brand?post=2081"},{"taxonomy":"product_cat","embeddable":true,"href":"https:\/\/ecmicrophones.com\/fr\/wp-json\/wp\/v2\/product_cat?post=2081"},{"taxonomy":"product_tag","embeddable":true,"href":"https:\/\/ecmicrophones.com\/fr\/wp-json\/wp\/v2\/product_tag?post=2081"}],"curies":[{"name":"wp","href":"https:\/\/api.w.org\/{rel}","templated":true}]}}