{"id":213,"date":"2024-03-28T09:15:31","date_gmt":"2024-03-28T09:15:31","guid":{"rendered":"https:\/\/ecmicrophones.com\/?post_type=product&#038;p=213"},"modified":"2026-03-19T15:47:17","modified_gmt":"2026-03-19T07:47:17","slug":"digital-mems-microphone-for-camera","status":"publish","type":"product","link":"https:\/\/ecmicrophones.com\/fr\/digital-mems-microphone-for-camera\/","title":{"rendered":"Microphone num\u00e9rique MEMS \u00e0 haute sensibilit\u00e9 - Capteur audio"},"content":{"rendered":"<h2 class=\"text-start\">Sp\u00e9cifications techniques<\/h2>\n<p class=\"text-start\">L'ECM-M4737-2660D est un microphone MEMS \u00e0 sortie num\u00e9rique PDM haute sensibilit\u00e9 et haute performance, con\u00e7u pour des applications de capture audio et de reconnaissance vocale de premier ordre. Avec une sensibilit\u00e9 de -26dBFS et un SNR de 58dB, il offre une capture audio nette sur une large plage dynamique. Son port acoustique plus large (\u03a60,84mm) am\u00e9liore encore la clart\u00e9 du son. La tension de fonctionnement va de 1,6V \u00e0 3,6V avec une consommation de courant typique de 0,86mA. Mesurant 4,72 mm x 3,76 mm x 1,25 mm, il est id\u00e9al pour l'\u00e9lectronique grand public, les syst\u00e8mes automobiles et les appareils IoT haut de gamme.<\/p>\n<h3 class=\"text-start\">Sc\u00e9narios d&#039;application<\/h3>\n<ul class=\"list-unstyled text-start\">\n<li><i class=\"fa fa-check-circle me-2 text-primary\"><\/i>Les appareils \u00e9lectroniques grand public, tels que les smartphones, les tablettes et les ordinateurs portables, pour l'enregistrement audio de haute qualit\u00e9 et la reconnaissance vocale.<\/li>\n<li><i class=\"fa fa-check-circle me-2 text-primary\"><\/i>L'\u00e9lectronique automobile, y compris les assistants vocaux embarqu\u00e9s et les syst\u00e8mes de communication mains libres, o\u00f9 la haute sensibilit\u00e9 et la r\u00e9sistance au bruit sont essentielles.<\/li>\n<li><i class=\"fa fa-check-circle me-2 text-primary\"><\/i>Les appareils IoT haut de gamme, tels que les syst\u00e8mes de surveillance intelligents et les \u00e9quipements \u00e0 interaction vocale, n\u00e9cessitant une fid\u00e9lit\u00e9 audio et des capacit\u00e9s de contr\u00f4le de premier ordre.<\/li>\n<\/ul>\n<h3 class=\"pt-5 text-start\">Circuit d'interface recommand\u00e9<\/h3>\n<p><img loading=\"lazy\" decoding=\"async\" class=\"alignnone size-full wp-image-322\" src=\"https:\/\/ecmicrophones.com\/wp-content\/uploads\/2024\/03\/standard-test-circuit_ecm-m4737-2660d.png\" alt=\"Circuit d&#039;essai standard\" width=\"588\" height=\"356\" srcset=\"https:\/\/ecmicrophones.com\/wp-content\/uploads\/2024\/03\/standard-test-circuit_ecm-m4737-2660d.png 588w, https:\/\/ecmicrophones.com\/wp-content\/uploads\/2024\/03\/standard-test-circuit_ecm-m4737-2660d-300x182.png 300w, https:\/\/ecmicrophones.com\/wp-content\/uploads\/2024\/03\/standard-test-circuit_ecm-m4737-2660d-18x12.png 18w\" sizes=\"auto, (max-width: 588px) 100vw, 588px\" \/><\/p>\n<h3 class=\"pt-5 text-start\">Courbe de r\u00e9ponse en fr\u00e9quence<\/h3>\n<p><img loading=\"lazy\" decoding=\"async\" class=\"alignnone size-full wp-image-320\" src=\"https:\/\/ecmicrophones.com\/wp-content\/uploads\/2024\/03\/typical-frequency-response_ecm-m4737-2660d.png\" alt=\"R\u00e9ponse en fr\u00e9quence typique\" width=\"777\" height=\"411\" srcset=\"https:\/\/ecmicrophones.com\/wp-content\/uploads\/2024\/03\/typical-frequency-response_ecm-m4737-2660d.png 777w, https:\/\/ecmicrophones.com\/wp-content\/uploads\/2024\/03\/typical-frequency-response_ecm-m4737-2660d-300x159.png 300w, https:\/\/ecmicrophones.com\/wp-content\/uploads\/2024\/03\/typical-frequency-response_ecm-m4737-2660d-768x406.png 768w, https:\/\/ecmicrophones.com\/wp-content\/uploads\/2024\/03\/typical-frequency-response_ecm-m4737-2660d-18x10.png 18w, https:\/\/ecmicrophones.com\/wp-content\/uploads\/2024\/03\/typical-frequency-response_ecm-m4737-2660d-600x317.png 600w\" sizes=\"auto, (max-width: 777px) 100vw, 777px\" \/><\/p>\n<h3 class=\"pt-5 text-start\">Dimensions (UNIT : mm)<\/h3>\n<p><img loading=\"lazy\" decoding=\"async\" class=\"alignnone size-full wp-image-321\" src=\"https:\/\/ecmicrophones.com\/wp-content\/uploads\/2024\/03\/appearance-dimension_ecm-m4737-2660d.png\" alt=\"Dimension d&#039;apparence\" width=\"601\" height=\"307\" srcset=\"https:\/\/ecmicrophones.com\/wp-content\/uploads\/2024\/03\/appearance-dimension_ecm-m4737-2660d.png 601w, https:\/\/ecmicrophones.com\/wp-content\/uploads\/2024\/03\/appearance-dimension_ecm-m4737-2660d-300x153.png 300w, https:\/\/ecmicrophones.com\/wp-content\/uploads\/2024\/03\/appearance-dimension_ecm-m4737-2660d-18x9.png 18w\" sizes=\"auto, (max-width: 601px) 100vw, 601px\" \/><\/p>","protected":false},"excerpt":{"rendered":"<p>Microphone MEMS \u00e0 sortie num\u00e9rique PDM haute performance avec une sensibilit\u00e9 de -26dBFS et un SNR de 58dB. Dispose d'un port acoustique plus grand (\u03a60,84mm) pour une clart\u00e9 sonore am\u00e9lior\u00e9e. Id\u00e9al pour l'\u00e9lectronique grand public, les syst\u00e8mes automobiles et les appareils IoT haut de gamme.<\/p>","protected":false},"featured_media":2451,"comment_status":"open","ping_status":"closed","template":"","meta":[],"product_brand":[721],"product_cat":[92,19],"product_tag":[705,706,699,701],"class_list":{"0":"post-213","1":"product","2":"type-product","3":"status-publish","4":"has-post-thumbnail","6":"product_brand-ecmic","7":"product_cat-digital-microphones","8":"product_cat-mems-microphones","9":"product_tag-high-sensitivity","10":"product_tag-large-aperture","11":"product_tag-mems-mics","12":"product_tag-pdm-mics","14":"first","15":"instock","16":"shipping-taxable","17":"purchasable","18":"product-type-simple"},"_links":{"self":[{"href":"https:\/\/ecmicrophones.com\/fr\/wp-json\/wp\/v2\/product\/213","targetHints":{"allow":["GET"]}}],"collection":[{"href":"https:\/\/ecmicrophones.com\/fr\/wp-json\/wp\/v2\/product"}],"about":[{"href":"https:\/\/ecmicrophones.com\/fr\/wp-json\/wp\/v2\/types\/product"}],"replies":[{"embeddable":true,"href":"https:\/\/ecmicrophones.com\/fr\/wp-json\/wp\/v2\/comments?post=213"}],"wp:featuredmedia":[{"embeddable":true,"href":"https:\/\/ecmicrophones.com\/fr\/wp-json\/wp\/v2\/media\/2451"}],"wp:attachment":[{"href":"https:\/\/ecmicrophones.com\/fr\/wp-json\/wp\/v2\/media?parent=213"}],"wp:term":[{"taxonomy":"product_brand","embeddable":true,"href":"https:\/\/ecmicrophones.com\/fr\/wp-json\/wp\/v2\/product_brand?post=213"},{"taxonomy":"product_cat","embeddable":true,"href":"https:\/\/ecmicrophones.com\/fr\/wp-json\/wp\/v2\/product_cat?post=213"},{"taxonomy":"product_tag","embeddable":true,"href":"https:\/\/ecmicrophones.com\/fr\/wp-json\/wp\/v2\/product_tag?post=213"}],"curies":[{"name":"wp","href":"https:\/\/api.w.org\/{rel}","templated":true}]}}