{"id":2299,"date":"2025-03-14T15:50:10","date_gmt":"2025-03-14T07:50:10","guid":{"rendered":"https:\/\/ecmicrophones.com\/?post_type=product&#038;p=2299"},"modified":"2026-03-19T15:06:38","modified_gmt":"2026-03-19T07:06:38","slug":"micro-dynamic-receiver-for-bluetooth-headsets-and-hearing-aids","status":"publish","type":"product","link":"https:\/\/ecmicrophones.com\/fr\/micro-dynamic-receiver-for-bluetooth-headsets-and-hearing-aids\/","title":{"rendered":"R\u00e9cepteur micro-dynamique pour les casques Bluetooth et les aides auditives"},"content":{"rendered":"<h2 class=\"text-start\">Sp\u00e9cifications techniques<\/h2>\n<p class=\"text-start\">Le RE-0633RS-001 est un r\u00e9cepteur micro-dynamique con\u00e7u avec pr\u00e9cision qui offre des performances audio exceptionnelles dans un bo\u00eetier compact et durable. Con\u00e7u pour une large gamme d'applications audio, ce r\u00e9cepteur est dot\u00e9 d'une bobine mobile en cuivre et d'un puissant aimant Nd-Fe-B, assurant une reproduction sonore de haute qualit\u00e9 avec une distorsion minimale. Le r\u00e9cepteur est log\u00e9 dans un cadre ABS robuste, ce qui lui conf\u00e8re durabilit\u00e9 et fiabilit\u00e9 dans diverses conditions environnementales.<\/p>\n<p class=\"text-start\">Les principales caract\u00e9ristiques comprennent une puissance d'entr\u00e9e nominale de 1 mW, une puissance d'entr\u00e9e maximale de 2 mW et une sensibilit\u00e9 de 86 dB SPL \u00b1 3 dB \u00e0 1 kHz (tension de sortie de 0,173 V). Le r\u00e9cepteur fonctionne efficacement sur une large plage de fr\u00e9quences de 20 Hz \u00e0 20 kHz, ce qui le rend adapt\u00e9 \u00e0 une transmission vocale claire et \u00e0 une lecture audio de haute fid\u00e9lit\u00e9. Avec une distorsion harmonique totale inf\u00e9rieure \u00e0 5% \u00e0 1 kHz, le RE-0633RS-001 assure une reproduction sonore pr\u00e9cise et sans distorsion.<\/p>\n<p class=\"text-start\">Le r\u00e9cepteur est conforme \u00e0 la directive RoHS et r\u00e9pond aux normes environnementales et de s\u00e9curit\u00e9. Il a \u00e9t\u00e9 soumis \u00e0 des tests de fiabilit\u00e9 approfondis, notamment des tests de dur\u00e9e de vie, de r\u00e9sistance thermique, d'humidit\u00e9, de cyclage thermique et d'impact de chute, ce qui garantit des performances fiables dans diverses conditions. Le RE-0633RS-001 est un excellent choix pour les applications n\u00e9cessitant un son de haute qualit\u00e9 dans un design compact et durable.<\/p>\n<h3 class=\"pt-5 text-start\">Courbe de r\u00e9ponse en fr\u00e9quence<\/h3>\n<p><img loading=\"lazy\" decoding=\"async\" class=\"alignnone size-full wp-image-2302\" src=\"https:\/\/ecmicrophones.com\/wp-content\/uploads\/2025\/03\/response-curve_ecm-re0633rs-001.png\" alt=\"ECM-RE0633RS-001 R\u00e9ponse : 20Hz-3kHz accentuation LF (+5dB@3kHz), -12dB\/oct roll-off (20Hz-20kHz)\" width=\"801\" height=\"363\" srcset=\"https:\/\/ecmicrophones.com\/wp-content\/uploads\/2025\/03\/response-curve_ecm-re0633rs-001.png 801w, https:\/\/ecmicrophones.com\/wp-content\/uploads\/2025\/03\/response-curve_ecm-re0633rs-001-300x136.png 300w, https:\/\/ecmicrophones.com\/wp-content\/uploads\/2025\/03\/response-curve_ecm-re0633rs-001-768x348.png 768w, https:\/\/ecmicrophones.com\/wp-content\/uploads\/2025\/03\/response-curve_ecm-re0633rs-001-18x8.png 18w, https:\/\/ecmicrophones.com\/wp-content\/uploads\/2025\/03\/response-curve_ecm-re0633rs-001-600x272.png 600w\" sizes=\"auto, (max-width: 801px) 100vw, 801px\" \/><\/p>\n<p>R\u00e9ponse SPL de 86 dB : Forte accentuation des basses fr\u00e9quences de 20 Hz \u00e0 3 kHz avec une pointe \u00e0 3 kHz (+5 dB), avec une att\u00e9nuation contr\u00f4l\u00e9e de -12 dB\/octave (IEC 60318-4).<\/p>\n<h3 class=\"pt-5 text-start\">Dimensions (Unit\u00e9 : mm)<\/h3>\n<p><img loading=\"lazy\" decoding=\"async\" class=\"alignnone size-full wp-image-2301\" src=\"https:\/\/ecmicrophones.com\/wp-content\/uploads\/2025\/03\/appearance-size_ecm-re0633rs-001.png\" alt=\"ECM-RE0633RS-001 Dimensions : Pr\u00e9cision \u03a66.2\u00d73.25mm (30\u03a9 micro-r\u00e9cepteur)\" width=\"856\" height=\"484\" srcset=\"https:\/\/ecmicrophones.com\/wp-content\/uploads\/2025\/03\/appearance-size_ecm-re0633rs-001.png 856w, https:\/\/ecmicrophones.com\/wp-content\/uploads\/2025\/03\/appearance-size_ecm-re0633rs-001-300x170.png 300w, https:\/\/ecmicrophones.com\/wp-content\/uploads\/2025\/03\/appearance-size_ecm-re0633rs-001-768x434.png 768w, https:\/\/ecmicrophones.com\/wp-content\/uploads\/2025\/03\/appearance-size_ecm-re0633rs-001-18x10.png 18w, https:\/\/ecmicrophones.com\/wp-content\/uploads\/2025\/03\/appearance-size_ecm-re0633rs-001-600x339.png 600w\" sizes=\"auto, (max-width: 856px) 100vw, 856px\" \/><\/p>\n<p>Bo\u00eetier de haute pr\u00e9cision \u03a66.2\u00d73.25mm (30\u03a9\u00b120%) pour les applications d'aide auditive\/TWS.<\/p>","protected":false},"excerpt":{"rendered":"<p>Le RE-0633RS-001 est un r\u00e9cepteur micro dynamique de haute performance con\u00e7u pour une sortie audio claire et fiable. Avec un design compact et une conformit\u00e9 RoHS, ce r\u00e9cepteur est id\u00e9al pour diverses applications audio. Il est dot\u00e9 d'une bobine mobile en cuivre, d'un aimant Nd-Fe-B et d'un cadre ABS durable, garantissant une excellente qualit\u00e9 sonore et des performances durables.<\/p>","protected":false},"featured_media":2452,"comment_status":"open","ping_status":"closed","template":"","meta":[],"product_brand":[721],"product_cat":[430],"product_tag":[],"class_list":{"0":"post-2299","1":"product","2":"type-product","3":"status-publish","4":"has-post-thumbnail","6":"product_brand-ecmic","7":"product_cat-dynamic-receivers","9":"first","10":"instock","11":"shipping-taxable","12":"purchasable","13":"product-type-simple"},"_links":{"self":[{"href":"https:\/\/ecmicrophones.com\/fr\/wp-json\/wp\/v2\/product\/2299","targetHints":{"allow":["GET"]}}],"collection":[{"href":"https:\/\/ecmicrophones.com\/fr\/wp-json\/wp\/v2\/product"}],"about":[{"href":"https:\/\/ecmicrophones.com\/fr\/wp-json\/wp\/v2\/types\/product"}],"replies":[{"embeddable":true,"href":"https:\/\/ecmicrophones.com\/fr\/wp-json\/wp\/v2\/comments?post=2299"}],"wp:featuredmedia":[{"embeddable":true,"href":"https:\/\/ecmicrophones.com\/fr\/wp-json\/wp\/v2\/media\/2452"}],"wp:attachment":[{"href":"https:\/\/ecmicrophones.com\/fr\/wp-json\/wp\/v2\/media?parent=2299"}],"wp:term":[{"taxonomy":"product_brand","embeddable":true,"href":"https:\/\/ecmicrophones.com\/fr\/wp-json\/wp\/v2\/product_brand?post=2299"},{"taxonomy":"product_cat","embeddable":true,"href":"https:\/\/ecmicrophones.com\/fr\/wp-json\/wp\/v2\/product_cat?post=2299"},{"taxonomy":"product_tag","embeddable":true,"href":"https:\/\/ecmicrophones.com\/fr\/wp-json\/wp\/v2\/product_tag?post=2299"}],"curies":[{"name":"wp","href":"https:\/\/api.w.org\/{rel}","templated":true}]}}