{"id":3045,"date":"2025-06-23T18:09:26","date_gmt":"2025-06-23T10:09:26","guid":{"rendered":"https:\/\/ecmicrophones.com\/?post_type=product&#038;p=3045"},"modified":"2026-03-19T15:06:27","modified_gmt":"2026-03-19T07:06:27","slug":"electret-microphone-for-voice-recorders-high-sensitivity-full-range","status":"publish","type":"product","link":"https:\/\/ecmicrophones.com\/fr\/electret-microphone-for-voice-recorders-high-sensitivity-full-range\/","title":{"rendered":"Microphone \u00e0 \u00e9lectret pour enregistreurs vocaux - Haute sensibilit\u00e9, gamme compl\u00e8te"},"content":{"rendered":"<h2 class=\"text-start\">Sp\u00e9cifications techniques<\/h2>\n<p class=\"text-start\">L'ECM-B4015AP28-1046 est une capsule de microphone omnidirectionnel \u03a64\u00d71,5 mm de qualit\u00e9 sup\u00e9rieure, con\u00e7ue pour l'enregistrement vocal haute fid\u00e9lit\u00e9. Dot\u00e9 d'une sensibilit\u00e9 exceptionnelle de -28dB\u00b12 et d'une r\u00e9ponse en fr\u00e9quence \u00e9tendue de 50Hz \u00e0 20kHz, il offre une capture audio de qualit\u00e9 sup\u00e9rieure avec une clart\u00e9 exceptionnelle sur l'ensemble du spectre vocal.<\/p>\n<p class=\"text-start\">Construite autour d'un micro RF cor\u00e9en de pr\u00e9cision, cette capsule compacte maintient des performances stables avec un rapport signal\/bruit de 58 dB, ce qui la rend id\u00e9ale pour les enregistreurs vocaux professionnels, les syst\u00e8mes de conf\u00e9rence et les applications audio haut de gamme o\u00f9 l'espace et la qualit\u00e9 sont primordiaux.<\/p>\n<h3 class=\"pt-5 text-start\">Circuit d&#039;essai standard<\/h3>\n<p><img loading=\"lazy\" decoding=\"async\" class=\"alignnone size-full wp-image-3049\" src=\"https:\/\/ecmicrophones.com\/wp-content\/uploads\/2025\/06\/standard-test-circuit_ecm-b4015ap28-1046.png\" alt=\"ECM-B4015AP28-1046 Circuit de test : 2,2k\u03a9 de polarisation, 2V DC, 1\u03bcF de sortie\" width=\"486\" height=\"211\" srcset=\"https:\/\/ecmicrophones.com\/wp-content\/uploads\/2025\/06\/standard-test-circuit_ecm-b4015ap28-1046.png 486w, https:\/\/ecmicrophones.com\/wp-content\/uploads\/2025\/06\/standard-test-circuit_ecm-b4015ap28-1046-300x130.png 300w, https:\/\/ecmicrophones.com\/wp-content\/uploads\/2025\/06\/standard-test-circuit_ecm-b4015ap28-1046-18x8.png 18w\" sizes=\"auto, (max-width: 486px) 100vw, 486px\" \/><\/p>\n<p>R\u00e9sistance de polarisation de 2,2k\u03a9, alimentation en courant continu de 2V, condensateur de sortie de 1\u03bcF. Optimis\u00e9 pour l'enregistrement de voix sur toute la gamme.<\/p>\n<h3 class=\"pt-5 text-start\">R\u00e9ponse en fr\u00e9quence typique<\/h3>\n<p><img loading=\"lazy\" decoding=\"async\" class=\"alignnone size-full wp-image-3050\" src=\"https:\/\/ecmicrophones.com\/wp-content\/uploads\/2025\/06\/typical-frequency-response_ecm-b4015ap28-1046.png\" alt=\"ECM-B4015AP28-1046 R\u00e9ponse en fr\u00e9quence : 20Hz-10kHz plate, l\u00e9g\u00e8re d\u00e9croissance au-dessus de 10kHz\" width=\"397\" height=\"284\" srcset=\"https:\/\/ecmicrophones.com\/wp-content\/uploads\/2025\/06\/typical-frequency-response_ecm-b4015ap28-1046.png 397w, https:\/\/ecmicrophones.com\/wp-content\/uploads\/2025\/06\/typical-frequency-response_ecm-b4015ap28-1046-300x215.png 300w, https:\/\/ecmicrophones.com\/wp-content\/uploads\/2025\/06\/typical-frequency-response_ecm-b4015ap28-1046-18x12.png 18w\" sizes=\"auto, (max-width: 397px) 100vw, 397px\" \/><\/p>\n<p>R\u00e9ponse plate de 50 Hz \u00e0 10 kHz avec une d\u00e9croissance naturelle au-dessus de 10 kHz.<\/p>\n<h3 class=\"pt-5 text-start\">Dimensions (Unit\u00e9 : mm)<\/h3>\n<p><img loading=\"lazy\" decoding=\"async\" class=\"alignnone size-full wp-image-3051\" src=\"https:\/\/ecmicrophones.com\/wp-content\/uploads\/2025\/06\/appearance-dimension_ecm-b4015ap28-1046.png\" alt=\"ECM-B4015AP28-1046 Dimensions : \u03a64\u00d71.5mm design ultra-compact avec filet anti-poussi\u00e8re\" width=\"467\" height=\"356\" srcset=\"https:\/\/ecmicrophones.com\/wp-content\/uploads\/2025\/06\/appearance-dimension_ecm-b4015ap28-1046.png 467w, https:\/\/ecmicrophones.com\/wp-content\/uploads\/2025\/06\/appearance-dimension_ecm-b4015ap28-1046-300x229.png 300w, https:\/\/ecmicrophones.com\/wp-content\/uploads\/2025\/06\/appearance-dimension_ecm-b4015ap28-1046-16x12.png 16w\" sizes=\"auto, (max-width: 467px) 100vw, 467px\" \/><\/p>\n<p>Capsule microphonique ultra-compacte \u03a64\u00d71,5 mm avec filet anti-poussi\u00e8re \u00e0 l'avant, dos scell\u00e9, broches de 2,8 mm espac\u00e9es de 1,4 mm.<\/p>","protected":false},"excerpt":{"rendered":"<p>Microphone \u00e9lectret omnidirectionnel compact \u00e0 haute sensibilit\u00e9 et reproduction vocale claire, id\u00e9al pour les enregistreurs vocaux, les syst\u00e8mes de conf\u00e9rence et les applications audio \u00e0 espace restreint.<\/p>","protected":false},"featured_media":3047,"comment_status":"open","ping_status":"closed","template":"","meta":[],"product_brand":[721],"product_cat":[16,20],"product_tag":[284,235,291],"class_list":{"0":"post-3045","1":"product","2":"type-product","3":"status-publish","4":"has-post-thumbnail","6":"product_brand-ecmic","7":"product_cat-electret-microphones","8":"product_cat-omnidirectional-microphones","9":"product_tag-4mm","10":"product_tag-conference","11":"product_tag-pin-type","13":"first","14":"instock","15":"shipping-taxable","16":"purchasable","17":"product-type-simple"},"_links":{"self":[{"href":"https:\/\/ecmicrophones.com\/fr\/wp-json\/wp\/v2\/product\/3045","targetHints":{"allow":["GET"]}}],"collection":[{"href":"https:\/\/ecmicrophones.com\/fr\/wp-json\/wp\/v2\/product"}],"about":[{"href":"https:\/\/ecmicrophones.com\/fr\/wp-json\/wp\/v2\/types\/product"}],"replies":[{"embeddable":true,"href":"https:\/\/ecmicrophones.com\/fr\/wp-json\/wp\/v2\/comments?post=3045"}],"wp:featuredmedia":[{"embeddable":true,"href":"https:\/\/ecmicrophones.com\/fr\/wp-json\/wp\/v2\/media\/3047"}],"wp:attachment":[{"href":"https:\/\/ecmicrophones.com\/fr\/wp-json\/wp\/v2\/media?parent=3045"}],"wp:term":[{"taxonomy":"product_brand","embeddable":true,"href":"https:\/\/ecmicrophones.com\/fr\/wp-json\/wp\/v2\/product_brand?post=3045"},{"taxonomy":"product_cat","embeddable":true,"href":"https:\/\/ecmicrophones.com\/fr\/wp-json\/wp\/v2\/product_cat?post=3045"},{"taxonomy":"product_tag","embeddable":true,"href":"https:\/\/ecmicrophones.com\/fr\/wp-json\/wp\/v2\/product_tag?post=3045"}],"curies":[{"name":"wp","href":"https:\/\/api.w.org\/{rel}","templated":true}]}}