{"id":3096,"date":"2025-07-10T14:10:22","date_gmt":"2025-07-10T06:10:22","guid":{"rendered":"https:\/\/ecmicrophones.com\/?post_type=product&#038;p=3096"},"modified":"2026-03-19T15:06:15","modified_gmt":"2026-03-19T07:06:15","slug":"14mm-150ohm-dynamic-mic-capsule-for-headset-microphones","status":"publish","type":"product","link":"https:\/\/ecmicrophones.com\/fr\/14mm-150ohm-dynamic-mic-capsule-for-headset-microphones\/","title":{"rendered":"Capsule dynamique de 14 mm 150\u03a9 pour micro-casque"},"content":{"rendered":"<h2 class=\"text-start\">Sp\u00e9cifications techniques<\/h2>\n<p class=\"text-start\">La capsule du microphone dynamique ECM-DM13860K150 est con\u00e7ue pour les appareils centr\u00e9s sur la voix utilis\u00e9s dans les environnements de communication mains libres et \u00e0 montage fixe. Avec son format compact de 13,8 \u00d7 6 mm, son imp\u00e9dance stable de 150\u03a9 et sa r\u00e9ponse en fr\u00e9quence adapt\u00e9e \u00e0 la parole (200Hz-7kHz), il garantit une prise de voix claire et intelligible avec un minimum d'interf\u00e9rences ambiantes.<\/p>\n<p class=\"text-start\">Le mod\u00e8le de prise de son unidirectionnel isole la voix de l'orateur, ce qui le rend id\u00e9al pour les casques \u00e0 perche dans les centres d'appel, l'entra\u00eenement sportif et les syst\u00e8mes d'amplification des salles de classe o\u00f9 la clart\u00e9 vocale est essentielle. Sa construction durable et ses performances audio constantes conviennent \u00e9galement aux unit\u00e9s d'intercom robustes et aux microphones \u00e0 haut-parleur pour radios bidirectionnelles fonctionnant dans des environnements exigeants.<\/p>\n<p class=\"text-start\">Qu'il s'agisse de communication professionnelle, d'utilisation p\u00e9dagogique ou de syst\u00e8mes vocaux mobiles, l'ECM-DM13860K150 offre une reproduction sonore fiable et cibl\u00e9e dans une large gamme d'applications r\u00e9elles.<\/p>\n<h3 class=\"pt-5 text-start\">Composants des capsules de microphones dynamiques<\/h3>\n<p><img loading=\"lazy\" decoding=\"async\" class=\"alignnone wp-image-3884 size-full\" src=\"https:\/\/ecmicrophones.com\/wp-content\/uploads\/2025\/07\/dynamic-part_ecm-dm13860K150.png\" alt=\"Composants des capsules de microphones dynamiques\" width=\"600\" height=\"310\" srcset=\"https:\/\/ecmicrophones.com\/wp-content\/uploads\/2025\/07\/dynamic-part_ecm-dm13860K150.png 600w, https:\/\/ecmicrophones.com\/wp-content\/uploads\/2025\/07\/dynamic-part_ecm-dm13860K150-300x155.png 300w, https:\/\/ecmicrophones.com\/wp-content\/uploads\/2025\/07\/dynamic-part_ecm-dm13860K150-18x9.png 18w\" sizes=\"auto, (max-width: 600px) 100vw, 600px\" \/><\/p>\n<p>Liste des composants : \u00c9ponge, couvercle, diaphragme, bobine, acier magn\u00e9tique, pots en fer, support, circuit imprim\u00e9 avec \u00e9tamage.<\/p>\n<h3 class=\"pt-5 text-start\">R\u00e9ponse en fr\u00e9quence typique<\/h3>\n<p><img loading=\"lazy\" decoding=\"async\" class=\"alignnone size-full wp-image-3105\" src=\"https:\/\/ecmicrophones.com\/wp-content\/uploads\/2025\/07\/response-curve_ecm-dm13860K150.png\" alt=\"R\u00e9ponse en fr\u00e9quence typique\" width=\"604\" height=\"497\" srcset=\"https:\/\/ecmicrophones.com\/wp-content\/uploads\/2025\/07\/response-curve_ecm-dm13860K150.png 604w, https:\/\/ecmicrophones.com\/wp-content\/uploads\/2025\/07\/response-curve_ecm-dm13860K150-300x247.png 300w, https:\/\/ecmicrophones.com\/wp-content\/uploads\/2025\/07\/response-curve_ecm-dm13860K150-15x12.png 15w, https:\/\/ecmicrophones.com\/wp-content\/uploads\/2025\/07\/response-curve_ecm-dm13860K150-600x494.png 600w\" sizes=\"auto, (max-width: 604px) 100vw, 604px\" \/><\/p>\n<p>La r\u00e9ponse en fr\u00e9quence s'\u00e9tend de 200 Hz \u00e0 7 kHz, avec une l\u00e9g\u00e8re mont\u00e9e qui culmine \u00e0 6 kHz avant de s'att\u00e9nuer - id\u00e9al pour des m\u00e9diums clairs et une pr\u00e9sence vocale.<\/p>\n<h3 class=\"pt-5 text-start\">Dimensions (UNIT : mm)<\/h3>\n<p><img loading=\"lazy\" decoding=\"async\" class=\"alignnone size-full wp-image-3104\" src=\"https:\/\/ecmicrophones.com\/wp-content\/uploads\/2025\/07\/appearance-size_ecm-dm13860K150.png\" alt=\"Dimensions\" width=\"509\" height=\"330\" srcset=\"https:\/\/ecmicrophones.com\/wp-content\/uploads\/2025\/07\/appearance-size_ecm-dm13860K150.png 509w, https:\/\/ecmicrophones.com\/wp-content\/uploads\/2025\/07\/appearance-size_ecm-dm13860K150-300x194.png 300w, https:\/\/ecmicrophones.com\/wp-content\/uploads\/2025\/07\/appearance-size_ecm-dm13860K150-18x12.png 18w\" sizes=\"auto, (max-width: 509px) 100vw, 509px\" \/><\/p>\n<p>La capsule mesure 13,8 mm de diam\u00e8tre et 6 mm de hauteur.<\/p>","protected":false},"excerpt":{"rendered":"<p>Capsule de microphone dynamique unidirectionnelle compacte de 14 mm con\u00e7ue pour une vari\u00e9t\u00e9 d'applications de prise de voix, y compris les casques \u00e0 perche, les microphones de haut-parleur radio bidirectionnels, les interphones et les syst\u00e8mes d'amplification de salle de classe, offrant une clart\u00e9 vocale naturelle avec une imp\u00e9dance de 150\u03a9 et une r\u00e9ponse en fr\u00e9quence cibl\u00e9e de 200 Hz \u00e0 7 kHz.<\/p>","protected":false},"featured_media":3098,"comment_status":"open","ping_status":"closed","template":"","meta":[],"product_brand":[721],"product_cat":[17],"product_tag":[311,116],"class_list":{"0":"post-3096","1":"product","2":"type-product","3":"status-publish","4":"has-post-thumbnail","6":"product_brand-ecmic","7":"product_cat-dynamic-microphones","8":"product_tag-15mm","9":"product_tag-vocal","11":"first","12":"instock","13":"shipping-taxable","14":"purchasable","15":"product-type-simple"},"_links":{"self":[{"href":"https:\/\/ecmicrophones.com\/fr\/wp-json\/wp\/v2\/product\/3096","targetHints":{"allow":["GET"]}}],"collection":[{"href":"https:\/\/ecmicrophones.com\/fr\/wp-json\/wp\/v2\/product"}],"about":[{"href":"https:\/\/ecmicrophones.com\/fr\/wp-json\/wp\/v2\/types\/product"}],"replies":[{"embeddable":true,"href":"https:\/\/ecmicrophones.com\/fr\/wp-json\/wp\/v2\/comments?post=3096"}],"wp:featuredmedia":[{"embeddable":true,"href":"https:\/\/ecmicrophones.com\/fr\/wp-json\/wp\/v2\/media\/3098"}],"wp:attachment":[{"href":"https:\/\/ecmicrophones.com\/fr\/wp-json\/wp\/v2\/media?parent=3096"}],"wp:term":[{"taxonomy":"product_brand","embeddable":true,"href":"https:\/\/ecmicrophones.com\/fr\/wp-json\/wp\/v2\/product_brand?post=3096"},{"taxonomy":"product_cat","embeddable":true,"href":"https:\/\/ecmicrophones.com\/fr\/wp-json\/wp\/v2\/product_cat?post=3096"},{"taxonomy":"product_tag","embeddable":true,"href":"https:\/\/ecmicrophones.com\/fr\/wp-json\/wp\/v2\/product_tag?post=3096"}],"curies":[{"name":"wp","href":"https:\/\/api.w.org\/{rel}","templated":true}]}}