{"id":3122,"date":"2025-07-14T16:17:46","date_gmt":"2025-07-14T08:17:46","guid":{"rendered":"https:\/\/ecmicrophones.com\/?post_type=product&#038;p=3122"},"modified":"2026-03-19T15:06:04","modified_gmt":"2026-03-19T07:06:04","slug":"20mm-dynamic-microphone-capsule-for-saxophone","status":"publish","type":"product","link":"https:\/\/ecmicrophones.com\/fr\/20mm-dynamic-microphone-capsule-for-saxophone\/","title":{"rendered":"Capsule microphonique dynamique de 20 mm pour saxophone"},"content":{"rendered":"<h2 class=\"text-start\">Sp\u00e9cifications techniques<\/h2>\n<p class=\"text-start\">La capsule du microphone dynamique DM2025-2K600 est sp\u00e9cialement con\u00e7ue pour les instruments \u00e0 vent, en particulier les saxophones, avec une construction durable et des performances acoustiques cibl\u00e9es. Son cadre cylindrique de 20,4 mm abrite un syst\u00e8me robuste de bobine et de diaphragme qui produit des graves chauds et des m\u00e9diums bien d\u00e9finis, ce qui le rend id\u00e9al pour la sonorisation en direct.<\/p>\n<p class=\"text-start\">Avec une r\u00e9ponse en fr\u00e9quence allant de 100 Hz \u00e0 15 kHz et une imp\u00e9dance de sortie stable de 600\u03a9, cette capsule s'int\u00e8gre parfaitement aux microphones d'instrument \u00e0 pince con\u00e7us pour les saxophones, avec une compatibilit\u00e9 suppl\u00e9mentaire pour les applications de microphones \u00e0 main dans des contextes polyvalents en direct et en studio. Elle assure une captation claire et pr\u00e9cise des voix et des instruments tout en conservant une excellente r\u00e9sistance au larsen.<\/p>\n<p class=\"text-start\">Con\u00e7u pour r\u00e9sister aux environnements exigeants, le DM2025-2K600 est un excellent choix pour les fabricants \u00e0 la recherche d'\u00e9l\u00e9ments de microphones dynamiques robustes, con\u00e7us pour les applications de performance et de communication.<\/p>\n<h3 class=\"pt-5 text-start\">Vue \u00e9clat\u00e9e et liste des pi\u00e8ces<\/h3>\n<p><img loading=\"lazy\" decoding=\"async\" class=\"alignnone wp-image-3882 size-full\" src=\"https:\/\/ecmicrophones.com\/wp-content\/uploads\/2025\/07\/dynamic-part_ecm-dm2025-2k600.png\" alt=\"Vue \u00e9clat\u00e9e\" width=\"580\" height=\"320\" srcset=\"https:\/\/ecmicrophones.com\/wp-content\/uploads\/2025\/07\/dynamic-part_ecm-dm2025-2k600.png 580w, https:\/\/ecmicrophones.com\/wp-content\/uploads\/2025\/07\/dynamic-part_ecm-dm2025-2k600-300x166.png 300w, https:\/\/ecmicrophones.com\/wp-content\/uploads\/2025\/07\/dynamic-part_ecm-dm2025-2k600-18x10.png 18w\" sizes=\"auto, (max-width: 580px) 100vw, 580px\" \/><\/p>\n<p>La structure comprend : \u00c9ponge, couvercle, diaphragme, bobine, acier magn\u00e9tique, pots en fer, support, circuit imprim\u00e9 avec \u00e9tamage.<\/p>\n<h3 class=\"pt-5 text-start\">R\u00e9ponse en fr\u00e9quence typique<\/h3>\n<p><img loading=\"lazy\" decoding=\"async\" class=\"alignnone size-full wp-image-3124\" src=\"https:\/\/ecmicrophones.com\/wp-content\/uploads\/2025\/07\/response-curve_ecm-dm2025-2k600.png\" alt=\"R\u00e9ponse en fr\u00e9quence\" width=\"597\" height=\"493\" srcset=\"https:\/\/ecmicrophones.com\/wp-content\/uploads\/2025\/07\/response-curve_ecm-dm2025-2k600.png 597w, https:\/\/ecmicrophones.com\/wp-content\/uploads\/2025\/07\/response-curve_ecm-dm2025-2k600-300x248.png 300w, https:\/\/ecmicrophones.com\/wp-content\/uploads\/2025\/07\/response-curve_ecm-dm2025-2k600-15x12.png 15w\" sizes=\"auto, (max-width: 597px) 100vw, 597px\" \/><\/p>\n<p>La r\u00e9ponse en fr\u00e9quence s'\u00e9tend de 100 Hz \u00e0 15 kHz, offrant des graves solides, des m\u00e9diums articul\u00e9s et une d\u00e9croissance douce des aigus, bien adapt\u00e9e \u00e0 la prise de son d'instruments \u00e0 vent.<\/p>\n<h3 class=\"pt-5 text-start\">Dimensions (UNIT : mm)<\/h3>\n<p><img loading=\"lazy\" decoding=\"async\" class=\"alignnone size-full wp-image-3125\" src=\"https:\/\/ecmicrophones.com\/wp-content\/uploads\/2025\/07\/appearance-size_ecm-dm2025-2k600.png\" alt=\"Dimensions\" width=\"406\" height=\"380\" srcset=\"https:\/\/ecmicrophones.com\/wp-content\/uploads\/2025\/07\/appearance-size_ecm-dm2025-2k600.png 406w, https:\/\/ecmicrophones.com\/wp-content\/uploads\/2025\/07\/appearance-size_ecm-dm2025-2k600-300x281.png 300w, https:\/\/ecmicrophones.com\/wp-content\/uploads\/2025\/07\/appearance-size_ecm-dm2025-2k600-13x12.png 13w\" sizes=\"auto, (max-width: 406px) 100vw, 406px\" \/><\/p>\n<p>\u03a620.4 \u00d7 24.9mm conception cylindrique.<\/p>","protected":false},"excerpt":{"rendered":"<p>Capsule de microphone dynamique con\u00e7ue pour la prise de son des saxophones, avec une r\u00e9ponse directionnelle, une imp\u00e9dance de 600\u03a9 et une gamme de fr\u00e9quences adapt\u00e9e pour offrir un son riche et naturel en concert.<\/p>","protected":false},"featured_media":3127,"comment_status":"open","ping_status":"closed","template":"","meta":[],"product_brand":[721],"product_cat":[17],"product_tag":[314,111],"class_list":{"0":"post-3122","1":"product","2":"type-product","3":"status-publish","4":"has-post-thumbnail","6":"product_brand-ecmic","7":"product_cat-dynamic-microphones","8":"product_tag-20mm","9":"product_tag-instrument","11":"first","12":"instock","13":"shipping-taxable","14":"purchasable","15":"product-type-simple"},"_links":{"self":[{"href":"https:\/\/ecmicrophones.com\/fr\/wp-json\/wp\/v2\/product\/3122","targetHints":{"allow":["GET"]}}],"collection":[{"href":"https:\/\/ecmicrophones.com\/fr\/wp-json\/wp\/v2\/product"}],"about":[{"href":"https:\/\/ecmicrophones.com\/fr\/wp-json\/wp\/v2\/types\/product"}],"replies":[{"embeddable":true,"href":"https:\/\/ecmicrophones.com\/fr\/wp-json\/wp\/v2\/comments?post=3122"}],"wp:featuredmedia":[{"embeddable":true,"href":"https:\/\/ecmicrophones.com\/fr\/wp-json\/wp\/v2\/media\/3127"}],"wp:attachment":[{"href":"https:\/\/ecmicrophones.com\/fr\/wp-json\/wp\/v2\/media?parent=3122"}],"wp:term":[{"taxonomy":"product_brand","embeddable":true,"href":"https:\/\/ecmicrophones.com\/fr\/wp-json\/wp\/v2\/product_brand?post=3122"},{"taxonomy":"product_cat","embeddable":true,"href":"https:\/\/ecmicrophones.com\/fr\/wp-json\/wp\/v2\/product_cat?post=3122"},{"taxonomy":"product_tag","embeddable":true,"href":"https:\/\/ecmicrophones.com\/fr\/wp-json\/wp\/v2\/product_tag?post=3122"}],"curies":[{"name":"wp","href":"https:\/\/api.w.org\/{rel}","templated":true}]}}