{"id":324,"date":"2024-04-16T05:39:48","date_gmt":"2024-04-16T05:39:48","guid":{"rendered":"https:\/\/ecmicrophones.com\/?post_type=product&#038;p=324"},"modified":"2026-03-19T15:47:27","modified_gmt":"2026-03-19T07:47:27","slug":"instrument-microphone-capsule-electret-6mm","status":"publish","type":"product","link":"https:\/\/ecmicrophones.com\/fr\/instrument-microphone-capsule-electret-6mm\/","title":{"rendered":"Capsule de microphone pour instrument \u00e0 \u00e9lectret de 6 mm avec broches"},"content":{"rendered":"<h2 class=\"text-start\">Sp\u00e9cifications techniques<\/h2>\n<p class=\"text-start\">Notre t\u00eate de microphone enfichable unidirectionnelle 6027 est dot\u00e9e de deux condensateurs pour une protection efficace contre les signaux d&#039;interf\u00e9rence RF. Il utilise un RF JFET cor\u00e9en pour des performances et une durabilit\u00e9 am\u00e9lior\u00e9es, garantissant une qualit\u00e9 stable et fiable.<\/p>\n<h3 class=\"pt-5 text-start\">Circuit d&#039;essai standard<\/h3>\n<p><img loading=\"lazy\" decoding=\"async\" class=\"alignnone size-full wp-image-327\" src=\"https:\/\/ecmicrophones.com\/wp-content\/uploads\/2024\/04\/standard-test-circuit_ecm-b6027up-47.png\" alt=\"Circuit d&#039;essai standard\" width=\"515\" height=\"220\" srcset=\"https:\/\/ecmicrophones.com\/wp-content\/uploads\/2024\/04\/standard-test-circuit_ecm-b6027up-47.png 515w, https:\/\/ecmicrophones.com\/wp-content\/uploads\/2024\/04\/standard-test-circuit_ecm-b6027up-47-300x128.png 300w, https:\/\/ecmicrophones.com\/wp-content\/uploads\/2024\/04\/standard-test-circuit_ecm-b6027up-47-18x8.png 18w\" sizes=\"auto, (max-width: 515px) 100vw, 515px\" \/><\/p>\n<p>Configuration standard avec une r\u00e9sistance de charge de 2,2k\u03a9, une alimentation en courant continu de 2V et un condensateur de couplage de 1\u03bcF.<\/p>\n<h3 class=\"pt-5 text-start\">R\u00e9ponse en fr\u00e9quence typique<\/h3>\n<p><img loading=\"lazy\" decoding=\"async\" class=\"alignnone size-full wp-image-325\" src=\"https:\/\/ecmicrophones.com\/wp-content\/uploads\/2024\/04\/typical-frequency-response_ecm-b6027up-47.png\" alt=\"R\u00e9ponse en fr\u00e9quence typique\" width=\"614\" height=\"302\" srcset=\"https:\/\/ecmicrophones.com\/wp-content\/uploads\/2024\/04\/typical-frequency-response_ecm-b6027up-47.png 614w, https:\/\/ecmicrophones.com\/wp-content\/uploads\/2024\/04\/typical-frequency-response_ecm-b6027up-47-300x148.png 300w, https:\/\/ecmicrophones.com\/wp-content\/uploads\/2024\/04\/typical-frequency-response_ecm-b6027up-47-18x9.png 18w, https:\/\/ecmicrophones.com\/wp-content\/uploads\/2024\/04\/typical-frequency-response_ecm-b6027up-47-600x295.png 600w\" sizes=\"auto, (max-width: 614px) 100vw, 614px\" \/><\/p>\n<p>R\u00e9ponse en basse fr\u00e9quence ascendante jusqu'\u00e0 ~800Hz, suivie d'un milieu de gamme plat et d'une augmentation r\u00e9guli\u00e8re du gain de 5kHz \u00e0 10kHz pour une clart\u00e9 accrue dans les aigus.<\/p>\n<h3 class=\"pt-5 text-start\">Dimensions (UNIT : mm)<\/h3>\n<p><img loading=\"lazy\" decoding=\"async\" class=\"alignnone size-full wp-image-326\" src=\"https:\/\/ecmicrophones.com\/wp-content\/uploads\/2024\/04\/appearance-dimension_ecm-b6027up-47.png\" alt=\"Dimension d&#039;apparence\" width=\"316\" height=\"431\" srcset=\"https:\/\/ecmicrophones.com\/wp-content\/uploads\/2024\/04\/appearance-dimension_ecm-b6027up-47.png 316w, https:\/\/ecmicrophones.com\/wp-content\/uploads\/2024\/04\/appearance-dimension_ecm-b6027up-47-220x300.png 220w, https:\/\/ecmicrophones.com\/wp-content\/uploads\/2024\/04\/appearance-dimension_ecm-b6027up-47-9x12.png 9w\" sizes=\"auto, (max-width: 316px) 100vw, 316px\" \/><\/p>\n<p>Conception compacte de 6,0 \u00d7 2,7 mm avec un filet anti-poussi\u00e8re \u00e0 l'avant et un port acoustique \u00e0 l'arri\u00e8re pour une meilleure prise de son. \u00c9quip\u00e9 de broches de 2,8 mm, avec un espacement de 1,9 mm.<\/p>","protected":false},"excerpt":{"rendered":"<p>L&#039;ECM-B6027UP-47 est une capsule de micro \u00e0 \u00e9lectret unidirectionnel de 6 x 2,7 mm avec 2 broches, une sensibilit\u00e9 de -47 dB \u00b1 2 et un SNR de 52 dB. Id\u00e9al pour les applications de guitare et autres instruments.<\/p>","protected":false},"featured_media":2570,"comment_status":"open","ping_status":"closed","template":"","meta":[],"product_brand":[721],"product_cat":[16,21],"product_tag":[283,111,291],"class_list":{"0":"post-324","1":"product","2":"type-product","3":"status-publish","4":"has-post-thumbnail","6":"product_brand-ecmic","7":"product_cat-electret-microphones","8":"product_cat-unidirectional-microphones","9":"product_tag-6mm","10":"product_tag-instrument","11":"product_tag-pin-type","13":"first","14":"instock","15":"shipping-taxable","16":"purchasable","17":"product-type-simple"},"_links":{"self":[{"href":"https:\/\/ecmicrophones.com\/fr\/wp-json\/wp\/v2\/product\/324","targetHints":{"allow":["GET"]}}],"collection":[{"href":"https:\/\/ecmicrophones.com\/fr\/wp-json\/wp\/v2\/product"}],"about":[{"href":"https:\/\/ecmicrophones.com\/fr\/wp-json\/wp\/v2\/types\/product"}],"replies":[{"embeddable":true,"href":"https:\/\/ecmicrophones.com\/fr\/wp-json\/wp\/v2\/comments?post=324"}],"wp:featuredmedia":[{"embeddable":true,"href":"https:\/\/ecmicrophones.com\/fr\/wp-json\/wp\/v2\/media\/2570"}],"wp:attachment":[{"href":"https:\/\/ecmicrophones.com\/fr\/wp-json\/wp\/v2\/media?parent=324"}],"wp:term":[{"taxonomy":"product_brand","embeddable":true,"href":"https:\/\/ecmicrophones.com\/fr\/wp-json\/wp\/v2\/product_brand?post=324"},{"taxonomy":"product_cat","embeddable":true,"href":"https:\/\/ecmicrophones.com\/fr\/wp-json\/wp\/v2\/product_cat?post=324"},{"taxonomy":"product_tag","embeddable":true,"href":"https:\/\/ecmicrophones.com\/fr\/wp-json\/wp\/v2\/product_tag?post=324"}],"curies":[{"name":"wp","href":"https:\/\/api.w.org\/{rel}","templated":true}]}}