{"id":328,"date":"2024-04-15T09:13:49","date_gmt":"2024-04-15T09:13:49","guid":{"rendered":"https:\/\/ecmicrophones.com\/?post_type=product&#038;p=328"},"modified":"2026-03-19T15:47:38","modified_gmt":"2026-03-19T07:47:38","slug":"waterproof-lavalier-microphone-capsule-9-7mm","status":"publish","type":"product","link":"https:\/\/ecmicrophones.com\/fr\/waterproof-lavalier-microphone-capsule-9-7mm\/","title":{"rendered":"Capsule de microphone cravate \u00e9tanche 9,7 mm"},"content":{"rendered":"<h2 class=\"text-start\">Sp\u00e9cifications techniques<\/h2>\n<p class=\"text-start\">Notre t\u00eate de microphone \u00e9tanche 9745, class\u00e9e IP67, pr\u00e9sente une sensibilit\u00e9 \u00e9lev\u00e9e, ce qui la rend id\u00e9ale pour les micros-cravates. Produit sur mesure avec un RF JFET cor\u00e9en et un maillage imperm\u00e9able am\u00e9ricain de haute qualit\u00e9, il garantit des performances stables et fiables.<\/p>\n<h3 class=\"pt-5 text-start\">Circuit d&#039;essai standard<\/h3>\n<p> <img loading=\"lazy\" decoding=\"async\" class=\"alignnone size-full wp-image-333\" src=\"https:\/\/ecmicrophones.com\/wp-content\/uploads\/2024\/04\/standard-test-circuit_ecm-f9745al36-ip67.jpg\" alt=\"Circuit d&#039;essai standard\" width=\"723\" height=\"283\" srcset=\"https:\/\/ecmicrophones.com\/wp-content\/uploads\/2024\/04\/standard-test-circuit_ecm-f9745al36-ip67.jpg 723w, https:\/\/ecmicrophones.com\/wp-content\/uploads\/2024\/04\/standard-test-circuit_ecm-f9745al36-ip67-300x117.jpg 300w, https:\/\/ecmicrophones.com\/wp-content\/uploads\/2024\/04\/standard-test-circuit_ecm-f9745al36-ip67-18x7.jpg 18w, https:\/\/ecmicrophones.com\/wp-content\/uploads\/2024\/04\/standard-test-circuit_ecm-f9745al36-ip67-600x235.jpg 600w\" sizes=\"auto, (max-width: 723px) 100vw, 723px\" \/> <\/p>\n<p>Circuit de test avec RL=2.2K\u03a9, VS=2V, et C=1\u03bcF.<\/p>\n<h3 class=\"pt-5 text-start\">R\u00e9ponse en fr\u00e9quence typique<\/h3>\n<p> <img loading=\"lazy\" decoding=\"async\" class=\"alignnone size-full wp-image-331\" src=\"https:\/\/ecmicrophones.com\/wp-content\/uploads\/2024\/04\/typical-frequency-response_ecm-f9745al36-ip67.jpg\" alt=\"R\u00e9ponse en fr\u00e9quence typique\" width=\"718\" height=\"509\" srcset=\"https:\/\/ecmicrophones.com\/wp-content\/uploads\/2024\/04\/typical-frequency-response_ecm-f9745al36-ip67.jpg 718w, https:\/\/ecmicrophones.com\/wp-content\/uploads\/2024\/04\/typical-frequency-response_ecm-f9745al36-ip67-300x213.jpg 300w, https:\/\/ecmicrophones.com\/wp-content\/uploads\/2024\/04\/typical-frequency-response_ecm-f9745al36-ip67-18x12.jpg 18w, https:\/\/ecmicrophones.com\/wp-content\/uploads\/2024\/04\/typical-frequency-response_ecm-f9745al36-ip67-600x425.jpg 600w\" sizes=\"auto, (max-width: 718px) 100vw, 718px\" \/> <\/p>\n<p>La r\u00e9ponse en fr\u00e9quence diminue de 50 Hz \u00e0 3 kHz, puis augmente entre 3 kHz et 5 kHz avant de diminuer progressivement jusqu'\u00e0 20 kHz.<\/p>\n<h3 class=\"pt-5 text-start\">Dimensions (UNIT : mm)<\/h3>\n<p> <img loading=\"lazy\" decoding=\"async\" class=\"alignnone size-full wp-image-332\" src=\"https:\/\/ecmicrophones.com\/wp-content\/uploads\/2024\/04\/appearance-dimension_ecm-f9745al36-ip67.jpg\" alt=\"Dimension d&#039;apparence\" width=\"432\" height=\"488\" srcset=\"https:\/\/ecmicrophones.com\/wp-content\/uploads\/2024\/04\/appearance-dimension_ecm-f9745al36-ip67.jpg 432w, https:\/\/ecmicrophones.com\/wp-content\/uploads\/2024\/04\/appearance-dimension_ecm-f9745al36-ip67-266x300.jpg 266w, https:\/\/ecmicrophones.com\/wp-content\/uploads\/2024\/04\/appearance-dimension_ecm-f9745al36-ip67-11x12.jpg 11w\" sizes=\"auto, (max-width: 432px) 100vw, 432px\" \/> <\/p>\n<p>Diam\u00e8tre 9,7 mm, hauteur 4,5 mm, avec une membrane \u00e9tanche \u00e0 l'avant et aucune ouverture \u00e0 l'arri\u00e8re.<\/p>","protected":false},"excerpt":{"rendered":"<p>L&#039;ECM-F9745AL36-IP67 est une capsule de microphone omnidirectionnelle de 9,7 \u00d7 4,5 mm con\u00e7ue pour r\u00e9pondre aux exigences \u00e9lev\u00e9es d&#039;\u00e9tanch\u00e9it\u00e9 des produits de micros. Il pr\u00e9sente une sensibilit\u00e9 de -36 dB \u00b1 2 et un rapport signal\/bruit de 65 dB, garantissant des performances fiables dans les environnements exigeants.<\/p>","protected":false},"featured_media":2790,"comment_status":"open","ping_status":"closed","template":"","meta":[],"product_brand":[721],"product_cat":[20,16],"product_tag":[282,235,288],"class_list":{"0":"post-328","1":"product","2":"type-product","3":"status-publish","4":"has-post-thumbnail","6":"product_brand-ecmic","7":"product_cat-omnidirectional-microphones","8":"product_cat-electret-microphones","9":"product_tag-9-7mm","10":"product_tag-conference","11":"product_tag-solder-pads","13":"first","14":"instock","15":"shipping-taxable","16":"purchasable","17":"product-type-simple"},"_links":{"self":[{"href":"https:\/\/ecmicrophones.com\/fr\/wp-json\/wp\/v2\/product\/328","targetHints":{"allow":["GET"]}}],"collection":[{"href":"https:\/\/ecmicrophones.com\/fr\/wp-json\/wp\/v2\/product"}],"about":[{"href":"https:\/\/ecmicrophones.com\/fr\/wp-json\/wp\/v2\/types\/product"}],"replies":[{"embeddable":true,"href":"https:\/\/ecmicrophones.com\/fr\/wp-json\/wp\/v2\/comments?post=328"}],"wp:featuredmedia":[{"embeddable":true,"href":"https:\/\/ecmicrophones.com\/fr\/wp-json\/wp\/v2\/media\/2790"}],"wp:attachment":[{"href":"https:\/\/ecmicrophones.com\/fr\/wp-json\/wp\/v2\/media?parent=328"}],"wp:term":[{"taxonomy":"product_brand","embeddable":true,"href":"https:\/\/ecmicrophones.com\/fr\/wp-json\/wp\/v2\/product_brand?post=328"},{"taxonomy":"product_cat","embeddable":true,"href":"https:\/\/ecmicrophones.com\/fr\/wp-json\/wp\/v2\/product_cat?post=328"},{"taxonomy":"product_tag","embeddable":true,"href":"https:\/\/ecmicrophones.com\/fr\/wp-json\/wp\/v2\/product_tag?post=328"}],"curies":[{"name":"wp","href":"https:\/\/api.w.org\/{rel}","templated":true}]}}