{"id":336,"date":"2024-04-15T07:38:24","date_gmt":"2024-04-15T07:38:24","guid":{"rendered":"https:\/\/ecmicrophones.com\/?post_type=product&#038;p=336"},"modified":"2026-04-10T13:52:00","modified_gmt":"2026-04-10T05:52:00","slug":"dynamic-headset-microphones-element-20mm","status":"publish","type":"product","link":"https:\/\/ecmicrophones.com\/fr\/dynamic-headset-microphones-element-20mm\/","title":{"rendered":"Microphones-casques dynamiques, \u00e9l\u00e9ment 20mm"},"content":{"rendered":"<h2 class=\"text-start\">Sp\u00e9cifications techniques<\/h2>\n<p class=\"text-start\">L'ECM-DM2025K600 est une capsule de microphone dynamique de 20 mm con\u00e7ue pour les applications de transmission de la voix telles que les casques de communication, les syst\u00e8mes de sonorisation et les microphones \u00e0 main. Avec une r\u00e9ponse en fr\u00e9quence de 100 Hz \u00e0 13 kHz et une configuration de prise de son unidirectionnelle, il capture clairement les tonalit\u00e9s vocales tout en minimisant les bruits ambiants.<\/p>\n<p class=\"text-start\">Son imp\u00e9dance de 600\u03a9 assure une large compatibilit\u00e9 avec une vari\u00e9t\u00e9 de circuits d'amplification et d'interfaces audio, tandis que le facteur de forme compact de 20 mm permet l'int\u00e9gration dans des casques, des interphones et d'autres dispositifs vocaux \u00e0 profil mince. Dot\u00e9e d'une structure interne durable, cette capsule offre des performances fiables et exemptes de distorsion dans les environnements o\u00f9 la parole est omnipr\u00e9sente.<\/p>\n<h3 class=\"pt-5 text-start\">Vue \u00e9clat\u00e9e et liste des pi\u00e8ces<\/h3>\n<p><img loading=\"lazy\" decoding=\"async\" class=\"alignnone wp-image-3895 size-full\" src=\"https:\/\/ecmicrophones.com\/wp-content\/uploads\/2024\/04\/dynamic-part_ecm-dm2025k-600.png\" alt=\"ECM-DM2025K Vue \u00e9clat\u00e9e : Assemblage du haut-parleur \u00e0 8 composants\" width=\"580\" height=\"320\" srcset=\"https:\/\/ecmicrophones.com\/wp-content\/uploads\/2024\/04\/dynamic-part_ecm-dm2025k-600.png 580w, https:\/\/ecmicrophones.com\/wp-content\/uploads\/2024\/04\/dynamic-part_ecm-dm2025k-600-300x166.png 300w, https:\/\/ecmicrophones.com\/wp-content\/uploads\/2024\/04\/dynamic-part_ecm-dm2025k-600-18x10.png 18w\" sizes=\"auto, (max-width: 580px) 100vw, 580px\" \/><\/p>\n<p>R\u00e9partition des composants : 1.\u00e9ponge 2.couvercle 3.diaphragme 4.bobine 5.acier magn\u00e9tique 6.pots en fer 7.support 8.PCB+\u00e9tain<\/p>\n<h3 class=\"pt-5 text-start\">Courbe de r\u00e9ponse en fr\u00e9quence<\/h3>\n<p><img loading=\"lazy\" decoding=\"async\" class=\"alignnone size-full wp-image-337\" src=\"https:\/\/ecmicrophones.com\/wp-content\/uploads\/2024\/04\/response-curve_ecm-dm2025k-600.png\" alt=\"ECM-DM2025K R\u00e9ponse en fr\u00e9quence : Courbe complexe avec plusieurs pics et vall\u00e9es\" width=\"540\" height=\"435\" srcset=\"https:\/\/ecmicrophones.com\/wp-content\/uploads\/2024\/04\/response-curve_ecm-dm2025k-600.png 540w, https:\/\/ecmicrophones.com\/wp-content\/uploads\/2024\/04\/response-curve_ecm-dm2025k-600-300x242.png 300w, https:\/\/ecmicrophones.com\/wp-content\/uploads\/2024\/04\/response-curve_ecm-dm2025k-600-15x12.png 15w\" sizes=\"auto, (max-width: 540px) 100vw, 540px\" \/><\/p>\n<p>La r\u00e9ponse en fr\u00e9quence s'\u00e9tend de 100 Hz \u00e0 13 kHz, avec des basses am\u00e9lior\u00e9es et une pr\u00e9sence accrue dans la gamme vocale, suivie d'une att\u00e9nuation douce des hautes fr\u00e9quences, con\u00e7ue pour une capture sonore naturelle et cibl\u00e9e.<\/p>\n<h3 class=\"pt-5 text-start\">Dimensions (UNIT : mm)<\/h3>\n<p><img loading=\"lazy\" decoding=\"async\" class=\"alignnone size-full wp-image-338\" src=\"https:\/\/ecmicrophones.com\/wp-content\/uploads\/2024\/04\/appearance-size_ecm-dm2025k-600.png\" alt=\"ECM-DM2025K Dimensions : \u03a620.4\u00d724.9mm\" width=\"406\" height=\"380\" srcset=\"https:\/\/ecmicrophones.com\/wp-content\/uploads\/2024\/04\/appearance-size_ecm-dm2025k-600.png 406w, https:\/\/ecmicrophones.com\/wp-content\/uploads\/2024\/04\/appearance-size_ecm-dm2025k-600-300x281.png 300w, https:\/\/ecmicrophones.com\/wp-content\/uploads\/2024\/04\/appearance-size_ecm-dm2025k-600-13x12.png 13w\" sizes=\"auto, (max-width: 406px) 100vw, 406px\" \/><\/p>\n<p>\u03a620.4\u00d720.9mm conception cylindrique du haut-parleur.<\/p>","protected":false},"excerpt":{"rendered":"<p>Optimis\u00e9e pour les microphones de casque, les syst\u00e8mes de sonorisation et les micros \u00e0 main KTV, cette capsule de microphone dynamique unidirectionnel de 20,4 \u00d7 24,9 mm pr\u00e9sente une r\u00e9ponse en fr\u00e9quence de 100 Hz \u00e0 13 kHz et une imp\u00e9dance de 600\u03a9, offrant une reproduction vocale naturelle et cibl\u00e9e pour les applications de communication et de divertissement.<\/p>","protected":false},"featured_media":3132,"comment_status":"open","ping_status":"closed","template":"","meta":[],"product_brand":[721],"product_cat":[17],"product_tag":[314,111],"class_list":{"0":"post-336","1":"product","2":"type-product","3":"status-publish","4":"has-post-thumbnail","6":"product_brand-ecmic","7":"product_cat-dynamic-microphones","8":"product_tag-20mm","9":"product_tag-instrument","11":"first","12":"instock","13":"shipping-taxable","14":"purchasable","15":"product-type-simple"},"_links":{"self":[{"href":"https:\/\/ecmicrophones.com\/fr\/wp-json\/wp\/v2\/product\/336","targetHints":{"allow":["GET"]}}],"collection":[{"href":"https:\/\/ecmicrophones.com\/fr\/wp-json\/wp\/v2\/product"}],"about":[{"href":"https:\/\/ecmicrophones.com\/fr\/wp-json\/wp\/v2\/types\/product"}],"replies":[{"embeddable":true,"href":"https:\/\/ecmicrophones.com\/fr\/wp-json\/wp\/v2\/comments?post=336"}],"wp:featuredmedia":[{"embeddable":true,"href":"https:\/\/ecmicrophones.com\/fr\/wp-json\/wp\/v2\/media\/3132"}],"wp:attachment":[{"href":"https:\/\/ecmicrophones.com\/fr\/wp-json\/wp\/v2\/media?parent=336"}],"wp:term":[{"taxonomy":"product_brand","embeddable":true,"href":"https:\/\/ecmicrophones.com\/fr\/wp-json\/wp\/v2\/product_brand?post=336"},{"taxonomy":"product_cat","embeddable":true,"href":"https:\/\/ecmicrophones.com\/fr\/wp-json\/wp\/v2\/product_cat?post=336"},{"taxonomy":"product_tag","embeddable":true,"href":"https:\/\/ecmicrophones.com\/fr\/wp-json\/wp\/v2\/product_tag?post=336"}],"curies":[{"name":"wp","href":"https:\/\/api.w.org\/{rel}","templated":true}]}}